{"id":3730,"date":"2025-01-08T16:10:06","date_gmt":"2025-01-08T15:10:06","guid":{"rendered":"https:\/\/kultur-schloss-theuern.de\/?post_type=product&#038;p=3730"},"modified":"2025-02-12T12:40:16","modified_gmt":"2025-02-12T11:40:16","slug":"flyer-feiern-tagen-im-kultur-schloss-theuern","status":"publish","type":"product","link":"https:\/\/kultur-schloss-theuern.de\/en\/product\/flyer-feiern-tagen-im-kultur-schloss-theuern\/","title":{"rendered":"Flyer &#8222;Feiern &#038; Tagen im Kultur-Schloss Theuern&#8220;"},"content":{"rendered":"<p>Bestellen Sie noch heute unseren <em>kostenlosen<\/em> Flyer, um stets einen \u00dcberblick \u00fcber unsere R\u00e4umlichkeiten zur Hand zu haben oder laden Sie ihn hier herunter: <a href=\"https:\/\/kultur-schloss-theuern.de\/wp-content\/uploads\/2024\/08\/Flyer_Feiern-und-Tagen.pdf\" target=\"_blank\" rel=\"noopener\">Flyer &#8222;Feiern &amp; Tagen im Kultur-Schloss Theuern&#8220;<\/a><\/p>","protected":false},"excerpt":{"rendered":"<p>Bestellen Sie noch heute unseren kostenlosen Flyer, um stets einen \u00dcberblick \u00fcber unsere R\u00e4umlichkeiten zur Hand zu haben oder laden Sie ihn hier herunter: Flyer &#8222;Feiern &amp; Tagen im Kultur-Schloss Theuern&#8220;<\/p>","protected":false},"featured_media":3731,"template":"","meta":[],"product_brand":[],"product_cat":[27],"product_tag":[],"class_list":{"0":"post-3730","1":"product","2":"type-product","3":"status-publish","4":"has-post-thumbnail","6":"product_cat-flyer","7":"product_shipping_class-kostenlos","9":"first","10":"instock","11":"purchasable","12":"product-type-simple"},"_links":{"self":[{"href":"https:\/\/kultur-schloss-theuern.de\/en\/wp-json\/wp\/v2\/product\/3730","targetHints":{"allow":["GET"]}}],"collection":[{"href":"https:\/\/kultur-schloss-theuern.de\/en\/wp-json\/wp\/v2\/product"}],"about":[{"href":"https:\/\/kultur-schloss-theuern.de\/en\/wp-json\/wp\/v2\/types\/product"}],"wp:featuredmedia":[{"embeddable":true,"href":"https:\/\/kultur-schloss-theuern.de\/en\/wp-json\/wp\/v2\/media\/3731"}],"wp:attachment":[{"href":"https:\/\/kultur-schloss-theuern.de\/en\/wp-json\/wp\/v2\/media?parent=3730"}],"wp:term":[{"taxonomy":"product_brand","embeddable":true,"href":"https:\/\/kultur-schloss-theuern.de\/en\/wp-json\/wp\/v2\/product_brand?post=3730"},{"taxonomy":"product_cat","embeddable":true,"href":"https:\/\/kultur-schloss-theuern.de\/en\/wp-json\/wp\/v2\/product_cat?post=3730"},{"taxonomy":"product_tag","embeddable":true,"href":"https:\/\/kultur-schloss-theuern.de\/en\/wp-json\/wp\/v2\/product_tag?post=3730"}],"curies":[{"name":"wp","href":"https:\/\/api.w.org\/{rel}","templated":true}]}}