{"id":3047,"date":"2024-04-12T12:09:05","date_gmt":"2024-04-12T10:09:05","guid":{"rendered":"https:\/\/kultur-schloss-theuern.de\/?post_type=product&#038;p=3047"},"modified":"2025-01-09T15:33:43","modified_gmt":"2025-01-09T14:33:43","slug":"kamele-schach-und-die-liebe-zum-glas-was-die-kreuzritter-nach-europa-brachten","status":"publish","type":"product","link":"https:\/\/kultur-schloss-theuern.de\/en\/product\/kamele-schach-und-die-liebe-zum-glas-was-die-kreuzritter-nach-europa-brachten\/","title":{"rendered":"Kamele, Schach und die Liebe zum Glas &#8211; Was die Kreuzritter nach Europa brachten"},"content":{"rendered":"<p>Der Titel der Ausstellung &#8222;Kamele, Schach und die Liebe zum Glas &#8211; Was die Kreuzritter nach Europa brachten&#8220; nimmt Bezug auf die gesellschaftlichen Entwicklungen, die durch das Aufeinandertreffen von Orient und Abendland in Gang gesetzt wurden. Die Objekte der K\u00fcnstler spiegeln in ihrer lichtdurchfluteten Materialit\u00e4t und Formgebung auch das wider, was sich hinter einer einnehmenden Fassade, einer scheinbar heilen Welt, &#8211; die auf den ersten Blick zum Schmunzeln anregen mag &#8211; verbirgt und erst durch einen Perspektivwechsel wahrgenommen werden kann. Allein das Material Glas als Werkstoff darf in der Liturgie &#8211; bis heute &#8211; keine Rolle spielen, w\u00e4hrend es in der islamischen Welt mit Gold gleichgesetzt wurde.<br \/>\nDer Bildband zeigt mit beeindruckenden Fotos die Werke der K\u00fcnstlerinnen und K\u00fcnstler und geht auch auf deren Werdeg\u00e4nge und Beweggr\u00fcnde ein.<\/p>\n<p>89 Seiten, 2024, ISBN 978-3-925690-49-5<\/p>","protected":false},"excerpt":{"rendered":"<p>Der Titel der Ausstellung &#8222;Kamele, Schach und die Liebe zum Glas &#8211; Was die Kreuzritter nach Europa brachten&#8220; nimmt Bezug auf die gesellschaftlichen Entwicklungen, die durch das Aufeinandertreffen von Orient und Abendland in Gang gesetzt wurden. Die Objekte der K\u00fcnstler spiegeln in ihrer lichtdurchfluteten Materialit\u00e4t&#8230;<\/p>","protected":false},"featured_media":3048,"template":"","meta":[],"product_brand":[],"product_cat":[22],"product_tag":[],"class_list":{"0":"post-3047","1":"product","2":"type-product","3":"status-publish","4":"has-post-thumbnail","6":"product_cat-katalog","8":"first","9":"instock","10":"purchasable","11":"product-type-simple"},"_links":{"self":[{"href":"https:\/\/kultur-schloss-theuern.de\/en\/wp-json\/wp\/v2\/product\/3047","targetHints":{"allow":["GET"]}}],"collection":[{"href":"https:\/\/kultur-schloss-theuern.de\/en\/wp-json\/wp\/v2\/product"}],"about":[{"href":"https:\/\/kultur-schloss-theuern.de\/en\/wp-json\/wp\/v2\/types\/product"}],"wp:featuredmedia":[{"embeddable":true,"href":"https:\/\/kultur-schloss-theuern.de\/en\/wp-json\/wp\/v2\/media\/3048"}],"wp:attachment":[{"href":"https:\/\/kultur-schloss-theuern.de\/en\/wp-json\/wp\/v2\/media?parent=3047"}],"wp:term":[{"taxonomy":"product_brand","embeddable":true,"href":"https:\/\/kultur-schloss-theuern.de\/en\/wp-json\/wp\/v2\/product_brand?post=3047"},{"taxonomy":"product_cat","embeddable":true,"href":"https:\/\/kultur-schloss-theuern.de\/en\/wp-json\/wp\/v2\/product_cat?post=3047"},{"taxonomy":"product_tag","embeddable":true,"href":"https:\/\/kultur-schloss-theuern.de\/en\/wp-json\/wp\/v2\/product_tag?post=3047"}],"curies":[{"name":"wp","href":"https:\/\/api.w.org\/{rel}","templated":true}]}}