{"id":2932,"date":"2023-09-11T14:57:33","date_gmt":"2023-09-11T12:57:33","guid":{"rendered":"https:\/\/kultur-schloss-theuern.de\/?post_type=product&#038;p=2932"},"modified":"2025-01-09T15:44:43","modified_gmt":"2025-01-09T14:44:43","slug":"aufsatzband-koehler-schmelzer-schmiede-eisen-in-ostbayern-von-den-kelten-bis-ins-fruehmittelalter","status":"publish","type":"product","link":"https:\/\/kultur-schloss-theuern.de\/en\/product\/aufsatzband-koehler-schmelzer-schmiede-eisen-in-ostbayern-von-den-kelten-bis-ins-fruehmittelalter\/","title":{"rendered":"K\u00f6hler. Schmelzer. Schmiede \u2013 Eisen in Ostbayern von den Kelten bis ins Fr\u00fchmittelalter, Aufsatzband"},"content":{"rendered":"<p>Es war die Zeit, als Kolumbus Amerika entdeckte, der Buchdruck erfunden wurde und die Postkutschen von Thurn und Taxis durch Europa Kurierfahrten erledigten, als unz\u00e4hlige M\u00e4nner in Ostbayern unter Tage arbeiteten, um wertvolle Erze zu f\u00f6rdern. Die Oberpf\u00e4lzer Eisenindustrie, die schon zur Zeit Karls des Gro\u00dfen, nachgewiesen werden kann, strahlte durch ganz Europa und erm\u00f6glichte wirtschaftliche Bl\u00fcte. Dieses Buch legt nicht nur dar, wie weit die Montangeschichte Ostbayerns zur\u00fcckreicht, sondern bietet auch wertvolle Perspektiven, wie das Thema in Schulen und Museen vermittelt werden kann.<\/p>\n<p>186 Seiten, 2022, ISBN\u00a0 978-3-925690-48-8<\/p>","protected":false},"excerpt":{"rendered":"<p>Es war die Zeit, als Kolumbus Amerika entdeckte, der Buchdruck erfunden wurde und die Postkutschen von Thurn und Taxis durch Europa Kurierfahrten erledigten, als unz\u00e4hlige M\u00e4nner in Ostbayern unter Tage arbeiteten, um wertvolle Erze zu f\u00f6rdern. Die Oberpf\u00e4lzer Eisenindustrie, die schon zur Zeit Karls des&#8230;<\/p>","protected":false},"featured_media":2933,"template":"","meta":[],"product_brand":[],"product_cat":[24],"product_tag":[],"class_list":{"0":"post-2932","1":"product","2":"type-product","3":"status-publish","4":"has-post-thumbnail","6":"product_cat-buch","8":"first","9":"instock","10":"taxable","11":"shipping-taxable","12":"purchasable","13":"product-type-simple"},"_links":{"self":[{"href":"https:\/\/kultur-schloss-theuern.de\/en\/wp-json\/wp\/v2\/product\/2932","targetHints":{"allow":["GET"]}}],"collection":[{"href":"https:\/\/kultur-schloss-theuern.de\/en\/wp-json\/wp\/v2\/product"}],"about":[{"href":"https:\/\/kultur-schloss-theuern.de\/en\/wp-json\/wp\/v2\/types\/product"}],"wp:featuredmedia":[{"embeddable":true,"href":"https:\/\/kultur-schloss-theuern.de\/en\/wp-json\/wp\/v2\/media\/2933"}],"wp:attachment":[{"href":"https:\/\/kultur-schloss-theuern.de\/en\/wp-json\/wp\/v2\/media?parent=2932"}],"wp:term":[{"taxonomy":"product_brand","embeddable":true,"href":"https:\/\/kultur-schloss-theuern.de\/en\/wp-json\/wp\/v2\/product_brand?post=2932"},{"taxonomy":"product_cat","embeddable":true,"href":"https:\/\/kultur-schloss-theuern.de\/en\/wp-json\/wp\/v2\/product_cat?post=2932"},{"taxonomy":"product_tag","embeddable":true,"href":"https:\/\/kultur-schloss-theuern.de\/en\/wp-json\/wp\/v2\/product_tag?post=2932"}],"curies":[{"name":"wp","href":"https:\/\/api.w.org\/{rel}","templated":true}]}}