{"id":1734,"date":"2022-09-09T08:26:06","date_gmt":"2022-09-09T06:26:06","guid":{"rendered":"https:\/\/kultur-schloss-theuern.de\/?post_type=product&#038;p=1734"},"modified":"2025-01-09T16:18:13","modified_gmt":"2025-01-09T15:18:13","slug":"katalog-zur-ausstellung-leuchtsignale-licht-kunst-objekte-von-stefan-stock","status":"publish","type":"product","link":"https:\/\/kultur-schloss-theuern.de\/en\/product\/katalog-zur-ausstellung-leuchtsignale-licht-kunst-objekte-von-stefan-stock\/","title":{"rendered":"Katalog zur Ausstellung Leuchtsignale \u2013 Licht. Kunst. Objekte von Stefan Stock"},"content":{"rendered":"<p>Der K\u00fcnstler zeigt sich fasziniert von alter Technik, wie groben Schaltern, die haptisch auff\u00e4llig etwas bedienen lassen, was eigentlich l\u00e4ngst M\u00fcll ist. Oder doch nicht? &#8222;Upcycling&#8220; k\u00f6nnte man es nennen, wenn die teils brachial anmutenden Ger\u00e4te fr\u00fcherer Generationen mit unterschiedlichem Licht ausgestattet werden &#8211; um weiterhin dienlich sein zu k\u00f6nnen, in einer Welt v\u00f6llig neuer Designsprache. Er setzt damit &#8222;Leuchtsignale&#8220;, die staunen lassen und Spa\u00df machen!<\/p>\n<p>60 Seiten, 2016, ISBN 978-3-925-690-64-8<\/p>","protected":false},"excerpt":{"rendered":"<p>Der K\u00fcnstler zeigt sich fasziniert von alter Technik, wie groben Schaltern, die haptisch auff\u00e4llig etwas bedienen lassen, was eigentlich l\u00e4ngst M\u00fcll ist. Oder doch nicht? &#8222;Upcycling&#8220; k\u00f6nnte man es nennen, wenn die teils brachial anmutenden Ger\u00e4te fr\u00fcherer Generationen mit unterschiedlichem Licht ausgestattet werden &#8211; um&#8230;<\/p>","protected":false},"featured_media":2910,"template":"","meta":[],"product_brand":[],"product_cat":[22],"product_tag":[],"class_list":{"0":"post-1734","1":"product","2":"type-product","3":"status-publish","4":"has-post-thumbnail","6":"product_cat-katalog","8":"first","9":"instock","10":"taxable","11":"shipping-taxable","12":"purchasable","13":"product-type-simple"},"_links":{"self":[{"href":"https:\/\/kultur-schloss-theuern.de\/en\/wp-json\/wp\/v2\/product\/1734","targetHints":{"allow":["GET"]}}],"collection":[{"href":"https:\/\/kultur-schloss-theuern.de\/en\/wp-json\/wp\/v2\/product"}],"about":[{"href":"https:\/\/kultur-schloss-theuern.de\/en\/wp-json\/wp\/v2\/types\/product"}],"wp:featuredmedia":[{"embeddable":true,"href":"https:\/\/kultur-schloss-theuern.de\/en\/wp-json\/wp\/v2\/media\/2910"}],"wp:attachment":[{"href":"https:\/\/kultur-schloss-theuern.de\/en\/wp-json\/wp\/v2\/media?parent=1734"}],"wp:term":[{"taxonomy":"product_brand","embeddable":true,"href":"https:\/\/kultur-schloss-theuern.de\/en\/wp-json\/wp\/v2\/product_brand?post=1734"},{"taxonomy":"product_cat","embeddable":true,"href":"https:\/\/kultur-schloss-theuern.de\/en\/wp-json\/wp\/v2\/product_cat?post=1734"},{"taxonomy":"product_tag","embeddable":true,"href":"https:\/\/kultur-schloss-theuern.de\/en\/wp-json\/wp\/v2\/product_tag?post=1734"}],"curies":[{"name":"wp","href":"https:\/\/api.w.org\/{rel}","templated":true}]}}