{"id":1728,"date":"2022-09-09T08:24:01","date_gmt":"2022-09-09T06:24:01","guid":{"rendered":"https:\/\/kultur-schloss-theuern.de\/?post_type=product&#038;p=1728"},"modified":"2025-10-15T15:08:16","modified_gmt":"2025-10-15T13:08:16","slug":"49-kumpel-schmelzer-walzer-lebensbilder-aus-der-maxhuette","status":"publish","type":"product","link":"https:\/\/kultur-schloss-theuern.de\/en\/product\/49-kumpel-schmelzer-walzer-lebensbilder-aus-der-maxhuette\/","title":{"rendered":"49  Kumpel, Schmelzer, Walzer \u2013 Lebensbilder aus der Maxh\u00fctte"},"content":{"rendered":"<p>In diesem Buch thematisieren Sepp L\u00f6sch (Texte) und G\u00fcnther K\u00f6hler (Fotos) die lange Tradition des Bergbaus und der Eisenverarbeitung des Gro\u00dfraums Amberg-Sulzbach, der die Region \u00fcber Jahrhunderte hinweg nachhaltig beeinflusst hat (Konzept &amp; Redaktion: Michael Ritz). Das Bergbau- und Industriemuseum bewahren das Erbe und die Kenntnisse dieses Industriezweigs und vermitteln diese an die folgenden Generationen. Die Gruben sind geschlossen, die Ruine der Maxh\u00fctte steht wie ein Monolith in der Landschaft, die Erinnerung daran ist noch lebendig. Aus den drei grundlegenden Bereichen Bergbau, Eisen schmelzen und walzen, bildet die Fotografie ehemalige Arbeiter sowohl im Portrait ab, als auch in einer f\u00fcr die jeweilige Person typischen, privaten Situation. Fotokunst und Sozialgeschichte treffen aufeinander.<\/p>\n<p>54 Seiten, 2009, ISBN 3-925690-58-7<\/p>","protected":false},"excerpt":{"rendered":"<p>In diesem Buch thematisieren Sepp L\u00f6sch (Texte) und G\u00fcnther K\u00f6hler (Fotos) die lange Tradition des Bergbaus und der Eisenverarbeitung des Gro\u00dfraums Amberg-Sulzbach, der die Region \u00fcber Jahrhunderte hinweg nachhaltig beeinflusst hat (Konzept &amp; Redaktion: Michael Ritz). Das Bergbau- und Industriemuseum bewahren das Erbe und die&#8230;<\/p>","protected":false},"featured_media":2916,"template":"","meta":[],"product_brand":[],"product_cat":[24],"product_tag":[],"class_list":{"0":"post-1728","1":"product","2":"type-product","3":"status-publish","4":"has-post-thumbnail","6":"product_cat-buch","8":"first","9":"instock","10":"taxable","11":"shipping-taxable","12":"purchasable","13":"product-type-simple"},"_links":{"self":[{"href":"https:\/\/kultur-schloss-theuern.de\/en\/wp-json\/wp\/v2\/product\/1728","targetHints":{"allow":["GET"]}}],"collection":[{"href":"https:\/\/kultur-schloss-theuern.de\/en\/wp-json\/wp\/v2\/product"}],"about":[{"href":"https:\/\/kultur-schloss-theuern.de\/en\/wp-json\/wp\/v2\/types\/product"}],"wp:featuredmedia":[{"embeddable":true,"href":"https:\/\/kultur-schloss-theuern.de\/en\/wp-json\/wp\/v2\/media\/2916"}],"wp:attachment":[{"href":"https:\/\/kultur-schloss-theuern.de\/en\/wp-json\/wp\/v2\/media?parent=1728"}],"wp:term":[{"taxonomy":"product_brand","embeddable":true,"href":"https:\/\/kultur-schloss-theuern.de\/en\/wp-json\/wp\/v2\/product_brand?post=1728"},{"taxonomy":"product_cat","embeddable":true,"href":"https:\/\/kultur-schloss-theuern.de\/en\/wp-json\/wp\/v2\/product_cat?post=1728"},{"taxonomy":"product_tag","embeddable":true,"href":"https:\/\/kultur-schloss-theuern.de\/en\/wp-json\/wp\/v2\/product_tag?post=1728"}],"curies":[{"name":"wp","href":"https:\/\/api.w.org\/{rel}","templated":true}]}}