{"id":1718,"date":"2022-09-09T08:19:33","date_gmt":"2022-09-09T06:19:33","guid":{"rendered":"https:\/\/kultur-schloss-theuern.de\/?post_type=product&#038;p=1718"},"modified":"2023-09-11T14:45:46","modified_gmt":"2023-09-11T12:45:46","slug":"gold-zinn-fluorit-zlato-cin-fluorit-beitraege-zur-bayerisch-boehmischen-montangeschichte-aufsatzband","status":"publish","type":"product","link":"https:\/\/kultur-schloss-theuern.de\/en\/product\/gold-zinn-fluorit-zlato-cin-fluorit-beitraege-zur-bayerisch-boehmischen-montangeschichte-aufsatzband\/","title":{"rendered":"Gold, Zinn, Fluorit. Zlato, C\u00edn, Fluorit: Beitr\u00e4ge zur bayerisch-b\u00f6hmischen Montangeschichte, Aufsatzband"},"content":{"rendered":"<p>196 Seiten, 2000<\/p>","protected":false},"excerpt":{"rendered":"<p>196 Seiten, 2000<\/p>","protected":false},"featured_media":2926,"template":"","meta":[],"product_brand":[],"product_cat":[24],"product_tag":[],"class_list":{"0":"post-1718","1":"product","2":"type-product","3":"status-publish","4":"has-post-thumbnail","6":"product_cat-buch","8":"first","9":"instock","10":"taxable","11":"shipping-taxable","12":"purchasable","13":"product-type-simple"},"_links":{"self":[{"href":"https:\/\/kultur-schloss-theuern.de\/en\/wp-json\/wp\/v2\/product\/1718","targetHints":{"allow":["GET"]}}],"collection":[{"href":"https:\/\/kultur-schloss-theuern.de\/en\/wp-json\/wp\/v2\/product"}],"about":[{"href":"https:\/\/kultur-schloss-theuern.de\/en\/wp-json\/wp\/v2\/types\/product"}],"wp:featuredmedia":[{"embeddable":true,"href":"https:\/\/kultur-schloss-theuern.de\/en\/wp-json\/wp\/v2\/media\/2926"}],"wp:attachment":[{"href":"https:\/\/kultur-schloss-theuern.de\/en\/wp-json\/wp\/v2\/media?parent=1718"}],"wp:term":[{"taxonomy":"product_brand","embeddable":true,"href":"https:\/\/kultur-schloss-theuern.de\/en\/wp-json\/wp\/v2\/product_brand?post=1718"},{"taxonomy":"product_cat","embeddable":true,"href":"https:\/\/kultur-schloss-theuern.de\/en\/wp-json\/wp\/v2\/product_cat?post=1718"},{"taxonomy":"product_tag","embeddable":true,"href":"https:\/\/kultur-schloss-theuern.de\/en\/wp-json\/wp\/v2\/product_tag?post=1718"}],"curies":[{"name":"wp","href":"https:\/\/api.w.org\/{rel}","templated":true}]}}