{"id":1714,"date":"2022-09-09T08:17:57","date_gmt":"2022-09-09T06:17:57","guid":{"rendered":"https:\/\/kultur-schloss-theuern.de\/?post_type=product&#038;p=1714"},"modified":"2025-10-15T15:23:09","modified_gmt":"2025-10-15T13:23:09","slug":"31-johannes-laschinger-theuern-herrschaft-hofmark-hammerschloss","status":"publish","type":"product","link":"https:\/\/kultur-schloss-theuern.de\/en\/product\/31-johannes-laschinger-theuern-herrschaft-hofmark-hammerschloss\/","title":{"rendered":"31  Johannes Laschinger: Theuern. Herrschaft \u2013 Hofmark \u2013 Hammerschlo\u00df"},"content":{"rendered":"<p>Das Schloss Theuern beherbergt seit \u00fcber 20 Jahren das Bergbau- und Industriemuseum Ostbayern. Die schriftliche Dokumentation des Hofmarks- und Hammerherrenschloss reicht bis in das 11. Jahrhundert. Das Museum legt nun eine Geschichte vor, in deren Mittelpunkt der Herrschaftssitz steht. Der Band bezeichnet eindr\u00fccklich die Entwicklungen \u00fcber die Epochen , die nicht immer leicht vonstatten ging, denn als \u00f6ffentliches Geb\u00e4ude wurden viele Untertanen teils mit Z\u00e4hneknirschen dazu herangezogen. Dennoch: seit dem 15. Jahrhundert bestand in Theuern ein Hammerwerk, in dem die Hammer- und Schmiedemeister aus der Oberpfalz Eisen gewonnen und verarbeitet und damit weit \u00fcber den ostbayerischen Raum gewirkt und gro\u00dfes Ansehen errungen haben.<\/p>\n<p>48 Seiten, 1994, ISBN 3-925690-28-X<\/p>","protected":false},"excerpt":{"rendered":"<p>Das Schloss Theuern beherbergt seit \u00fcber 20 Jahren das Bergbau- und Industriemuseum Ostbayern. Die schriftliche Dokumentation des Hofmarks- und Hammerherrenschloss reicht bis in das 11. Jahrhundert. Das Museum legt nun eine Geschichte vor, in deren Mittelpunkt der Herrschaftssitz steht. Der Band bezeichnet eindr\u00fccklich die Entwicklungen&#8230;<\/p>","protected":false},"featured_media":2930,"template":"","meta":[],"product_brand":[],"product_cat":[24],"product_tag":[],"class_list":{"0":"post-1714","1":"product","2":"type-product","3":"status-publish","4":"has-post-thumbnail","6":"product_cat-buch","8":"first","9":"instock","10":"taxable","11":"shipping-taxable","12":"purchasable","13":"product-type-simple"},"_links":{"self":[{"href":"https:\/\/kultur-schloss-theuern.de\/en\/wp-json\/wp\/v2\/product\/1714","targetHints":{"allow":["GET"]}}],"collection":[{"href":"https:\/\/kultur-schloss-theuern.de\/en\/wp-json\/wp\/v2\/product"}],"about":[{"href":"https:\/\/kultur-schloss-theuern.de\/en\/wp-json\/wp\/v2\/types\/product"}],"wp:featuredmedia":[{"embeddable":true,"href":"https:\/\/kultur-schloss-theuern.de\/en\/wp-json\/wp\/v2\/media\/2930"}],"wp:attachment":[{"href":"https:\/\/kultur-schloss-theuern.de\/en\/wp-json\/wp\/v2\/media?parent=1714"}],"wp:term":[{"taxonomy":"product_brand","embeddable":true,"href":"https:\/\/kultur-schloss-theuern.de\/en\/wp-json\/wp\/v2\/product_brand?post=1714"},{"taxonomy":"product_cat","embeddable":true,"href":"https:\/\/kultur-schloss-theuern.de\/en\/wp-json\/wp\/v2\/product_cat?post=1714"},{"taxonomy":"product_tag","embeddable":true,"href":"https:\/\/kultur-schloss-theuern.de\/en\/wp-json\/wp\/v2\/product_tag?post=1714"}],"curies":[{"name":"wp","href":"https:\/\/api.w.org\/{rel}","templated":true}]}}