{"id":1700,"date":"2022-09-09T08:08:38","date_gmt":"2022-09-09T06:08:38","guid":{"rendered":"https:\/\/kultur-schloss-theuern.de\/?post_type=product&#038;p=1700"},"modified":"2025-10-15T15:52:57","modified_gmt":"2025-10-15T13:52:57","slug":"die-oberpfalz-ein-europaeisches-eisenzentrum-600-jahre-grosse-hammereinung-teil-12-2","status":"publish","type":"product","link":"https:\/\/kultur-schloss-theuern.de\/en\/product\/die-oberpfalz-ein-europaeisches-eisenzentrum-600-jahre-grosse-hammereinung-teil-12-2\/","title":{"rendered":"Die Oberpfalz, ein europ\u00e4isches Eisenzentrum \u2013 600 Jahre Gro\u00dfe Hammereinung Teil 12\/2"},"content":{"rendered":"<p>Seit Jahrhunderten pr\u00e4gt das Eisen die Geschichte der Oberpfalz &#8211; von der Gro\u00dfen Hammereinung 1387 bis zur industriellen Bl\u00fcte des 19. und 20. Jahrhunderts. Dieses Buch zeichnet die Entwicklung des oberpf\u00e4lzischen Eisenwesens als wirtschaftliches und kulturelles R\u00fcckgrat der Region nach. Mit wissenschaftlicher Tiefe und reichhaltigem Quellenmaterial beleuchtet es, wie Innovation, Handwerk und Wandel das &#8222;Eisenland Oberpfalz&#8220; bis heute formten.<\/p>\n<p>Katalog zur Ausstellung, 164 Seiten, ISBN 3-925690-08-5<\/p>","protected":false},"excerpt":{"rendered":"<p>Seit Jahrhunderten pr\u00e4gt das Eisen die Geschichte der Oberpfalz &#8211; von der Gro\u00dfen Hammereinung 1387 bis zur industriellen Bl\u00fcte des 19. und 20. Jahrhunderts. Dieses Buch zeichnet die Entwicklung des oberpf\u00e4lzischen Eisenwesens als wirtschaftliches und kulturelles R\u00fcckgrat der Region nach. Mit wissenschaftlicher Tiefe und reichhaltigem&#8230;<\/p>","protected":false},"featured_media":1646,"template":"","meta":[],"product_brand":[],"product_cat":[24],"product_tag":[],"class_list":{"0":"post-1700","1":"product","2":"type-product","3":"status-publish","4":"has-post-thumbnail","6":"product_cat-buch","8":"first","9":"instock","10":"taxable","11":"shipping-taxable","12":"purchasable","13":"product-type-simple"},"_links":{"self":[{"href":"https:\/\/kultur-schloss-theuern.de\/en\/wp-json\/wp\/v2\/product\/1700","targetHints":{"allow":["GET"]}}],"collection":[{"href":"https:\/\/kultur-schloss-theuern.de\/en\/wp-json\/wp\/v2\/product"}],"about":[{"href":"https:\/\/kultur-schloss-theuern.de\/en\/wp-json\/wp\/v2\/types\/product"}],"wp:featuredmedia":[{"embeddable":true,"href":"https:\/\/kultur-schloss-theuern.de\/en\/wp-json\/wp\/v2\/media\/1646"}],"wp:attachment":[{"href":"https:\/\/kultur-schloss-theuern.de\/en\/wp-json\/wp\/v2\/media?parent=1700"}],"wp:term":[{"taxonomy":"product_brand","embeddable":true,"href":"https:\/\/kultur-schloss-theuern.de\/en\/wp-json\/wp\/v2\/product_brand?post=1700"},{"taxonomy":"product_cat","embeddable":true,"href":"https:\/\/kultur-schloss-theuern.de\/en\/wp-json\/wp\/v2\/product_cat?post=1700"},{"taxonomy":"product_tag","embeddable":true,"href":"https:\/\/kultur-schloss-theuern.de\/en\/wp-json\/wp\/v2\/product_tag?post=1700"}],"curies":[{"name":"wp","href":"https:\/\/api.w.org\/{rel}","templated":true}]}}