{"id":1699,"date":"2022-09-09T08:07:36","date_gmt":"2022-09-09T06:07:36","guid":{"rendered":"https:\/\/kultur-schloss-theuern.de\/?post_type=product&#038;p=1699"},"modified":"2025-10-15T15:48:00","modified_gmt":"2025-10-15T13:48:00","slug":"die-oberpfalz-ein-europaeisches-eisenzentrum-600-jahre-grosse-hammereinung-teil-12-1","status":"publish","type":"product","link":"https:\/\/kultur-schloss-theuern.de\/en\/product\/die-oberpfalz-ein-europaeisches-eisenzentrum-600-jahre-grosse-hammereinung-teil-12-1\/","title":{"rendered":"Die Oberpfalz, ein europ\u00e4isches Eisenzentrum \u2013 600 Jahre Gro\u00dfe Hammereinung Teil 12\/1"},"content":{"rendered":"<p>Dieser Band widmet sich der Geschichte des oberpf\u00e4lzischen Eisenwesens von den mittelalterlichen Anf\u00e4ngen bis zur Neuzeit. Fach\u00fcbergreifend beleuchten Historiker, Techniker und Naturwissenschaftler die wirtschaftliche, soziale und technologische Bedeutung der Eisenindustrie in Ostbayern. Das Werk zeigt, wie die Region einst zu einem Zentrum europ\u00e4ischer Eisenverarbeitung wurde &#8211; und wie Krisen und Wandel ihre Entwicklung plagten.<\/p>\n<p>Aufsatzband, 539 Seiten, ISBN 3-925690-05-0<\/p>","protected":false},"excerpt":{"rendered":"<p>Dieser Band widmet sich der Geschichte des oberpf\u00e4lzischen Eisenwesens von den mittelalterlichen Anf\u00e4ngen bis zur Neuzeit. Fach\u00fcbergreifend beleuchten Historiker, Techniker und Naturwissenschaftler die wirtschaftliche, soziale und technologische Bedeutung der Eisenindustrie in Ostbayern. Das Werk zeigt, wie die Region einst zu einem Zentrum europ\u00e4ischer Eisenverarbeitung wurde&#8230;<\/p>","protected":false},"featured_media":1645,"template":"","meta":[],"product_brand":[],"product_cat":[24],"product_tag":[],"class_list":{"0":"post-1699","1":"product","2":"type-product","3":"status-publish","4":"has-post-thumbnail","6":"product_cat-buch","8":"first","9":"instock","10":"taxable","11":"shipping-taxable","12":"purchasable","13":"product-type-simple"},"_links":{"self":[{"href":"https:\/\/kultur-schloss-theuern.de\/en\/wp-json\/wp\/v2\/product\/1699","targetHints":{"allow":["GET"]}}],"collection":[{"href":"https:\/\/kultur-schloss-theuern.de\/en\/wp-json\/wp\/v2\/product"}],"about":[{"href":"https:\/\/kultur-schloss-theuern.de\/en\/wp-json\/wp\/v2\/types\/product"}],"wp:featuredmedia":[{"embeddable":true,"href":"https:\/\/kultur-schloss-theuern.de\/en\/wp-json\/wp\/v2\/media\/1645"}],"wp:attachment":[{"href":"https:\/\/kultur-schloss-theuern.de\/en\/wp-json\/wp\/v2\/media?parent=1699"}],"wp:term":[{"taxonomy":"product_brand","embeddable":true,"href":"https:\/\/kultur-schloss-theuern.de\/en\/wp-json\/wp\/v2\/product_brand?post=1699"},{"taxonomy":"product_cat","embeddable":true,"href":"https:\/\/kultur-schloss-theuern.de\/en\/wp-json\/wp\/v2\/product_cat?post=1699"},{"taxonomy":"product_tag","embeddable":true,"href":"https:\/\/kultur-schloss-theuern.de\/en\/wp-json\/wp\/v2\/product_tag?post=1699"}],"curies":[{"name":"wp","href":"https:\/\/api.w.org\/{rel}","templated":true}]}}