{"id":1694,"date":"2022-09-09T07:59:09","date_gmt":"2022-09-09T05:59:09","guid":{"rendered":"https:\/\/kultur-schloss-theuern.de\/?post_type=product&#038;p=1694"},"modified":"2022-09-09T08:07:04","modified_gmt":"2022-09-09T06:07:04","slug":"toni-siegert-elektrizitaet-in-ostbayern-die-oberpfalz-von-den-anfaengen-bis-1945","status":"publish","type":"product","link":"https:\/\/kultur-schloss-theuern.de\/en\/product\/toni-siegert-elektrizitaet-in-ostbayern-die-oberpfalz-von-den-anfaengen-bis-1945\/","title":{"rendered":"Toni Siegert: Elektrizit\u00e4t in Ostbayern. Die Oberpfalz von den Anf\u00e4ngen bis 1945"},"content":{"rendered":"<p>Toni Siegert: Elektrizit\u00e4t in Ostbayern. Die Oberpfalz von den Anf\u00e4ngen bis 1945, 232 Seiten, 1985<\/p>","protected":false},"excerpt":{"rendered":"<p>Toni Siegert: Elektrizit\u00e4t in Ostbayern. Die Oberpfalz von den Anf\u00e4ngen bis 1945, 232 Seiten, 1985<\/p>","protected":false},"featured_media":1639,"template":"","meta":[],"product_brand":[],"product_cat":[24],"product_tag":[],"class_list":{"0":"post-1694","1":"product","2":"type-product","3":"status-publish","4":"has-post-thumbnail","6":"product_cat-buch","8":"first","9":"instock","10":"taxable","11":"shipping-taxable","12":"purchasable","13":"product-type-simple"},"_links":{"self":[{"href":"https:\/\/kultur-schloss-theuern.de\/en\/wp-json\/wp\/v2\/product\/1694","targetHints":{"allow":["GET"]}}],"collection":[{"href":"https:\/\/kultur-schloss-theuern.de\/en\/wp-json\/wp\/v2\/product"}],"about":[{"href":"https:\/\/kultur-schloss-theuern.de\/en\/wp-json\/wp\/v2\/types\/product"}],"wp:featuredmedia":[{"embeddable":true,"href":"https:\/\/kultur-schloss-theuern.de\/en\/wp-json\/wp\/v2\/media\/1639"}],"wp:attachment":[{"href":"https:\/\/kultur-schloss-theuern.de\/en\/wp-json\/wp\/v2\/media?parent=1694"}],"wp:term":[{"taxonomy":"product_brand","embeddable":true,"href":"https:\/\/kultur-schloss-theuern.de\/en\/wp-json\/wp\/v2\/product_brand?post=1694"},{"taxonomy":"product_cat","embeddable":true,"href":"https:\/\/kultur-schloss-theuern.de\/en\/wp-json\/wp\/v2\/product_cat?post=1694"},{"taxonomy":"product_tag","embeddable":true,"href":"https:\/\/kultur-schloss-theuern.de\/en\/wp-json\/wp\/v2\/product_tag?post=1694"}],"curies":[{"name":"wp","href":"https:\/\/api.w.org\/{rel}","templated":true}]}}