{"id":839,"date":"2022-06-24T14:31:26","date_gmt":"2022-06-24T12:31:26","guid":{"rendered":"https:\/\/kultur-schloss-theuern.de\/?page_id=839"},"modified":"2025-02-03T16:22:59","modified_gmt":"2025-02-03T15:22:59","slug":"grosser-saal","status":"publish","type":"page","link":"https:\/\/kultur-schloss-theuern.de\/en\/grosser-saal\/","title":{"rendered":"Great Hall"},"content":{"rendered":"\t\t<div data-elementor-type=\"wp-page\" data-elementor-id=\"839\" class=\"elementor elementor-839\">\n\t\t\t\t\t\t<section class=\"elementor-section elementor-inner-section elementor-element elementor-element-555b36f7 elementor-section-boxed elementor-section-height-default elementor-section-height-default parallax_section_no qode_elementor_container_no\" data-id=\"555b36f7\" data-element_type=\"section\" data-e-type=\"section\">\n\t\t\t\t\t\t<div class=\"elementor-container elementor-column-gap-default\">\n\t\t\t\t\t<div class=\"elementor-column elementor-col-100 elementor-inner-column elementor-element elementor-element-6f4cee5\" data-id=\"6f4cee5\" data-element_type=\"column\" data-e-type=\"column\">\n\t\t\t<div class=\"elementor-widget-wrap elementor-element-populated\">\n\t\t\t\t\t\t<div class=\"elementor-element elementor-element-7abab64c elementor-widget elementor-widget-slider_revolution\" data-id=\"7abab64c\" data-element_type=\"widget\" data-e-type=\"widget\" data-widget_type=\"slider_revolution.default\">\n\t\t\t\t<div class=\"elementor-widget-container\">\n\t\t\t\t\t\n\t\t<div class=\"wp-block-themepunch-revslider\">\n\t\t\t<!-- START Feiern und Tagen Gro\u00dfer Saal REVOLUTION SLIDER 6.7.40 --><p class=\"rs-p-wp-fix\"><\/p>\n\t\t\t<rs-module-wrap id=\"rev_slider_9_1_wrapper\" data-source=\"gallery\" style=\"visibility:hidden;background:#aca49a;padding:0;margin:0px auto;margin-top:0;margin-bottom:0;\">\n\t\t\t\t<rs-module id=\"rev_slider_9_1\" style=\"\" data-version=\"6.7.40\">\n\t\t\t\t\t<rs-slides style=\"overflow: hidden; position: absolute;\">\n\t\t\t\t\t\t<rs-slide style=\"position: absolute;\" data-key=\"rs-15\" data-title=\"Slide\" data-anim=\"adpr:false;\" data-in=\"o:0;\" data-out=\"a:false;\">\n\t\t\t\t\t\t\t<img fetchpriority=\"high\" decoding=\"async\" src=\"\/\/kultur-schloss-theuern.de\/wp-content\/plugins\/revslider\/sr6\/assets\/assets\/dummy.png\" alt=\"Atmosph\u00e4rischer Blick in den farbig beleuchteten, gro\u00dfen Saal\" title=\"Kulturschloss-11\" width=\"2560\" height=\"1707\" class=\"rev-slidebg tp-rs-img rs-lazyload\" data-lazyload=\"\/\/kultur-schloss-theuern.de\/wp-content\/uploads\/2024\/04\/Kulturschloss-11-scaled.jpg\" data-no-retina>\n<!---->\t\t\t\t\t<\/rs-slide>\n\t\t\t\t\t<\/rs-slides>\n\t\t\t\t<\/rs-module>\n\t\t\t\t<script>\n\t\t\t\t\tsetREVStartSize({c: 'rev_slider_9_1',rl:[1240,1024,778,480],el:[955,640,640,640],gw:[1300,1100,778,480],gh:[955,640,640,640],type:'standard',justify:'',layout:'fullwidth',mh:\"0\"});if (window.RS_MODULES!==undefined && window.RS_MODULES.modules!==undefined && window.RS_MODULES.modules[\"revslider91\"]!==undefined) {window.RS_MODULES.modules[\"revslider91\"].once = false;window.revapi9 = undefined;if (window.RS_MODULES.checkMinimal!==undefined) window.RS_MODULES.checkMinimal()}\n\t\t\t\t<\/script>\n\t\t\t<\/rs-module-wrap>\n\t\t\t<!-- END REVOLUTION SLIDER -->\n<\/div>\n\n\t\t\t\t\t\t<\/div>\n\t\t\t\t<\/div>\n\t\t\t\t<div class=\"elementor-element elementor-element-6863cb1a elementor-widget elementor-widget-text-editor\" data-id=\"6863cb1a\" data-element_type=\"widget\" data-e-type=\"widget\" data-widget_type=\"text-editor.default\">\n\t\t\t\t<div class=\"elementor-widget-container\">\n\t\t\t\t\t\t\t\t\t<h5>DER<\/h5><h2>GROSSE SAAL<\/h2><p>Der gro\u00dfe Saal ist das Herzst\u00fcck im Kultur-Schloss Theuern. Bis zu 400 Personen k\u00f6nnen ihn f\u00fcr Empf\u00e4nge, Konzerte, Hochzeiten, Feiern und Tagungen nutzen. Seine Atmosph\u00e4re gewinnt er durch seine gro\u00dfe Raumh\u00f6he, das ausgefeilte Lichtkonzept und die h\u00f6lzernen Sichtbalken. Durch die erweiterbare B\u00fchne, seine moderne technische Ausstattung und vielf\u00e4ltige Bestuhlungsvarianten ist er f\u00fcr jede Art von Veranstaltung hervorragend geeignet.<\/p><p>\u00a0<\/p>\t\t\t\t\t\t\t\t<\/div>\n\t\t\t\t<\/div>\n\t\t\t\t\t<\/div>\n\t\t<\/div>\n\t\t\t\t\t<\/div>\n\t\t<\/section>\n\t\t\t\t<section class=\"elementor-section elementor-inner-section elementor-element elementor-element-2b97206c elementor-section-boxed elementor-section-height-default elementor-section-height-default parallax_section_no qode_elementor_container_no\" data-id=\"2b97206c\" data-element_type=\"section\" data-e-type=\"section\">\n\t\t\t\t\t\t<div class=\"elementor-container elementor-column-gap-default\">\n\t\t\t\t\t<div class=\"elementor-column elementor-col-50 elementor-inner-column elementor-element elementor-element-5e1d33fb\" data-id=\"5e1d33fb\" data-element_type=\"column\" data-e-type=\"column\">\n\t\t\t<div class=\"elementor-widget-wrap elementor-element-populated\">\n\t\t\t\t\t\t<div class=\"elementor-element elementor-element-3b1f8f6e elementor-widget elementor-widget-image\" data-id=\"3b1f8f6e\" data-element_type=\"widget\" data-e-type=\"widget\" data-widget_type=\"image.default\">\n\t\t\t\t<div class=\"elementor-widget-container\">\n\t\t\t\t\t\t\t\t\t\t\t\t\t\t\t\t<a href=\"https:\/\/kultur-schloss-theuern.de\/wp-content\/uploads\/2022\/10\/grosser_saal_full-scaled.jpg\">\n\t\t\t\t\t\t\t<img decoding=\"async\" width=\"600\" height=\"314\" src=\"https:\/\/kultur-schloss-theuern.de\/wp-content\/uploads\/2022\/10\/grosser_saal.jpg\" class=\"attachment-1536x1536 size-1536x1536 wp-image-2185\" alt=\"\" srcset=\"https:\/\/kultur-schloss-theuern.de\/wp-content\/uploads\/2022\/10\/grosser_saal.jpg 600w, https:\/\/kultur-schloss-theuern.de\/wp-content\/uploads\/2022\/10\/grosser_saal-300x157.jpg 300w, https:\/\/kultur-schloss-theuern.de\/wp-content\/uploads\/2022\/10\/grosser_saal-18x9.jpg 18w\" sizes=\"(max-width: 600px) 100vw, 600px\" \/>\t\t\t\t\t\t\t\t<\/a>\n\t\t\t\t\t\t\t\t\t\t\t\t\t\t\t<\/div>\n\t\t\t\t<\/div>\n\t\t\t\t\t<\/div>\n\t\t<\/div>\n\t\t\t\t<div class=\"elementor-column elementor-col-50 elementor-inner-column elementor-element elementor-element-8f57a85\" data-id=\"8f57a85\" data-element_type=\"column\" data-e-type=\"column\">\n\t\t\t<div class=\"elementor-widget-wrap elementor-element-populated\">\n\t\t\t\t\t\t<div class=\"elementor-element elementor-element-2289d3ca h2_alt elementor-widget__width-initial elementor-widget elementor-widget-text-editor\" data-id=\"2289d3ca\" data-element_type=\"widget\" data-e-type=\"widget\" data-widget_type=\"text-editor.default\">\n\t\t\t\t<div class=\"elementor-widget-container\">\n\t\t\t\t\t\t\t\t\t<h2>TECHNISCHE AUSSTATTUNG<\/h2>\n<p>B\u00fchnentechnik (Details in der <a href=\"https:\/\/kultur-schloss-theuern.de\/feiern-und-tagen\/\">\u00dcbersicht<\/a> &#8211; nur mit Medientechniker buchbar), Beamer, Leinwand, Konzertfl\u00fcgel \u201eSteinway\u201c<\/p><p><br><\/p><p>Ton- und Bild\u00fcbertragung in den kleinen Saal m\u00f6glich<br><\/p><p><br><\/p>\n<p>(Abrechnung je nach Zubuchung)<\/p>\t\t\t\t\t\t\t\t<\/div>\n\t\t\t\t<\/div>\n\t\t\t\t<div class=\"elementor-element elementor-element-1dfb29fe h2_alt elementor-widget elementor-widget-text-editor\" data-id=\"1dfb29fe\" data-element_type=\"widget\" data-e-type=\"widget\" data-widget_type=\"text-editor.default\">\n\t\t\t\t<div class=\"elementor-widget-container\">\n\t\t\t\t\t\t\t\t\t<h2>GEEIGNET F\u00dcR:<\/h2><p>gesetzte Essen, Stehempf\u00e4nge, Ausstellungen, Konzerte, Seminare, Tagungen<\/p>\t\t\t\t\t\t\t\t<\/div>\n\t\t\t\t<\/div>\n\t\t\t\t<div class=\"elementor-element elementor-element-2048d99c h2_alt elementor-widget elementor-widget-text-editor\" data-id=\"2048d99c\" data-element_type=\"widget\" data-e-type=\"widget\" data-widget_type=\"text-editor.default\">\n\t\t\t\t<div class=\"elementor-widget-container\">\n\t\t\t\t\t\t\t\t\t<h2>DATEN\/KOSTEN:<\/h2>\t\t\t\t\t\t\t\t<\/div>\n\t\t\t\t<\/div>\n\t\t\t\t<div class=\"elementor-element elementor-element-2af64cc6 daten_tabelle elementor-widget elementor-widget-html\" data-id=\"2af64cc6\" data-element_type=\"widget\" data-e-type=\"widget\" data-widget_type=\"html.default\">\n\t\t\t\t<div class=\"elementor-widget-container\">\n\t\t\t\t\t<div class=\"row\">\r\n  <div class=\"column1\">Raumgr\u00f6\u00dfe:<\/div>\r\n  <div class=\"column2\">386 qm<\/div>\r\n<\/div>\r\n<div class=\"row\">\r\n  <div class=\"column1\">Tische & St\u00fchle:<br>(Bestand f\u00fcr beide S\u00e4le)<\/div>\r\n  <div class=\"column2\">345x Bankettst\u00fchle<br>85x Tische (70x130cm)<br>10x Stehtische<br>je 3x gro\u00dfe und kleine Loungetische<br>10x Loungest\u00fchle<\/div>\r\n<\/div>\r\n<br\/> \r\n<div class=\"row\">\r\n  <div class=\"column1\">Mietzins:<\/div>\r\n  <div class=\"column2\">je angefangene Stunde<\/div>\r\n<\/div>\r\n\r\n<br\/> \r\n<div class=\"row\">\r\n  <div class=\"column1\">\u00a0<\/div>\r\n  <div class=\"column3\"><u>ohne Heizung<\/u><\/div>\r\n  <div class=\"column3\"><u>mit Heizung<\/u><\/div>\r\n<\/div>\r\n<div class=\"row\">\r\n  <div class=\"column1\">Normaltarif<\/div>\r\n  <div class=\"column3\">120 EUR<\/div>\r\n  <div class=\"column3\">160 EUR<\/div>\r\n<\/div>\r\n<div class=\"row\">\r\n  <div class=\"column1\">Erm\u00e4\u00dfigter Tarif<\/div>\r\n  <div class=\"column3\">60 EUR<\/div>\r\n  <div class=\"column3\">80 EUR<\/div>\r\n  <br>\r\n  <br> HINWEISE: Die Mietdauer beinhaltet neben der Veranstaltung auch die Zeit f\u00fcr Auf- und Abbau, sowie Reinigung. Bitte beachten Sie auch, dass das <a href=\"https:\/\/kultur-schloss-theuern.de\/foyer-und-garderobe\/\">Foyer<\/a> als Durchgangsraum immer mit gemietet werden muss.<br>Die Monate mit Heizungsbetrieb sind von Oktober bis einschlie\u00dflich M\u00e4rz.\r\n<\/div>\r\n<br>\r\n<div class=\"row\">\r\n  <div class=\"column1\">Technikpauschale:<br>(ggfs. f\u00fcr B\u00fchnentechnik)<\/div>\r\n  <div class=\"column2\">300 EUR  <br>zzgl. 47,32 EUR pro Stunde f\u00fcr Medientechniker<\/div>\r\n<\/div>\r\n<br><i>Notwendige Zusatzkosten durch Drittfirmen (<u>unverbindliche<\/u> Preis\u00fcbersicht ohne Gew\u00e4hr):\r\n<br><br>\r\n<div class=\"row\">\r\n  <div class=\"column1\">Reinigung (Sommer):<\/div>\r\n  <div class=\"column2\">ca. 230 EUR (Gro\u00dfer Saal mit Umkleiden)<\/div>\r\n<\/div>\r\n<div class=\"row\">\r\n  <div class=\"column1\">\u00a0<\/div>\r\n  <div class=\"column2\">ca. 200 EUR (Gro\u00dfer Saal)<\/div>\r\n<\/div>\r\n\r\n<div class=\"row\">\r\n  <div class=\"column1\">\u00a0<\/div>\r\n  <div class=\"column2\">ca. 360 EUR (Beide S\u00e4le)<\/div>\r\n<\/div>\r\n<div class=\"row\">\r\n  <div class=\"column1\">\u00a0<\/div>\r\n  <div class=\"column2\">ca. 120 EUR (Foyer, WC, etc.)<\/div>\r\n<\/div>\r\n\r\n<div class=\"row\">\r\n  <div class=\"column1\">Reinigung (Winter):<\/div>\r\n  <div class=\"column2\">ca. 300 EUR (Gro\u00dfer Saal plus Umkleiden)<\/div>\r\n<\/div>\r\n<div class=\"row\">\r\n  <div class=\"column1\">\u00a0<\/div>\r\n  <div class=\"column2\">ca. 260 EUR (Gro\u00dfer Saal)<\/div>\r\n<\/div>\r\n<div class=\"row\">\r\n  <div class=\"column1\">\u00a0<\/div>\r\n  <div class=\"column2\">ca. 470 EUR (Beide S\u00e4le)<\/div>\r\n<\/div>\r\n  <div class=\"column1\">\u00a0<\/div>\r\n  <div class=\"column2\">ca. 190 EUR (Foyer, WC, etc.)<\/div>\r\n<\/div>\r\n<div class=\"row\">\r\n  <div class=\"column1\">Aufstuhlung:<\/div>\r\n  <div class=\"column2\">ca. 140 EUR<\/div>\r\n<\/div>\r\n\r\n<div class=\"row\">\r\n  <div class=\"column1\">Abstuhlung:<\/div>\r\n  <div class=\"column2\">ca. 110 EUR<\/div>\r\n<\/div>\r\n\r\n<div class=\"row\">\r\n  <div class=\"column1\">Abfallentsorgung:<\/div>\r\n  <div class=\"column2\">ca. 9 EUR pro Abfallsack<\/div>\r\n<\/div><br>\r\n<div class=\"row\">\r\n  <div class=\"column1\">Schlie\u00dfdienst:<\/div>\r\n  <div class=\"column2\">ca. 34 EUR brutto pro Stunde<\/div><\/i>\r\n<\/div>\t\t\t\t<\/div>\n\t\t\t\t<\/div>\n\t\t\t\t\t<\/div>\n\t\t<\/div>\n\t\t\t\t\t<\/div>\n\t\t<\/section>\n\t\t\t\t<section class=\"elementor-section elementor-top-section elementor-element elementor-element-4e3a1ec6 elementor-section-full_width volle_breite elementor-section-height-default elementor-section-height-default parallax_section_no qode_elementor_container_no\" data-id=\"4e3a1ec6\" data-element_type=\"section\" data-e-type=\"section\">\n\t\t\t\t\t\t<div class=\"elementor-container elementor-column-gap-default\">\n\t\t\t\t\t<div class=\"elementor-column elementor-col-20 elementor-top-column elementor-element elementor-element-1cb1119f\" data-id=\"1cb1119f\" data-element_type=\"column\" data-e-type=\"column\">\n\t\t\t<div class=\"elementor-widget-wrap\">\n\t\t\t\t\t\t\t<\/div>\n\t\t<\/div>\n\t\t\t\t<div class=\"elementor-column elementor-col-20 elementor-top-column elementor-element elementor-element-61092673\" data-id=\"61092673\" data-element_type=\"column\" data-e-type=\"column\">\n\t\t\t<div class=\"elementor-widget-wrap elementor-element-populated\">\n\t\t\t\t\t\t<div class=\"elementor-element elementor-element-678b8120 elementor-widget elementor-widget-image\" data-id=\"678b8120\" data-element_type=\"widget\" data-e-type=\"widget\" data-widget_type=\"image.default\">\n\t\t\t\t<div class=\"elementor-widget-container\">\n\t\t\t\t\t\t\t\t\t\t\t\t\t\t\t\t<a href=\"https:\/\/kultur-schloss-theuern.de\/wp-content\/uploads\/2023\/07\/Kulturschloss_Timo-Viehmann-24-2.jpg\" data-elementor-open-lightbox=\"yes\" data-elementor-lightbox-title=\"Kulturschloss_Timo Viehmann-24\" data-e-action-hash=\"#elementor-action%3Aaction%3Dlightbox%26settings%3DeyJpZCI6MjgyMCwidXJsIjoiaHR0cHM6XC9cL2t1bHR1ci1zY2hsb3NzLXRoZXVlcm4uZGVcL3dwLWNvbnRlbnRcL3VwbG9hZHNcLzIwMjNcLzA3XC9LdWx0dXJzY2hsb3NzX1RpbW8tVmllaG1hbm4tMjQtMi5qcGcifQ%3D%3D\">\n\t\t\t\t\t\t\t<img decoding=\"async\" width=\"1024\" height=\"683\" src=\"https:\/\/kultur-schloss-theuern.de\/wp-content\/uploads\/2023\/07\/Kulturschloss_Timo-Viehmann-24-2-1024x683.jpg\" class=\"attachment-large size-large wp-image-2820\" alt=\"Gro\u00dfer Saal mit Bestuhlung\" srcset=\"https:\/\/kultur-schloss-theuern.de\/wp-content\/uploads\/2023\/07\/Kulturschloss_Timo-Viehmann-24-2-1024x683.jpg 1024w, https:\/\/kultur-schloss-theuern.de\/wp-content\/uploads\/2023\/07\/Kulturschloss_Timo-Viehmann-24-2-300x200.jpg 300w, https:\/\/kultur-schloss-theuern.de\/wp-content\/uploads\/2023\/07\/Kulturschloss_Timo-Viehmann-24-2-768x512.jpg 768w, https:\/\/kultur-schloss-theuern.de\/wp-content\/uploads\/2023\/07\/Kulturschloss_Timo-Viehmann-24-2-1536x1024.jpg 1536w, https:\/\/kultur-schloss-theuern.de\/wp-content\/uploads\/2023\/07\/Kulturschloss_Timo-Viehmann-24-2-2048x1366.jpg 2048w, https:\/\/kultur-schloss-theuern.de\/wp-content\/uploads\/2023\/07\/Kulturschloss_Timo-Viehmann-24-2-18x12.jpg 18w, https:\/\/kultur-schloss-theuern.de\/wp-content\/uploads\/2023\/07\/Kulturschloss_Timo-Viehmann-24-2-700x467.jpg 700w\" sizes=\"(max-width: 1024px) 100vw, 1024px\" \/>\t\t\t\t\t\t\t\t<\/a>\n\t\t\t\t\t\t\t\t\t\t\t\t\t\t\t<\/div>\n\t\t\t\t<\/div>\n\t\t\t\t\t<\/div>\n\t\t<\/div>\n\t\t\t\t<div class=\"elementor-column elementor-col-20 elementor-top-column elementor-element elementor-element-67d71115\" data-id=\"67d71115\" data-element_type=\"column\" data-e-type=\"column\">\n\t\t\t<div class=\"elementor-widget-wrap elementor-element-populated\">\n\t\t\t\t\t\t<div class=\"elementor-element elementor-element-4658814d elementor-widget elementor-widget-image\" data-id=\"4658814d\" data-element_type=\"widget\" data-e-type=\"widget\" data-widget_type=\"image.default\">\n\t\t\t\t<div class=\"elementor-widget-container\">\n\t\t\t\t\t\t\t\t\t\t\t\t\t\t\t\t<a href=\"https:\/\/kultur-schloss-theuern.de\/wp-content\/uploads\/2023\/07\/Kulturschloss_Timo-Viehmann-12.jpg\" data-elementor-open-lightbox=\"yes\" data-elementor-lightbox-title=\"Kulturschloss_Timo Viehmann-12\" data-e-action-hash=\"#elementor-action%3Aaction%3Dlightbox%26settings%3DeyJpZCI6MjgxOCwidXJsIjoiaHR0cHM6XC9cL2t1bHR1ci1zY2hsb3NzLXRoZXVlcm4uZGVcL3dwLWNvbnRlbnRcL3VwbG9hZHNcLzIwMjNcLzA3XC9LdWx0dXJzY2hsb3NzX1RpbW8tVmllaG1hbm4tMTIuanBnIn0%3D\">\n\t\t\t\t\t\t\t<img loading=\"lazy\" decoding=\"async\" width=\"1024\" height=\"683\" src=\"https:\/\/kultur-schloss-theuern.de\/wp-content\/uploads\/2023\/07\/Kulturschloss_Timo-Viehmann-12-1024x683.jpg\" class=\"attachment-large size-large wp-image-2818\" alt=\"Gro\u00dfer Saal mit Tischen\" srcset=\"https:\/\/kultur-schloss-theuern.de\/wp-content\/uploads\/2023\/07\/Kulturschloss_Timo-Viehmann-12-1024x683.jpg 1024w, https:\/\/kultur-schloss-theuern.de\/wp-content\/uploads\/2023\/07\/Kulturschloss_Timo-Viehmann-12-300x200.jpg 300w, https:\/\/kultur-schloss-theuern.de\/wp-content\/uploads\/2023\/07\/Kulturschloss_Timo-Viehmann-12-768x512.jpg 768w, https:\/\/kultur-schloss-theuern.de\/wp-content\/uploads\/2023\/07\/Kulturschloss_Timo-Viehmann-12-1536x1024.jpg 1536w, https:\/\/kultur-schloss-theuern.de\/wp-content\/uploads\/2023\/07\/Kulturschloss_Timo-Viehmann-12-2048x1366.jpg 2048w, https:\/\/kultur-schloss-theuern.de\/wp-content\/uploads\/2023\/07\/Kulturschloss_Timo-Viehmann-12-18x12.jpg 18w, https:\/\/kultur-schloss-theuern.de\/wp-content\/uploads\/2023\/07\/Kulturschloss_Timo-Viehmann-12-700x467.jpg 700w\" sizes=\"(max-width: 1024px) 100vw, 1024px\" \/>\t\t\t\t\t\t\t\t<\/a>\n\t\t\t\t\t\t\t\t\t\t\t\t\t\t\t<\/div>\n\t\t\t\t<\/div>\n\t\t\t\t\t<\/div>\n\t\t<\/div>\n\t\t\t\t<div class=\"elementor-column elementor-col-20 elementor-top-column elementor-element elementor-element-6106ad03\" data-id=\"6106ad03\" data-element_type=\"column\" data-e-type=\"column\">\n\t\t\t<div class=\"elementor-widget-wrap elementor-element-populated\">\n\t\t\t\t\t\t<div class=\"elementor-element elementor-element-4d969d68 elementor-widget elementor-widget-image\" data-id=\"4d969d68\" data-element_type=\"widget\" data-e-type=\"widget\" data-widget_type=\"image.default\">\n\t\t\t\t<div class=\"elementor-widget-container\">\n\t\t\t\t\t\t\t\t\t\t\t\t\t\t\t\t<a href=\"https:\/\/kultur-schloss-theuern.de\/wp-content\/uploads\/2023\/07\/Kulturschloss_Timo-Viehmann-21-1.jpg\" data-elementor-open-lightbox=\"yes\" data-elementor-lightbox-title=\"Kulturschloss_Timo Viehmann-21\" data-e-action-hash=\"#elementor-action%3Aaction%3Dlightbox%26settings%3DeyJpZCI6MjgxOSwidXJsIjoiaHR0cHM6XC9cL2t1bHR1ci1zY2hsb3NzLXRoZXVlcm4uZGVcL3dwLWNvbnRlbnRcL3VwbG9hZHNcLzIwMjNcLzA3XC9LdWx0dXJzY2hsb3NzX1RpbW8tVmllaG1hbm4tMjEtMS1lMTczNjM1Mjg1MDQzOS5qcGcifQ%3D%3D\">\n\t\t\t\t\t\t\t<img loading=\"lazy\" decoding=\"async\" width=\"1024\" height=\"1024\" src=\"https:\/\/kultur-schloss-theuern.de\/wp-content\/uploads\/2023\/07\/Kulturschloss_Timo-Viehmann-21-1-e1736352850439-1024x1024.jpg\" class=\"attachment-large size-large wp-image-2819\" alt=\"Gro\u00dfer Saal mit festlicher Bestuhlung und Tischen\" srcset=\"https:\/\/kultur-schloss-theuern.de\/wp-content\/uploads\/2023\/07\/Kulturschloss_Timo-Viehmann-21-1-e1736352850439-1024x1024.jpg 1024w, https:\/\/kultur-schloss-theuern.de\/wp-content\/uploads\/2023\/07\/Kulturschloss_Timo-Viehmann-21-1-e1736352850439-300x300.jpg 300w, https:\/\/kultur-schloss-theuern.de\/wp-content\/uploads\/2023\/07\/Kulturschloss_Timo-Viehmann-21-1-e1736352850439-150x150.jpg 150w, https:\/\/kultur-schloss-theuern.de\/wp-content\/uploads\/2023\/07\/Kulturschloss_Timo-Viehmann-21-1-e1736352850439-768x768.jpg 768w, https:\/\/kultur-schloss-theuern.de\/wp-content\/uploads\/2023\/07\/Kulturschloss_Timo-Viehmann-21-1-e1736352850439-1536x1536.jpg 1536w, https:\/\/kultur-schloss-theuern.de\/wp-content\/uploads\/2023\/07\/Kulturschloss_Timo-Viehmann-21-1-e1736352850439-12x12.jpg 12w, https:\/\/kultur-schloss-theuern.de\/wp-content\/uploads\/2023\/07\/Kulturschloss_Timo-Viehmann-21-1-e1736352850439-570x570.jpg 570w, https:\/\/kultur-schloss-theuern.de\/wp-content\/uploads\/2023\/07\/Kulturschloss_Timo-Viehmann-21-1-e1736352850439-500x500.jpg 500w, https:\/\/kultur-schloss-theuern.de\/wp-content\/uploads\/2023\/07\/Kulturschloss_Timo-Viehmann-21-1-e1736352850439-1000x1000.jpg 1000w, https:\/\/kultur-schloss-theuern.de\/wp-content\/uploads\/2023\/07\/Kulturschloss_Timo-Viehmann-21-1-e1736352850439-700x700.jpg 700w, https:\/\/kultur-schloss-theuern.de\/wp-content\/uploads\/2023\/07\/Kulturschloss_Timo-Viehmann-21-1-e1736352850439-650x650.jpg 650w, https:\/\/kultur-schloss-theuern.de\/wp-content\/uploads\/2023\/07\/Kulturschloss_Timo-Viehmann-21-1-e1736352850439-1300x1300.jpg 1300w, https:\/\/kultur-schloss-theuern.de\/wp-content\/uploads\/2023\/07\/Kulturschloss_Timo-Viehmann-21-1-e1736352850439-200x200.jpg 200w, https:\/\/kultur-schloss-theuern.de\/wp-content\/uploads\/2023\/07\/Kulturschloss_Timo-Viehmann-21-1-e1736352850439-100x100.jpg 100w, https:\/\/kultur-schloss-theuern.de\/wp-content\/uploads\/2023\/07\/Kulturschloss_Timo-Viehmann-21-1-e1736352850439.jpg 1667w\" sizes=\"(max-width: 1024px) 100vw, 1024px\" \/>\t\t\t\t\t\t\t\t<\/a>\n\t\t\t\t\t\t\t\t\t\t\t\t\t\t\t<\/div>\n\t\t\t\t<\/div>\n\t\t\t\t\t<\/div>\n\t\t<\/div>\n\t\t\t\t<div class=\"elementor-column elementor-col-20 elementor-top-column elementor-element elementor-element-c255e85\" data-id=\"c255e85\" data-element_type=\"column\" data-e-type=\"column\">\n\t\t\t<div class=\"elementor-widget-wrap\">\n\t\t\t\t\t\t\t<\/div>\n\t\t<\/div>\n\t\t\t\t\t<\/div>\n\t\t<\/section>\n\t\t\t\t<\/div>\n\t\t","protected":false},"excerpt":{"rendered":"<p>DER GROSSE SAAL Der gro\u00dfe Saal ist das Herzst\u00fcck im Kultur-Schloss Theuern. Bis zu 400 Personen k\u00f6nnen ihn f\u00fcr Empf\u00e4nge, Konzerte, Hochzeiten, Feiern und Tagungen nutzen. Seine Atmosph\u00e4re gewinnt er durch seine gro\u00dfe Raumh\u00f6he, das ausgefeilte Lichtkonzept und die h\u00f6lzernen Sichtbalken. Durch die erweiterbare B\u00fchne,&#8230;<\/p>","protected":false},"author":1,"featured_media":0,"parent":0,"menu_order":-2,"comment_status":"closed","ping_status":"closed","template":"","meta":{"footnotes":""},"class_list":["post-839","page","type-page","status-publish","hentry"],"_links":{"self":[{"href":"https:\/\/kultur-schloss-theuern.de\/en\/wp-json\/wp\/v2\/pages\/839","targetHints":{"allow":["GET"]}}],"collection":[{"href":"https:\/\/kultur-schloss-theuern.de\/en\/wp-json\/wp\/v2\/pages"}],"about":[{"href":"https:\/\/kultur-schloss-theuern.de\/en\/wp-json\/wp\/v2\/types\/page"}],"author":[{"embeddable":true,"href":"https:\/\/kultur-schloss-theuern.de\/en\/wp-json\/wp\/v2\/users\/1"}],"replies":[{"embeddable":true,"href":"https:\/\/kultur-schloss-theuern.de\/en\/wp-json\/wp\/v2\/comments?post=839"}],"version-history":[{"count":264,"href":"https:\/\/kultur-schloss-theuern.de\/en\/wp-json\/wp\/v2\/pages\/839\/revisions"}],"predecessor-version":[{"id":3797,"href":"https:\/\/kultur-schloss-theuern.de\/en\/wp-json\/wp\/v2\/pages\/839\/revisions\/3797"}],"wp:attachment":[{"href":"https:\/\/kultur-schloss-theuern.de\/en\/wp-json\/wp\/v2\/media?parent=839"}],"curies":[{"name":"wp","href":"https:\/\/api.w.org\/{rel}","templated":true}]}}