{"id":4013,"date":"2025-06-14T06:06:38","date_gmt":"2025-06-14T04:06:38","guid":{"rendered":"https:\/\/kultur-schloss-theuern.de\/?page_id=4013"},"modified":"2025-06-14T12:08:02","modified_gmt":"2025-06-14T10:08:02","slug":"barrierefreiheit","status":"publish","type":"page","link":"https:\/\/kultur-schloss-theuern.de\/en\/barrierefreiheit\/","title":{"rendered":"Barrierefreiheit"},"content":{"rendered":"\t\t<div data-elementor-type=\"wp-page\" data-elementor-id=\"4013\" class=\"elementor elementor-4013\">\n\t\t\t\t\t\t<section class=\"elementor-section elementor-top-section elementor-element elementor-element-fae003e elementor-section-full_width elementor-section-height-default elementor-section-height-default parallax_section_no qode_elementor_container_no\" data-id=\"fae003e\" data-element_type=\"section\" data-e-type=\"section\">\n\t\t\t\t\t\t<div class=\"elementor-container elementor-column-gap-no\">\n\t\t\t\t\t<div class=\"elementor-column elementor-col-100 elementor-top-column elementor-element elementor-element-ed791ae\" data-id=\"ed791ae\" data-element_type=\"column\" data-e-type=\"column\">\n\t\t\t<div class=\"elementor-widget-wrap elementor-element-populated\">\n\t\t\t\t\t\t<div class=\"elementor-element elementor-element-0a4b483 elementor-widget elementor-widget-slider_revolution\" data-id=\"0a4b483\" data-element_type=\"widget\" data-e-type=\"widget\" data-widget_type=\"slider_revolution.default\">\n\t\t\t\t<div class=\"elementor-widget-container\">\n\t\t\t\t\t\n\t\t<div class=\"wp-block-themepunch-revslider\">\n\t\t\t<!-- START Ihr Besuch REVOLUTION SLIDER 6.7.40 --><p class=\"rs-p-wp-fix\"><\/p>\n\t\t\t<rs-module-wrap id=\"rev_slider_6_1_wrapper\" data-source=\"gallery\" style=\"visibility:hidden;background:#aca49a;padding:0;margin:0px auto;margin-top:0;margin-bottom:0;\">\n\t\t\t\t<rs-module id=\"rev_slider_6_1\" style=\"\" data-version=\"6.7.40\">\n\t\t\t\t\t<rs-slides style=\"overflow: hidden; position: absolute;\">\n\t\t\t\t\t\t<rs-slide style=\"position: absolute;\" data-key=\"rs-12\" data-title=\"Slide\" data-anim=\"adpr:false;\" data-in=\"o:0;\" data-out=\"a:false;\">\n\t\t\t\t\t\t\t<img fetchpriority=\"high\" decoding=\"async\" src=\"\/\/kultur-schloss-theuern.de\/wp-content\/plugins\/revslider\/sr6\/assets\/assets\/dummy.png\" alt=\"\" title=\"TMVphotoworks-4008\" width=\"1300\" height=\"955\" class=\"rev-slidebg tp-rs-img rs-lazyload\" data-lazyload=\"\/\/kultur-schloss-theuern.de\/wp-content\/uploads\/2023\/01\/TMVphotoworks-4008.jpg\" data-bg=\"p:0% 17%;\" data-no-retina>\n<!---->\t\t\t\t\t<\/rs-slide>\n\t\t\t\t\t<\/rs-slides>\n\t\t\t\t<\/rs-module>\n\t\t\t\t<script>\n\t\t\t\t\tsetREVStartSize({c: 'rev_slider_6_1',rl:[1240,1024,778,480],el:[955,640,640,640],gw:[1300,1100,778,480],gh:[955,640,640,640],type:'standard',justify:'',layout:'fullwidth',mh:\"0\"});if (window.RS_MODULES!==undefined && window.RS_MODULES.modules!==undefined && window.RS_MODULES.modules[\"revslider61\"]!==undefined) {window.RS_MODULES.modules[\"revslider61\"].once = false;window.revapi6 = undefined;if (window.RS_MODULES.checkMinimal!==undefined) window.RS_MODULES.checkMinimal()}\n\t\t\t\t<\/script>\n\t\t\t<\/rs-module-wrap>\n\t\t\t<!-- END REVOLUTION SLIDER -->\n<\/div>\n\n\t\t\t\t\t\t<\/div>\n\t\t\t\t<\/div>\n\t\t\t\t\t<\/div>\n\t\t<\/div>\n\t\t\t\t\t<\/div>\n\t\t<\/section>\n\t\t\t\t<section class=\"elementor-section elementor-inner-section elementor-element elementor-element-bc43826 elementor-section-boxed elementor-section-height-default elementor-section-height-default parallax_section_no qode_elementor_container_no\" data-id=\"bc43826\" data-element_type=\"section\" data-e-type=\"section\">\n\t\t\t\t\t\t<div class=\"elementor-container elementor-column-gap-default\">\n\t\t\t\t\t<div class=\"elementor-column elementor-col-100 elementor-inner-column elementor-element elementor-element-c402109\" data-id=\"c402109\" data-element_type=\"column\" data-e-type=\"column\">\n\t\t\t<div class=\"elementor-widget-wrap elementor-element-populated\">\n\t\t\t\t\t\t<div class=\"elementor-element elementor-element-e859bb2 elementor-widget elementor-widget-text-editor\" data-id=\"e859bb2\" data-element_type=\"widget\" data-e-type=\"widget\" data-widget_type=\"text-editor.default\">\n\t\t\t\t<div class=\"elementor-widget-container\">\n\t\t\t\t\t\t\t\t\t<h2>Erkl\u00e4rung zur Barrierefreiheit<\/h2>\t\t\t\t\t\t\t\t<\/div>\n\t\t\t\t<\/div>\n\t\t\t\t\t<\/div>\n\t\t<\/div>\n\t\t\t\t\t<\/div>\n\t\t<\/section>\n\t\t\t\t<section class=\"elementor-section elementor-top-section elementor-element elementor-element-3d2984e elementor-section-boxed elementor-section-height-default elementor-section-height-default parallax_section_no qode_elementor_container_no\" data-id=\"3d2984e\" data-element_type=\"section\" data-e-type=\"section\">\n\t\t\t\t\t\t<div class=\"elementor-container elementor-column-gap-default\">\n\t\t\t\t\t<div class=\"elementor-column elementor-col-100 elementor-top-column elementor-element elementor-element-995707a\" data-id=\"995707a\" data-element_type=\"column\" data-e-type=\"column\">\n\t\t\t<div class=\"elementor-widget-wrap\">\n\t\t\t\t\t\t\t<\/div>\n\t\t<\/div>\n\t\t\t\t\t<\/div>\n\t\t<\/section>\n\t\t\t\t<section class=\"elementor-section elementor-inner-section elementor-element elementor-element-621c06d8 elementor-section-boxed elementor-section-height-default elementor-section-height-default parallax_section_no qode_elementor_container_no\" data-id=\"621c06d8\" data-element_type=\"section\" data-e-type=\"section\">\n\t\t\t\t\t\t<div class=\"elementor-container elementor-column-gap-default\">\n\t\t\t\t\t<div class=\"elementor-column elementor-col-100 elementor-inner-column elementor-element elementor-element-3d11a740\" data-id=\"3d11a740\" data-element_type=\"column\" data-e-type=\"column\">\n\t\t\t<div class=\"elementor-widget-wrap elementor-element-populated\">\n\t\t\t\t\t\t<div class=\"elementor-element elementor-element-54f60648 elementor-widget elementor-widget-text-editor\" data-id=\"54f60648\" data-element_type=\"widget\" data-e-type=\"widget\" data-widget_type=\"text-editor.default\">\n\t\t\t\t<div class=\"elementor-widget-container\">\n\t\t\t\t\t\t\t\t\t<p>Das Kultur-Schloss Theuern \/ Bergbau- und Industriemuseum Ostbayern als Teil des Sachgebiets Tourismus &amp; Kultur des Landkreises Amberg-Sulzbach ist bem\u00fcht, seine Websites im Einklang mit der Bayerischen E-Government-Verordnung (BayEGovV) barrierefrei zug\u00e4nglich zu machen. Wir sind bem\u00fcht, unsere Websites und mobilen Anwendungen im Einklang mit den Bestimmungen des Behindertengleichstellungsgesetzes (BGG) sowie der Barrierefreien-Informationstechnik-Verordnung (BITV 2.0) zur Umsetzung der Richtlinie (EU) 2016\/2102 barrierefrei zug\u00e4nglich zu machen.<\/p><p>\u00a0<\/p><p>Diese Erkl\u00e4rung zur Barrierefreiheit gilt f\u00fcr www.kultur-schloss-theuern.de.<\/p><p>\u00a0<\/p><p>Stand der Vereinbarkeit mit den Anforderungen<\/p><p>Diese Website ist zu gro\u00dfen Teilen mit der Norm EN 301549, BITV 2.0, WCAG 2.1. vereinbar. Es gibt Ausnahmen.<\/p><p>\u00a0<\/p><p>Die nachstehend aufgef\u00fchrten Inhalte sind nicht barrierefrei:<\/p><p>\u00a0<\/p><p>Grafiken und Bilder: Nicht alle enthaltenen Bilder bieten Alternativtexte, diese werden laufend nachbearbeitet.<\/p><p>Kartenanwendungen<\/p><p>Einige Video-Dateien: Barrierefreie Nachbearbeitung vorhandener Video-Dateien k\u00f6nnen nicht zeitnah erstellt werden, diese werden laufend nachbearbeitet.<\/p><p>Die Kontrastverh\u00e4ltnisse sind in einigen Teilen der Seite zu gering.<\/p><p>Online-Buchungen und Bestellungen \u00fcber den Shop sind nicht oder nicht vollst\u00e4ndig barrierefrei m\u00f6glich. Da es sich hier um Bestandteile von Dritten handelt ist eine zeitnahe Umstellung nicht m\u00f6glich. Wir bieten Ihnen hier telefonische Unterst\u00fctzung (09621\/39-7930) an.<\/p><p>Nicht alle Bedienelemente sind mit der Maus ansteuerbar.<\/p><p>Online-Veranstaltungskalender ist nicht oder nicht vollst\u00e4ndig barrierefrei benutzbar. Da es sich hier um Bestandteile von Dritten handelt ist eine zeitnahe Umstellung nicht m\u00f6glich. Wir bieten Ihnen hier ein eingebundenes PDF an.<\/p><p>Grund: Vor\u00fcbergehende Ausnahme aufgrund von unverh\u00e4ltnism\u00e4\u00dfiger Belastung nach Artikel 5 der Richtlinie (EU) 2016\/2102.<\/p><p>\u00a0<\/p><p>\u00a0<\/p><p>Erstellung dieser Erkl\u00e4rung zur Barrierefreiheit<\/p><p>Diese Erkl\u00e4rung wurde am 11.06.2025 erstellt. Der Erstellung dieser Erkl\u00e4rung liegt eine durchgef\u00fchrte Selbstbewertung nach BITV-Test \/ EN 301 549 (Web) zugrunde. Die Erkl\u00e4rung wurde zuletzt am 11.06.2025 \u00fcberpr\u00fcft.<\/p><p>\u00a0<\/p><p>\u00a0<\/p><p>Feedback und Kontaktangaben<\/p><p>Etwaige Fragen, Kommentare oder M\u00e4ngel in Bezug auf die Einhaltung der Barrierefreiheitsanforderungen k\u00f6nnen Sie uns gerne unter museum@kultur-schloss-theuern.de mitteilen.<\/p><p>\u00a0<\/p><p>Zust\u00e4ndig f\u00fcr die barrierefreie Zug\u00e4nglichkeit und die Bearbeitung der im Rahmen des Feedback-Mechanismus eingehenden Mitteilungen ist:<\/p><p>\u00a0<\/p><p>Landkreis Amberg-Sulzbach<\/p><p>Schlo\u00dfgraben 3<\/p><p>92224 Amberg<\/p><p>\u00a0<\/p><p>Bergbau- und Industriemuseum Ostbayern<\/p><p>Kultur-Schloss Theuern<\/p><p>Portnerstra\u00dfe 1<\/p><p>92245 K\u00fcmmersbruck<\/p><p>Telefon: 09621\/39-7930<\/p><p>Fax: 09621\/37605-832<\/p><p>E-Mail: museum@kultur-schloss-theuern.de<\/p><p>\u00a0<\/p><p>\u00a0<\/p><p>Durchsetzungsverfahren<\/p><p>Im Rahmen eines Durchsetzungsverfahrens haben Sie die M\u00f6glichkeit, bei der Durchsetzungsstelle online einen Antrag auf Pr\u00fcfung der Einhaltung der Anforderungen an die Barrierefreiheit zu stellen.<\/p><p>\u00a0<\/p><p>\u00a0<\/p><p>Kontaktdaten der Durchsetzungsstelle<\/p><p>Landesamt f\u00fcr Digitalisierung, Breitband und Vermessung<\/p><p>IT-Dienstleistungszentrum des Freistaats Bayern<\/p><p>Durchsetzungs- und \u00dcberwachungsstelle f\u00fcr barrierefreie Informationstechnik<\/p><p>St.-Martin-Stra\u00dfe 47<\/p><p>81541 M\u00fcnchen<\/p><p>E-Mail: bitv@bayern.de<\/p><p>Internet: www.ldbv.bayern.de\/digitalisierung\/bitv.html<\/p>\t\t\t\t\t\t\t\t<\/div>\n\t\t\t\t<\/div>\n\t\t\t\t\t<\/div>\n\t\t<\/div>\n\t\t\t\t\t<\/div>\n\t\t<\/section>\n\t\t\t\t<section class=\"elementor-section elementor-top-section elementor-element elementor-element-1206b97 bottom_spacer elementor-section-boxed elementor-section-height-default elementor-section-height-default parallax_section_no qode_elementor_container_no\" data-id=\"1206b97\" data-element_type=\"section\" data-e-type=\"section\">\n\t\t\t\t\t\t<div class=\"elementor-container elementor-column-gap-default\">\n\t\t\t\t\t<div class=\"elementor-column elementor-col-100 elementor-top-column elementor-element elementor-element-d410425\" data-id=\"d410425\" data-element_type=\"column\" data-e-type=\"column\">\n\t\t\t<div class=\"elementor-widget-wrap\">\n\t\t\t\t\t\t\t<\/div>\n\t\t<\/div>\n\t\t\t\t\t<\/div>\n\t\t<\/section>\n\t\t\t\t<\/div>\n\t\t","protected":false},"excerpt":{"rendered":"<p>Erkl\u00e4rung zur Barrierefreiheit Das Kultur-Schloss Theuern \/ Bergbau- und Industriemuseum Ostbayern als Teil des Sachgebiets Tourismus &amp; Kultur des Landkreises Amberg-Sulzbach ist bem\u00fcht, seine Websites im Einklang mit der Bayerischen E-Government-Verordnung (BayEGovV) barrierefrei zug\u00e4nglich zu machen. Wir sind bem\u00fcht, unsere Websites und mobilen Anwendungen im&#8230;<\/p>","protected":false},"author":1,"featured_media":0,"parent":0,"menu_order":-1,"comment_status":"closed","ping_status":"closed","template":"","meta":{"footnotes":""},"class_list":["post-4013","page","type-page","status-publish","hentry"],"_links":{"self":[{"href":"https:\/\/kultur-schloss-theuern.de\/en\/wp-json\/wp\/v2\/pages\/4013","targetHints":{"allow":["GET"]}}],"collection":[{"href":"https:\/\/kultur-schloss-theuern.de\/en\/wp-json\/wp\/v2\/pages"}],"about":[{"href":"https:\/\/kultur-schloss-theuern.de\/en\/wp-json\/wp\/v2\/types\/page"}],"author":[{"embeddable":true,"href":"https:\/\/kultur-schloss-theuern.de\/en\/wp-json\/wp\/v2\/users\/1"}],"replies":[{"embeddable":true,"href":"https:\/\/kultur-schloss-theuern.de\/en\/wp-json\/wp\/v2\/comments?post=4013"}],"version-history":[{"count":16,"href":"https:\/\/kultur-schloss-theuern.de\/en\/wp-json\/wp\/v2\/pages\/4013\/revisions"}],"predecessor-version":[{"id":4029,"href":"https:\/\/kultur-schloss-theuern.de\/en\/wp-json\/wp\/v2\/pages\/4013\/revisions\/4029"}],"wp:attachment":[{"href":"https:\/\/kultur-schloss-theuern.de\/en\/wp-json\/wp\/v2\/media?parent=4013"}],"curies":[{"name":"wp","href":"https:\/\/api.w.org\/{rel}","templated":true}]}}