{"id":1618,"date":"2022-09-08T17:21:18","date_gmt":"2022-09-08T15:21:18","guid":{"rendered":"https:\/\/kultur-schloss-theuern.de\/?page_id=1618"},"modified":"2022-11-29T15:36:51","modified_gmt":"2022-11-29T14:36:51","slug":"vermittlung","status":"publish","type":"page","link":"https:\/\/kultur-schloss-theuern.de\/en\/vermittlung\/","title":{"rendered":"Mediation"},"content":{"rendered":"\t\t<div data-elementor-type=\"wp-page\" data-elementor-id=\"1618\" class=\"elementor elementor-1618\">\n\t\t\t\t\t\t<section class=\"elementor-section elementor-top-section elementor-element elementor-element-fae003e elementor-section-full_width elementor-section-height-default elementor-section-height-default parallax_section_no qode_elementor_container_no\" data-id=\"fae003e\" data-element_type=\"section\" data-e-type=\"section\">\n\t\t\t\t\t\t<div class=\"elementor-container elementor-column-gap-no\">\n\t\t\t\t\t<div class=\"elementor-column elementor-col-100 elementor-top-column elementor-element elementor-element-ed791ae\" data-id=\"ed791ae\" data-element_type=\"column\" data-e-type=\"column\">\n\t\t\t<div class=\"elementor-widget-wrap elementor-element-populated\">\n\t\t\t\t\t\t<div class=\"elementor-element elementor-element-0a4b483 elementor-widget elementor-widget-slider_revolution\" data-id=\"0a4b483\" data-element_type=\"widget\" data-e-type=\"widget\" data-widget_type=\"slider_revolution.default\">\n\t\t\t\t<div class=\"elementor-widget-container\">\n\t\t\t\t\t\n\t\t<div class=\"wp-block-themepunch-revslider\">\n\t\t\t<!-- START Museum REVOLUTION SLIDER 6.7.40 --><p class=\"rs-p-wp-fix\"><\/p>\n\t\t\t<rs-module-wrap id=\"rev_slider_3_1_wrapper\" data-source=\"gallery\" style=\"visibility:hidden;background:#aca49a;padding:0;margin:0px auto;margin-top:0;margin-bottom:0;\">\n\t\t\t\t<rs-module id=\"rev_slider_3_1\" style=\"\" data-version=\"6.7.40\">\n\t\t\t\t\t<rs-slides style=\"overflow: hidden; position: absolute;\">\n\t\t\t\t\t\t<rs-slide style=\"position: absolute;\" data-key=\"rs-9\" data-title=\"Slide\" data-anim=\"adpr:false;\" data-in=\"o:0;\" data-out=\"a:false;\">\n\t\t\t\t\t\t\t<img fetchpriority=\"high\" decoding=\"async\" src=\"\/\/kultur-schloss-theuern.de\/wp-content\/plugins\/revslider\/sr6\/assets\/assets\/dummy.png\" alt=\"\" title=\"1_Schmiedepresse_Luitpoldh\u00fctte\" width=\"2560\" height=\"1880\" class=\"rev-slidebg tp-rs-img rs-lazyload\" data-lazyload=\"\/\/kultur-schloss-theuern.de\/wp-content\/uploads\/2022\/06\/1_Schmiedepresse_Luitpoldhuette.jpg\" data-bg=\"p:0% 72%;\" data-no-retina>\n<!---->\t\t\t\t\t<\/rs-slide>\n\t\t\t\t\t<\/rs-slides>\n\t\t\t\t<\/rs-module>\n\t\t\t\t<script>\n\t\t\t\t\tsetREVStartSize({c: 'rev_slider_3_1',rl:[1240,1024,778,480],el:[955,640,640,640],gw:[1300,1100,778,480],gh:[955,640,640,640],type:'standard',justify:'',layout:'fullwidth',mh:\"0\"});if (window.RS_MODULES!==undefined && window.RS_MODULES.modules!==undefined && window.RS_MODULES.modules[\"revslider31\"]!==undefined) {window.RS_MODULES.modules[\"revslider31\"].once = false;window.revapi3 = undefined;if (window.RS_MODULES.checkMinimal!==undefined) window.RS_MODULES.checkMinimal()}\n\t\t\t\t<\/script>\n\t\t\t<\/rs-module-wrap>\n\t\t\t<!-- END REVOLUTION SLIDER -->\n<\/div>\n\n\t\t\t\t\t\t<\/div>\n\t\t\t\t<\/div>\n\t\t\t\t\t<\/div>\n\t\t<\/div>\n\t\t\t\t\t<\/div>\n\t\t<\/section>\n\t\t\t\t<section class=\"elementor-section elementor-inner-section elementor-element elementor-element-5acaf0c elementor-section-boxed elementor-section-height-default elementor-section-height-default parallax_section_no qode_elementor_container_no\" data-id=\"5acaf0c\" data-element_type=\"section\" data-e-type=\"section\">\n\t\t\t\t\t\t<div class=\"elementor-container elementor-column-gap-default\">\n\t\t\t\t\t<div class=\"elementor-column elementor-col-100 elementor-inner-column elementor-element elementor-element-25b9244\" data-id=\"25b9244\" data-element_type=\"column\" data-e-type=\"column\">\n\t\t\t<div class=\"elementor-widget-wrap elementor-element-populated\">\n\t\t\t\t\t\t<div class=\"elementor-element elementor-element-ff8a330 elementor-widget elementor-widget-text-editor\" data-id=\"ff8a330\" data-element_type=\"widget\" data-e-type=\"widget\" data-widget_type=\"text-editor.default\">\n\t\t\t\t<div class=\"elementor-widget-container\">\n\t\t\t\t\t\t\t\t\t<h2>Vermittlung<\/h2>\t\t\t\t\t\t\t\t<\/div>\n\t\t\t\t<\/div>\n\t\t\t\t<div class=\"elementor-element elementor-element-90480a9 elementor-widget elementor-widget-text-editor\" data-id=\"90480a9\" data-element_type=\"widget\" data-e-type=\"widget\" data-widget_type=\"text-editor.default\">\n\t\t\t\t<div class=\"elementor-widget-container\">\n\t\t\t\t\t\t\t\t\t<p>Montankiste \u2013 Bergbau- und Industriegeschichte erleben<\/p><p>\u00a0<\/p><p>Das Projekt \u201eMontankiste \u2013 Bergbau- und Industriegeschichte erleben\u201c stellt ein interaktives, kompetenzorientiertes Vermittlungsangebot f\u00fcr Museen dar, das f\u00fcr den Einsatz an der Schnittstelle zwischen Schule und Museum gedacht ist. Innovative Medienp\u00e4dagogik sowie forschend-entdeckendes Lernen stehen dabei methodisch im Fokus. Das mobile Konzept erm\u00f6glicht es, dass Vermittlungseinheiten sowohl vor Ort im Museum \u2013 sei es im P\u00e4dagogikraum oder im Freien \u2013 als auch an Schulen durchgef\u00fchrt werden k\u00f6nnen.<\/p><p>\u00a0<\/p><p>Konkret handelt es sich bei der Montankiste um den modifizierten Nachbau einer Bergmannstruhe, die zum einen mit klassischen Museumsgegenst\u00e4nden \u2013 also Objekten (Originale und Nachbauten), Bild- und Schriftzeugnissen \u2013 und zum anderen mit einer integrierten Medienstation f\u00fcr die Wiedergabe von Filmsequenzen und Tonspuren ausgestattet ist. Ferner ist es mithilfe von zwei herausnehmbaren Tablets m\u00f6glich, \u00fcber eine Augmented-Reality-Simulation digital an verschiedene Stationen der Oberpf\u00e4lzer Montangeschichte zu reisen. Ebenfalls herausnehmbare F\u00fchl- und Riechboxen sowie Experimentiermodule laden zum Entdecken mit allen Sinnen ein. Im Deckel der Kiste befindet sich zus\u00e4tzlich ein Kamishibai, ein Bildtheater.<\/p>\t\t\t\t\t\t\t\t<\/div>\n\t\t\t\t<\/div>\n\t\t\t\t\t<\/div>\n\t\t<\/div>\n\t\t\t\t\t<\/div>\n\t\t<\/section>\n\t\t\t\t<section class=\"elementor-section elementor-top-section elementor-element elementor-element-beb5211 bottom_spacer elementor-section-boxed elementor-section-height-default elementor-section-height-default parallax_section_no qode_elementor_container_no\" data-id=\"beb5211\" data-element_type=\"section\" data-e-type=\"section\">\n\t\t\t\t\t\t<div class=\"elementor-container elementor-column-gap-default\">\n\t\t\t\t\t<div class=\"elementor-column elementor-col-100 elementor-top-column elementor-element elementor-element-1383027\" data-id=\"1383027\" data-element_type=\"column\" data-e-type=\"column\">\n\t\t\t<div class=\"elementor-widget-wrap\">\n\t\t\t\t\t\t\t<\/div>\n\t\t<\/div>\n\t\t\t\t\t<\/div>\n\t\t<\/section>\n\t\t\t\t<\/div>\n\t\t","protected":false},"excerpt":{"rendered":"<p>Vermittlung Montankiste \u2013 Bergbau- und Industriegeschichte erleben \u00a0 Das Projekt \u201eMontankiste \u2013 Bergbau- und Industriegeschichte erleben\u201c stellt ein interaktives, kompetenzorientiertes Vermittlungsangebot f\u00fcr Museen dar, das f\u00fcr den Einsatz an der Schnittstelle zwischen Schule und Museum gedacht ist. Innovative Medienp\u00e4dagogik sowie forschend-entdeckendes Lernen stehen dabei methodisch&#8230;<\/p>","protected":false},"author":1,"featured_media":0,"parent":0,"menu_order":-4,"comment_status":"closed","ping_status":"closed","template":"","meta":{"footnotes":""},"class_list":["post-1618","page","type-page","status-publish","hentry"],"_links":{"self":[{"href":"https:\/\/kultur-schloss-theuern.de\/en\/wp-json\/wp\/v2\/pages\/1618","targetHints":{"allow":["GET"]}}],"collection":[{"href":"https:\/\/kultur-schloss-theuern.de\/en\/wp-json\/wp\/v2\/pages"}],"about":[{"href":"https:\/\/kultur-schloss-theuern.de\/en\/wp-json\/wp\/v2\/types\/page"}],"author":[{"embeddable":true,"href":"https:\/\/kultur-schloss-theuern.de\/en\/wp-json\/wp\/v2\/users\/1"}],"replies":[{"embeddable":true,"href":"https:\/\/kultur-schloss-theuern.de\/en\/wp-json\/wp\/v2\/comments?post=1618"}],"version-history":[{"count":8,"href":"https:\/\/kultur-schloss-theuern.de\/en\/wp-json\/wp\/v2\/pages\/1618\/revisions"}],"predecessor-version":[{"id":2277,"href":"https:\/\/kultur-schloss-theuern.de\/en\/wp-json\/wp\/v2\/pages\/1618\/revisions\/2277"}],"wp:attachment":[{"href":"https:\/\/kultur-schloss-theuern.de\/en\/wp-json\/wp\/v2\/media?parent=1618"}],"curies":[{"name":"wp","href":"https:\/\/api.w.org\/{rel}","templated":true}]}}