{"id":1607,"date":"2022-09-08T17:18:31","date_gmt":"2022-09-08T15:18:31","guid":{"rendered":"https:\/\/kultur-schloss-theuern.de\/?page_id=1607"},"modified":"2023-02-03T12:35:21","modified_gmt":"2023-02-03T11:35:21","slug":"forschung","status":"publish","type":"page","link":"https:\/\/kultur-schloss-theuern.de\/en\/forschung\/","title":{"rendered":"Research"},"content":{"rendered":"\t\t<div data-elementor-type=\"wp-page\" data-elementor-id=\"1607\" class=\"elementor elementor-1607\">\n\t\t\t\t\t\t<section class=\"elementor-section elementor-top-section elementor-element elementor-element-fae003e elementor-section-full_width elementor-section-height-default elementor-section-height-default parallax_section_no qode_elementor_container_no\" data-id=\"fae003e\" data-element_type=\"section\" data-e-type=\"section\">\n\t\t\t\t\t\t<div class=\"elementor-container elementor-column-gap-no\">\n\t\t\t\t\t<div class=\"elementor-column elementor-col-100 elementor-top-column elementor-element elementor-element-ed791ae\" data-id=\"ed791ae\" data-element_type=\"column\" data-e-type=\"column\">\n\t\t\t<div class=\"elementor-widget-wrap elementor-element-populated\">\n\t\t\t\t\t\t<div class=\"elementor-element elementor-element-0a4b483 elementor-widget elementor-widget-slider_revolution\" data-id=\"0a4b483\" data-element_type=\"widget\" data-e-type=\"widget\" data-widget_type=\"slider_revolution.default\">\n\t\t\t\t<div class=\"elementor-widget-container\">\n\t\t\t\t\t\n\t\t<div class=\"wp-block-themepunch-revslider\">\n\t\t\t<!-- START Museum REVOLUTION SLIDER 6.7.40 --><p class=\"rs-p-wp-fix\"><\/p>\n\t\t\t<rs-module-wrap id=\"rev_slider_3_1_wrapper\" data-source=\"gallery\" style=\"visibility:hidden;background:#aca49a;padding:0;margin:0px auto;margin-top:0;margin-bottom:0;\">\n\t\t\t\t<rs-module id=\"rev_slider_3_1\" style=\"\" data-version=\"6.7.40\">\n\t\t\t\t\t<rs-slides style=\"overflow: hidden; position: absolute;\">\n\t\t\t\t\t\t<rs-slide style=\"position: absolute;\" data-key=\"rs-9\" data-title=\"Slide\" data-anim=\"adpr:false;\" data-in=\"o:0;\" data-out=\"a:false;\">\n\t\t\t\t\t\t\t<img fetchpriority=\"high\" decoding=\"async\" src=\"\/\/kultur-schloss-theuern.de\/wp-content\/plugins\/revslider\/sr6\/assets\/assets\/dummy.png\" alt=\"\" title=\"1_Schmiedepresse_Luitpoldh\u00fctte\" width=\"2560\" height=\"1880\" class=\"rev-slidebg tp-rs-img rs-lazyload\" data-lazyload=\"\/\/kultur-schloss-theuern.de\/wp-content\/uploads\/2022\/06\/1_Schmiedepresse_Luitpoldhuette.jpg\" data-bg=\"p:0% 72%;\" data-no-retina>\n<!---->\t\t\t\t\t<\/rs-slide>\n\t\t\t\t\t<\/rs-slides>\n\t\t\t\t<\/rs-module>\n\t\t\t\t<script>\n\t\t\t\t\tsetREVStartSize({c: 'rev_slider_3_1',rl:[1240,1024,778,480],el:[955,640,640,640],gw:[1300,1100,778,480],gh:[955,640,640,640],type:'standard',justify:'',layout:'fullwidth',mh:\"0\"});if (window.RS_MODULES!==undefined && window.RS_MODULES.modules!==undefined && window.RS_MODULES.modules[\"revslider31\"]!==undefined) {window.RS_MODULES.modules[\"revslider31\"].once = false;window.revapi3 = undefined;if (window.RS_MODULES.checkMinimal!==undefined) window.RS_MODULES.checkMinimal()}\n\t\t\t\t<\/script>\n\t\t\t<\/rs-module-wrap>\n\t\t\t<!-- END REVOLUTION SLIDER -->\n<\/div>\n\n\t\t\t\t\t\t<\/div>\n\t\t\t\t<\/div>\n\t\t\t\t\t<\/div>\n\t\t<\/div>\n\t\t\t\t\t<\/div>\n\t\t<\/section>\n\t\t\t\t<section class=\"elementor-section elementor-inner-section elementor-element elementor-element-5c2b4547 elementor-section-boxed elementor-section-height-default elementor-section-height-default parallax_section_no qode_elementor_container_no\" data-id=\"5c2b4547\" data-element_type=\"section\" data-e-type=\"section\">\n\t\t\t\t\t\t<div class=\"elementor-container elementor-column-gap-default\">\n\t\t\t\t\t<div class=\"elementor-column elementor-col-100 elementor-inner-column elementor-element elementor-element-71033eb\" data-id=\"71033eb\" data-element_type=\"column\" data-e-type=\"column\">\n\t\t\t<div class=\"elementor-widget-wrap elementor-element-populated\">\n\t\t\t\t\t\t<div class=\"elementor-element elementor-element-252f7589 elementor-widget elementor-widget-text-editor\" data-id=\"252f7589\" data-element_type=\"widget\" data-e-type=\"widget\" data-widget_type=\"text-editor.default\">\n\t\t\t\t<div class=\"elementor-widget-container\">\n\t\t\t\t\t\t\t\t\t<h2>Forschung<\/h2>\t\t\t\t\t\t\t\t<\/div>\n\t\t\t\t<\/div>\n\t\t\t\t\t<\/div>\n\t\t<\/div>\n\t\t\t\t\t<\/div>\n\t\t<\/section>\n\t\t\t\t<section class=\"elementor-section elementor-inner-section elementor-element elementor-element-330491e5 elementor-reverse-mobile elementor-section-boxed elementor-section-height-default elementor-section-height-default parallax_section_no qode_elementor_container_no\" data-id=\"330491e5\" data-element_type=\"section\" data-e-type=\"section\">\n\t\t\t\t\t\t<div class=\"elementor-container elementor-column-gap-default\">\n\t\t\t\t\t<div class=\"elementor-column elementor-col-50 elementor-inner-column elementor-element elementor-element-e1ea174\" data-id=\"e1ea174\" data-element_type=\"column\" data-e-type=\"column\">\n\t\t\t<div class=\"elementor-widget-wrap elementor-element-populated\">\n\t\t\t\t\t\t<div class=\"elementor-element elementor-element-5169a334 elementor-widget elementor-widget-bridge_image_gallery\" data-id=\"5169a334\" data-element_type=\"widget\" data-e-type=\"widget\" data-widget_type=\"bridge_image_gallery.default\">\n\t\t\t\t<div class=\"elementor-widget-container\">\n\t\t\t\t\t<div class=\"qode-image-gallery\"><div class=\"qode-image-gallery-inner\"><div class=\"qode-image-gallery-slides drag_enabled flexslider_fade flexslider\" data-interval=\"3\"data-flex_fx=\"fade\" data-direction=\"true\" data-drag=\"true\"><ul class=\"slides\"><li><img decoding=\"async\" src=\"https:\/\/kultur-schloss-theuern.de\/wp-content\/uploads\/2023\/01\/dsc01526-615x410.jpg\" alt=\"\" width=\"615\" height=\"410\" \/><\/li><li><img decoding=\"async\" src=\"https:\/\/kultur-schloss-theuern.de\/wp-content\/uploads\/2023\/01\/dsc01985-615x410.jpg\" alt=\"\" width=\"615\" height=\"410\" \/><\/li><li><img loading=\"lazy\" decoding=\"async\" src=\"https:\/\/kultur-schloss-theuern.de\/wp-content\/uploads\/2023\/01\/dsc01999-615x410.jpg\" alt=\"\" width=\"615\" height=\"410\" \/><\/li><li><img loading=\"lazy\" decoding=\"async\" src=\"https:\/\/kultur-schloss-theuern.de\/wp-content\/uploads\/2023\/01\/dsc02003-615x410.jpg\" alt=\"\" width=\"615\" height=\"410\" \/><\/li><li><img loading=\"lazy\" decoding=\"async\" src=\"https:\/\/kultur-schloss-theuern.de\/wp-content\/uploads\/2023\/01\/dsc02005-615x410.jpg\" alt=\"\" width=\"615\" height=\"410\" \/><\/li><\/div><\/div><\/div>\t\t\t\t<\/div>\n\t\t\t\t<\/div>\n\t\t\t\t\t<\/div>\n\t\t<\/div>\n\t\t\t\t<div class=\"elementor-column elementor-col-50 elementor-inner-column elementor-element elementor-element-2fa9bbaa\" data-id=\"2fa9bbaa\" data-element_type=\"column\" data-e-type=\"column\">\n\t\t\t<div class=\"elementor-widget-wrap elementor-element-populated\">\n\t\t\t\t\t\t<div class=\"elementor-element elementor-element-7a76671f elementor-widget elementor-widget-text-editor\" data-id=\"7a76671f\" data-element_type=\"widget\" data-e-type=\"widget\" data-widget_type=\"text-editor.default\">\n\t\t\t\t<div class=\"elementor-widget-container\">\n\t\t\t\t\t\t\t\t\t<h5>Kooperation \u201eAntike Werkstoffe\u201c<\/h5><p>\u00a0<\/p><p>Zwischen dem Bergbau- und Industriemuseum Ostbayern und dem Lehrstuhl f\u00fcr Alte Geschichte der Universit\u00e4t Regensburg wurde 2020 eine f\u00fcnfj\u00e4hrige Kooperationsvereinbarung zum Thema &#8222;Antike Werkstoffe&#8220; geschlossen.<\/p><p>\u00a0<\/p><p>Zentrales Ziel ist es hierbei im Rahmen von arch\u00e4ologischen Versuchsreihen neue Erkenntnisse zur Herstellung und Verarbeitung von historischen Werkstoffen zu gewinnen.<\/p><p>Durch die Kooperation wurde nicht nur ein kontinuierlicher Ideenaustausch zwischen den Institutionen etabliert, sondern auch eine Verkn\u00fcpfung der wissenschaftlichen Ressourcen der Universit\u00e4t Regensburg mit den musealen M\u00f6glichkeiten des Bergbau- und Industriemuseums Ostbayern erreicht. Als lebendiger Forschungs- und Lernort ist das Museum so im Stande, junge Menschen f\u00fcr Handwerk, Bergbau und Industrie zu begeistern.<\/p><p>\u00a0<\/p><p>Langfristig ist vom Bergbau- und Industriemuseum Ostbayern die Schaffung eines \u00fcberregionalen Netzwerkes von Wissenschaftlern, die sich mit montanhistorischen Themen befassen, angestrebt. Auf diese Weise soll eine gezielte B\u00fcndelung von Kompetenzen und Wissen \u2013 insbesondere im Bereich der experimentellen Eisenforschung \u2013 in der Oberpfalz erreicht werden.<\/p>\t\t\t\t\t\t\t\t<\/div>\n\t\t\t\t<\/div>\n\t\t\t\t\t<\/div>\n\t\t<\/div>\n\t\t\t\t\t<\/div>\n\t\t<\/section>\n\t\t\t\t<section class=\"elementor-section elementor-top-section elementor-element elementor-element-85d7c8a elementor-section-boxed elementor-section-height-default elementor-section-height-default parallax_section_no qode_elementor_container_no\" data-id=\"85d7c8a\" data-element_type=\"section\" data-e-type=\"section\">\n\t\t\t\t\t\t<div class=\"elementor-container elementor-column-gap-default\">\n\t\t\t\t\t<div class=\"elementor-column elementor-col-33 elementor-top-column elementor-element elementor-element-47d882a8\" data-id=\"47d882a8\" data-element_type=\"column\" data-e-type=\"column\">\n\t\t\t<div class=\"elementor-widget-wrap\">\n\t\t\t\t\t\t\t<\/div>\n\t\t<\/div>\n\t\t\t\t<div class=\"elementor-column elementor-col-33 elementor-top-column elementor-element elementor-element-6ece28f9 rahmen_oben\" data-id=\"6ece28f9\" data-element_type=\"column\" data-e-type=\"column\">\n\t\t\t<div class=\"elementor-widget-wrap\">\n\t\t\t\t\t\t\t<\/div>\n\t\t<\/div>\n\t\t\t\t<div class=\"elementor-column elementor-col-33 elementor-top-column elementor-element elementor-element-1215b59f\" data-id=\"1215b59f\" data-element_type=\"column\" data-e-type=\"column\">\n\t\t\t<div class=\"elementor-widget-wrap\">\n\t\t\t\t\t\t\t<\/div>\n\t\t<\/div>\n\t\t\t\t\t<\/div>\n\t\t<\/section>\n\t\t\t\t<section class=\"elementor-section elementor-inner-section elementor-element elementor-element-2830f4cf elementor-section-boxed elementor-section-height-default elementor-section-height-default parallax_section_no qode_elementor_container_no\" data-id=\"2830f4cf\" data-element_type=\"section\" data-e-type=\"section\">\n\t\t\t\t\t\t<div class=\"elementor-container elementor-column-gap-default\">\n\t\t\t\t\t<div class=\"elementor-column elementor-col-50 elementor-inner-column elementor-element elementor-element-7520ddbc\" data-id=\"7520ddbc\" data-element_type=\"column\" data-e-type=\"column\">\n\t\t\t<div class=\"elementor-widget-wrap elementor-element-populated\">\n\t\t\t\t\t\t<div class=\"elementor-element elementor-element-348e95d elementor-widget elementor-widget-text-editor\" data-id=\"348e95d\" data-element_type=\"widget\" data-e-type=\"widget\" data-widget_type=\"text-editor.default\">\n\t\t\t\t<div class=\"elementor-widget-container\">\n\t\t\t\t\t\t\t\t\t<h5>Experimentalarch\u00e4ologische Versuchsreihe zur Holzkohlegewinnung im fr\u00fchmittelalterlichen Grubenmeiler\u00a0<\/h5><p>\u00a0<\/p><p>Die Holzkohle war von der Vor- und Fr\u00fchgeschichte bis in die Neuzeit hinein ein wichtiger Rohstoff f\u00fcr die Eisengewinnung und -verarbeitung. Deshalb kam der K\u00f6hlerei im Rahmen der Entwicklung des Oberpf\u00e4lzer Eisenwesens eine essentielle Bedeutung zu. Zahlreiche arch\u00e4ologisch erfasste Meilerpl\u00e4tze liefern Nachweise f\u00fcr die regionale Produktion von Holzkohle sp\u00e4testens ab dem Fr\u00fchmittelalter. So wurden beispielsweise direkt vor dem Theuerner Hammerherrenschloss die Reste eines fr\u00fchmittelalterlichen Grubenmeilers aufgedeckt und untersucht.<\/p><p>\u00a0<\/p><p>Obwohl die Verkohlung von Holz in kleineren Grubenmeilern noch bis in die Neuzeit hinein betrieben wurde, sind noch viele Fragen zur genauen Funktion und Konstruktion sowie zur Effektivit\u00e4t von Grubenmeilern bis heute ungel\u00f6st.<\/p><p>\u00a0<\/p><p>Um neue Erkenntnisse zur Funktion, Effektivit\u00e4t und zum Aufwand der Holzkohleerzeugung in Grubenmeilern zu gewinnen, wurde vom 14. bis 25. M\u00e4rz 2022 auf dem K\u00f6hlerplatz in Ebermannsdorf (Landkreis Amberg-Sulzbach) vom Bergbau- und Industriemuseum Ostbayern, den K\u00f6hlerfreunden Ebermannsdorf und der Universit\u00e4t Regensburg kooperativ eine experimentalarch\u00e4ologische Versuchsreihe durchgef\u00fchrt.<\/p>\t\t\t\t\t\t\t\t<\/div>\n\t\t\t\t<\/div>\n\t\t\t\t\t<\/div>\n\t\t<\/div>\n\t\t\t\t<div class=\"elementor-column elementor-col-50 elementor-inner-column elementor-element elementor-element-4f229bd2\" data-id=\"4f229bd2\" data-element_type=\"column\" data-e-type=\"column\">\n\t\t\t<div class=\"elementor-widget-wrap elementor-element-populated\">\n\t\t\t\t\t\t<div class=\"elementor-element elementor-element-7fe83fbe elementor-widget elementor-widget-bridge_image_gallery\" data-id=\"7fe83fbe\" data-element_type=\"widget\" data-e-type=\"widget\" data-widget_type=\"bridge_image_gallery.default\">\n\t\t\t\t<div class=\"elementor-widget-container\">\n\t\t\t\t\t<div class=\"qode-image-gallery\"><div class=\"qode-image-gallery-inner\"><div class=\"qode-image-gallery-slides drag_enabled flexslider_fade flexslider\" data-interval=\"3\"data-flex_fx=\"fade\" data-direction=\"true\" data-drag=\"true\"><ul class=\"slides\"><li><img loading=\"lazy\" decoding=\"async\" src=\"https:\/\/kultur-schloss-theuern.de\/wp-content\/uploads\/2023\/02\/Abb.-11-615x410.jpg\" alt=\"\" width=\"615\" height=\"410\" \/><\/li><li><img loading=\"lazy\" decoding=\"async\" src=\"https:\/\/kultur-schloss-theuern.de\/wp-content\/uploads\/2023\/02\/Abb.-13-615x410.jpg\" alt=\"\" width=\"615\" height=\"410\" \/><\/li><li><img loading=\"lazy\" decoding=\"async\" src=\"https:\/\/kultur-schloss-theuern.de\/wp-content\/uploads\/2023\/02\/Abb.-14-615x410.jpg\" alt=\"\" width=\"615\" height=\"410\" \/><\/li><li><img loading=\"lazy\" decoding=\"async\" src=\"https:\/\/kultur-schloss-theuern.de\/wp-content\/uploads\/2023\/02\/Abb.-15-615x410.jpg\" alt=\"\" width=\"615\" height=\"410\" \/><\/li><li><img loading=\"lazy\" decoding=\"async\" src=\"https:\/\/kultur-schloss-theuern.de\/wp-content\/uploads\/2023\/02\/Abb.-16-615x410.jpg\" alt=\"\" width=\"615\" height=\"410\" \/><\/li><li><img loading=\"lazy\" decoding=\"async\" src=\"https:\/\/kultur-schloss-theuern.de\/wp-content\/uploads\/2023\/02\/Abb.-17-615x410.jpg\" alt=\"\" width=\"615\" height=\"410\" \/><\/li><\/div><\/div><\/div>\t\t\t\t<\/div>\n\t\t\t\t<\/div>\n\t\t\t\t\t<\/div>\n\t\t<\/div>\n\t\t\t\t\t<\/div>\n\t\t<\/section>\n\t\t\t\t<\/div>\n\t\t","protected":false},"excerpt":{"rendered":"<p>Forschung Kooperation \u201eAntike Werkstoffe\u201c \u00a0 Zwischen dem Bergbau- und Industriemuseum Ostbayern und dem Lehrstuhl f\u00fcr Alte Geschichte der Universit\u00e4t Regensburg wurde 2020 eine f\u00fcnfj\u00e4hrige Kooperationsvereinbarung zum Thema &#8222;Antike Werkstoffe&#8220; geschlossen. \u00a0 Zentrales Ziel ist es hierbei im Rahmen von arch\u00e4ologischen Versuchsreihen neue Erkenntnisse zur Herstellung&#8230;<\/p>","protected":false},"author":1,"featured_media":0,"parent":0,"menu_order":-4,"comment_status":"closed","ping_status":"closed","template":"","meta":{"footnotes":""},"class_list":["post-1607","page","type-page","status-publish","hentry"],"_links":{"self":[{"href":"https:\/\/kultur-schloss-theuern.de\/en\/wp-json\/wp\/v2\/pages\/1607","targetHints":{"allow":["GET"]}}],"collection":[{"href":"https:\/\/kultur-schloss-theuern.de\/en\/wp-json\/wp\/v2\/pages"}],"about":[{"href":"https:\/\/kultur-schloss-theuern.de\/en\/wp-json\/wp\/v2\/types\/page"}],"author":[{"embeddable":true,"href":"https:\/\/kultur-schloss-theuern.de\/en\/wp-json\/wp\/v2\/users\/1"}],"replies":[{"embeddable":true,"href":"https:\/\/kultur-schloss-theuern.de\/en\/wp-json\/wp\/v2\/comments?post=1607"}],"version-history":[{"count":16,"href":"https:\/\/kultur-schloss-theuern.de\/en\/wp-json\/wp\/v2\/pages\/1607\/revisions"}],"predecessor-version":[{"id":2537,"href":"https:\/\/kultur-schloss-theuern.de\/en\/wp-json\/wp\/v2\/pages\/1607\/revisions\/2537"}],"wp:attachment":[{"href":"https:\/\/kultur-schloss-theuern.de\/en\/wp-json\/wp\/v2\/media?parent=1607"}],"curies":[{"name":"wp","href":"https:\/\/api.w.org\/{rel}","templated":true}]}}