{"id":1604,"date":"2022-09-08T17:15:19","date_gmt":"2022-09-08T15:15:19","guid":{"rendered":"https:\/\/kultur-schloss-theuern.de\/?page_id=1604"},"modified":"2024-08-28T09:38:44","modified_gmt":"2024-08-28T07:38:44","slug":"feiern-und-tagen","status":"publish","type":"page","link":"https:\/\/kultur-schloss-theuern.de\/en\/feiern-und-tagen\/","title":{"rendered":"Celebrations &amp; Meetings"},"content":{"rendered":"\t\t<div data-elementor-type=\"wp-page\" data-elementor-id=\"1604\" class=\"elementor elementor-1604\">\n\t\t\t\t\t\t<section class=\"elementor-section elementor-top-section elementor-element elementor-element-fae003e elementor-section-full_width elementor-section-height-default elementor-section-height-default parallax_section_no qode_elementor_container_no\" data-id=\"fae003e\" data-element_type=\"section\" data-e-type=\"section\">\n\t\t\t\t\t\t<div class=\"elementor-container elementor-column-gap-no\">\n\t\t\t\t\t<div class=\"elementor-column elementor-col-100 elementor-top-column elementor-element elementor-element-ed791ae\" data-id=\"ed791ae\" data-element_type=\"column\" data-e-type=\"column\">\n\t\t\t<div class=\"elementor-widget-wrap elementor-element-populated\">\n\t\t\t\t\t\t<div class=\"elementor-element elementor-element-0a4b483 elementor-widget elementor-widget-slider_revolution\" data-id=\"0a4b483\" data-element_type=\"widget\" data-e-type=\"widget\" data-widget_type=\"slider_revolution.default\">\n\t\t\t\t<div class=\"elementor-widget-container\">\n\t\t\t\t\t\n\t\t<div class=\"wp-block-themepunch-revslider\">\n\t\t\t<!-- START Feiern und Tagen REVOLUTION SLIDER 6.7.40 --><p class=\"rs-p-wp-fix\"><\/p>\n\t\t\t<rs-module-wrap id=\"rev_slider_5_1_wrapper\" data-source=\"gallery\" style=\"visibility:hidden;background:#aca49a;padding:0;margin:0px auto;margin-top:0;margin-bottom:0;\">\n\t\t\t\t<rs-module id=\"rev_slider_5_1\" style=\"\" data-version=\"6.7.40\">\n\t\t\t\t\t<rs-slides style=\"overflow: hidden; position: absolute;\">\n\t\t\t\t\t\t<rs-slide style=\"position: absolute;\" data-key=\"rs-11\" data-title=\"Slide\" data-anim=\"adpr:false;\" data-in=\"o:0;\" data-out=\"a:false;\">\n\t\t\t\t\t\t\t<img fetchpriority=\"high\" decoding=\"async\" src=\"\/\/kultur-schloss-theuern.de\/wp-content\/plugins\/revslider\/sr6\/assets\/assets\/dummy.png\" alt=\"Der gro\u00dfe Saal - leer und beleuchtet\" title=\"Kulturschloss_Timo Viehmann_01\" width=\"2035\" height=\"955\" class=\"rev-slidebg tp-rs-img rs-lazyload\" data-lazyload=\"\/\/kultur-schloss-theuern.de\/wp-content\/uploads\/2023\/07\/Kulturschloss_Timo-Viehmann_01.jpg\" data-no-retina>\n<!---->\t\t\t\t\t<\/rs-slide>\n\t\t\t\t\t<\/rs-slides>\n\t\t\t\t<\/rs-module>\n\t\t\t\t<script>\n\t\t\t\t\tsetREVStartSize({c: 'rev_slider_5_1',rl:[1240,1024,778,480],el:[955,640,640,640],gw:[1300,1100,778,480],gh:[955,640,640,640],type:'standard',justify:'',layout:'fullwidth',mh:\"0\"});if (window.RS_MODULES!==undefined && window.RS_MODULES.modules!==undefined && window.RS_MODULES.modules[\"revslider51\"]!==undefined) {window.RS_MODULES.modules[\"revslider51\"].once = false;window.revapi5 = undefined;if (window.RS_MODULES.checkMinimal!==undefined) window.RS_MODULES.checkMinimal()}\n\t\t\t\t<\/script>\n\t\t\t<\/rs-module-wrap>\n\t\t\t<!-- END REVOLUTION SLIDER -->\n<\/div>\n\n\t\t\t\t\t\t<\/div>\n\t\t\t\t<\/div>\n\t\t\t\t\t<\/div>\n\t\t<\/div>\n\t\t\t\t\t<\/div>\n\t\t<\/section>\n\t\t\t\t<section class=\"elementor-section elementor-inner-section elementor-element elementor-element-b19da9d elementor-section-boxed elementor-section-height-default elementor-section-height-default parallax_section_no qode_elementor_container_no\" data-id=\"b19da9d\" data-element_type=\"section\" data-e-type=\"section\">\n\t\t\t\t\t\t<div class=\"elementor-container elementor-column-gap-default\">\n\t\t\t\t\t<div class=\"elementor-column elementor-col-100 elementor-inner-column elementor-element elementor-element-1b0a19a\" data-id=\"1b0a19a\" data-element_type=\"column\" data-e-type=\"column\">\n\t\t\t<div class=\"elementor-widget-wrap elementor-element-populated\">\n\t\t\t\t\t\t<div class=\"elementor-element elementor-element-cebce4c elementor-widget elementor-widget-text-editor\" data-id=\"cebce4c\" data-element_type=\"widget\" data-e-type=\"widget\" data-widget_type=\"text-editor.default\">\n\t\t\t\t<div class=\"elementor-widget-container\">\n\t\t\t\t\t\t\t\t\t<h2>Feiern &amp; Tagen<\/h2>\t\t\t\t\t\t\t\t<\/div>\n\t\t\t\t<\/div>\n\t\t\t\t\t<\/div>\n\t\t<\/div>\n\t\t\t\t\t<\/div>\n\t\t<\/section>\n\t\t\t\t<section class=\"elementor-section elementor-inner-section elementor-element elementor-element-0d16c13 elementor-section-boxed elementor-section-height-default elementor-section-height-default parallax_section_no qode_elementor_container_no\" data-id=\"0d16c13\" data-element_type=\"section\" data-e-type=\"section\">\n\t\t\t\t\t\t<div class=\"elementor-container elementor-column-gap-default\">\n\t\t\t\t\t<div class=\"elementor-column elementor-col-100 elementor-inner-column elementor-element elementor-element-71d065a\" data-id=\"71d065a\" data-element_type=\"column\" data-e-type=\"column\">\n\t\t\t<div class=\"elementor-widget-wrap elementor-element-populated\">\n\t\t\t\t\t\t<div class=\"elementor-element elementor-element-a91a0fa elementor-widget elementor-widget-text-editor\" data-id=\"a91a0fa\" data-element_type=\"widget\" data-e-type=\"widget\" data-widget_type=\"text-editor.default\">\n\t\t\t\t<div class=\"elementor-widget-container\">\n\t\t\t\t\t\t\t\t\t<p>Die leichte Erreichbarkeit \u00fcber die A6, zahlreiche <a href=\"https:\/\/kultur-schloss-theuern.de\/parkplaetze\/\" target=\"_blank\" rel=\"noopener\"><span style=\"color: #0000ff;\">Parkpl\u00e4tze<\/span><\/a> vor Ort und freies Catering machen das Hammerschloss Theuern zu einer attraktiven Location f\u00fcr offizielle und private Veranstaltungen, Tagungen, Konzerte oder Feiern. Die R\u00e4umlichkeiten bieten ein herrschaftliches Ambiente f\u00fcr unvergessene Stunden.<\/p>\n<p><br><\/p>\n<p><\/p>\n<p><b>Technische Ausstattung im gro\u00dfen Saal:&nbsp;<\/b><\/p>\n<p>B\u00fchne mit entsprechender B\u00fchnentechnik (motorisierter Vorhang, dimmbares Licht, farbige Strahler), Lautsprecheranlage mit Mischpult (32 Kan\u00e4le), Funkmikrofone und Headsets, kabelgebundene Mikrofone, Bluetooth, Audio-Eing\u00e4nge f\u00fcr Laptops &amp; Smartphones, Internet (LAN &amp; WLAN), Leinwand und Beamer, Bildmischer f\u00fcr Beamer und Livestreaming, Konferenzanlage mit Sprechstellen und motorisierten Kameras, Raum-zu-Raum-\u00dcbertragung von Ton und Bild.<\/p>\n<p><br><\/p>\n<p><\/p>\n<p><span style=\"background-color: #ffffff; font-weight: bold;\">Technische Ausstattung im kleinen Saal:&nbsp;<\/span><\/p>\n<p><span style=\"background-color: #ffffff;\">Leinwand und Beamer, Internet (LAN &amp; WLAN), Lautsprecher mit Mikrofonen,&nbsp;<\/span><span style=\"background-color: #ffffff; font-weight: var( --e-global-typography-text-font-weight );\">Raum-zu-Raum-\u00dcbertragung von Ton und Bild<\/span><\/p>\n<p><span style=\"background-color: #ffffff; font-weight: var( --e-global-typography-text-font-weight );\">&nbsp;<\/span><\/p>\n<p><\/p>\n<h5><a href=\"https:\/\/kultur-schloss-theuern.de\/wp-content\/uploads\/2024\/08\/Flyer_Feiern-und-Tagen.pdf\" target=\"_blank\" style=\"background-color: rgb(255, 255, 255); font-family: var( --e-global-typography-text-font-family ), Sans-serif;\"><u style=\"\"><b>Klicken Sie hier<\/b><\/u><\/a><span style=\"background-color: rgb(255, 255, 255);\">, um unseren Flyer (PDF) herunterzuladen.<\/span><\/h5>\n<p><span style=\"background-color: rgb(255, 255, 255);\"><br><\/span><\/p>\n<p>F\u00fcr ausf\u00fchrliche Informationen erreichen Sie uns unter:<br>Tel. 09621\/39-7930 oder <a href=\"mailto:museum@kultur-schloss-theuern.de\">museum@kultur-schloss-theuern.de<\/a><\/p>\n<p>Wir beraten Sie gerne und erstellen Ihnen ein individuelles Angebot.<\/p>\n<p><br><\/p>\n<p><\/p>\n<p>Der Mietpreis (pro angefangene Stunde) ist abh\u00e4ngig von den gemieteten R\u00e4umlichkeiten und der zugebuchten technischen Ausstattung.&nbsp;<span style=\"background-color: rgb(255, 255, 255); font-weight: var( --e-global-typography-text-font-weight );\">F\u00fcr gemeinn\u00fctzige Vereine und Organisationen gelten gesonderte Tarife, die wir Ihnen auf Anfrage gerne mitteilen.<\/span><\/p>\n<p><br><\/p>\n<p><\/p>\n<p><strong>Folgende R\u00e4umlichkeiten stehen zur Verf\u00fcgung:<\/strong> <br>Gro\u00dfer Saal (<span style=\"color: #0000ff;\"><a style=\"color: #0000ff;\" href=\"https:\/\/kultur-schloss-theuern.de\/grosser-saal\/\" target=\"_blank\" rel=\"noopener\">weitere Infos<\/a><\/span>)<br>Kleiner Saal (<a href=\"https:\/\/kultur-schloss-theuern.de\/kleiner-saal\/\" target=\"_blank\" rel=\"noopener\"><span style=\"color: #0000ff;\">weitere Infos<\/span><\/a>)<br>Garderobe &amp; Foyer (<span style=\"color: #0000ff;\"><a style=\"color: #0000ff;\" href=\"https:\/\/kultur-schloss-theuern.de\/foyer-und-garderobe\/\" target=\"_blank\" rel=\"noopener\">weitere Infos<\/a><\/span>)<br>K\u00fcche (<span style=\"color: #0000ff;\"><a style=\"color: #0000ff;\" href=\"https:\/\/kultur-schloss-theuern.de\/kueche\/\" target=\"_blank\" rel=\"noopener\">weitere Infos<\/a><\/span>)<br>Freifl\u00e4che\/Innenhof (<a href=\"https:\/\/kultur-schloss-theuern.de\/freiflaeche\/\" target=\"_blank\" rel=\"noopener\"><span style=\"color: #0000ff;\">weitere Infos<\/span><\/a>)<\/p>\n<p><br><\/p>\n<p><\/p>\n<p><strong>Nebenkosten fallen an f\u00fcr:<br><\/strong>Medientechniker und Hausmeister<br>Schlie\u00dfdienst (bei Vermietung au\u00dferhalb der \u00d6ffnungszeiten des Museums)<br>Reinigung<br>Abfallentsorgung<br>ggf. f\u00fcr Parkplatzregelung durch die Feuerwehr<\/p>\n<p><br><\/p>\n<p>F\u00fcr Sch\u00e4den im Rahmen der Veranstaltung haftet der Mieter.<\/p>\t\t\t\t\t\t\t\t<\/div>\n\t\t\t\t<\/div>\n\t\t\t\t\t<\/div>\n\t\t<\/div>\n\t\t\t\t\t<\/div>\n\t\t<\/section>\n\t\t\t\t<section class=\"elementor-section elementor-top-section elementor-element elementor-element-935f2e8 bottom_spacer elementor-section-boxed elementor-section-height-default elementor-section-height-default parallax_section_no qode_elementor_container_no\" data-id=\"935f2e8\" data-element_type=\"section\" data-e-type=\"section\">\n\t\t\t\t\t\t<div class=\"elementor-container elementor-column-gap-default\">\n\t\t\t\t\t<div class=\"elementor-column elementor-col-100 elementor-top-column elementor-element elementor-element-0549fa2\" data-id=\"0549fa2\" data-element_type=\"column\" data-e-type=\"column\">\n\t\t\t<div class=\"elementor-widget-wrap\">\n\t\t\t\t\t\t\t<\/div>\n\t\t<\/div>\n\t\t\t\t\t<\/div>\n\t\t<\/section>\n\t\t\t\t<\/div>\n\t\t","protected":false},"excerpt":{"rendered":"<p>Feiern &amp; Tagen Die leichte Erreichbarkeit \u00fcber die A6, zahlreiche Parkpl\u00e4tze vor Ort und freies Catering machen das Hammerschloss Theuern zu einer attraktiven Location f\u00fcr offizielle und private Veranstaltungen, Tagungen, Konzerte oder Feiern. Die R\u00e4umlichkeiten bieten ein herrschaftliches Ambiente f\u00fcr unvergessene Stunden. Technische Ausstattung im&#8230;<\/p>","protected":false},"author":1,"featured_media":0,"parent":0,"menu_order":-2,"comment_status":"closed","ping_status":"closed","template":"","meta":{"footnotes":""},"class_list":["post-1604","page","type-page","status-publish","hentry"],"_links":{"self":[{"href":"https:\/\/kultur-schloss-theuern.de\/en\/wp-json\/wp\/v2\/pages\/1604","targetHints":{"allow":["GET"]}}],"collection":[{"href":"https:\/\/kultur-schloss-theuern.de\/en\/wp-json\/wp\/v2\/pages"}],"about":[{"href":"https:\/\/kultur-schloss-theuern.de\/en\/wp-json\/wp\/v2\/types\/page"}],"author":[{"embeddable":true,"href":"https:\/\/kultur-schloss-theuern.de\/en\/wp-json\/wp\/v2\/users\/1"}],"replies":[{"embeddable":true,"href":"https:\/\/kultur-schloss-theuern.de\/en\/wp-json\/wp\/v2\/comments?post=1604"}],"version-history":[{"count":117,"href":"https:\/\/kultur-schloss-theuern.de\/en\/wp-json\/wp\/v2\/pages\/1604\/revisions"}],"predecessor-version":[{"id":3580,"href":"https:\/\/kultur-schloss-theuern.de\/en\/wp-json\/wp\/v2\/pages\/1604\/revisions\/3580"}],"wp:attachment":[{"href":"https:\/\/kultur-schloss-theuern.de\/en\/wp-json\/wp\/v2\/media?parent=1604"}],"curies":[{"name":"wp","href":"https:\/\/api.w.org\/{rel}","templated":true}]}}