{"id":1247,"date":"2022-08-28T14:21:31","date_gmt":"2022-08-28T12:21:31","guid":{"rendered":"https:\/\/kultur-schloss-theuern.de\/?page_id=1247"},"modified":"2023-07-20T07:38:03","modified_gmt":"2023-07-20T05:38:03","slug":"parkplaetze","status":"publish","type":"page","link":"https:\/\/kultur-schloss-theuern.de\/en\/parkplaetze\/","title":{"rendered":"Parkpl\u00e4tze"},"content":{"rendered":"\t\t<div data-elementor-type=\"wp-page\" data-elementor-id=\"1247\" class=\"elementor elementor-1247\">\n\t\t\t\t\t\t<section class=\"elementor-section elementor-top-section elementor-element elementor-element-fae003e elementor-section-full_width elementor-section-height-default elementor-section-height-default parallax_section_no qode_elementor_container_no\" data-id=\"fae003e\" data-element_type=\"section\" data-e-type=\"section\">\n\t\t\t\t\t\t<div class=\"elementor-container elementor-column-gap-no\">\n\t\t\t\t\t<div class=\"elementor-column elementor-col-100 elementor-top-column elementor-element elementor-element-ed791ae\" data-id=\"ed791ae\" data-element_type=\"column\" data-e-type=\"column\">\n\t\t\t<div class=\"elementor-widget-wrap elementor-element-populated\">\n\t\t\t\t\t\t<div class=\"elementor-element elementor-element-0a4b483 elementor-widget elementor-widget-slider_revolution\" data-id=\"0a4b483\" data-element_type=\"widget\" data-e-type=\"widget\" data-widget_type=\"slider_revolution.default\">\n\t\t\t\t<div class=\"elementor-widget-container\">\n\t\t\t\t\t\n\t\t<div class=\"wp-block-themepunch-revslider\">\n\t\t\t<!-- START Feiern und Tagen REVOLUTION SLIDER 6.7.40 --><p class=\"rs-p-wp-fix\"><\/p>\n\t\t\t<rs-module-wrap id=\"rev_slider_5_1_wrapper\" data-source=\"gallery\" style=\"visibility:hidden;background:#aca49a;padding:0;margin:0px auto;margin-top:0;margin-bottom:0;\">\n\t\t\t\t<rs-module id=\"rev_slider_5_1\" style=\"\" data-version=\"6.7.40\">\n\t\t\t\t\t<rs-slides style=\"overflow: hidden; position: absolute;\">\n\t\t\t\t\t\t<rs-slide style=\"position: absolute;\" data-key=\"rs-11\" data-title=\"Slide\" data-anim=\"adpr:false;\" data-in=\"o:0;\" data-out=\"a:false;\">\n\t\t\t\t\t\t\t<img fetchpriority=\"high\" decoding=\"async\" src=\"\/\/kultur-schloss-theuern.de\/wp-content\/plugins\/revslider\/sr6\/assets\/assets\/dummy.png\" alt=\"Der gro\u00dfe Saal - leer und beleuchtet\" title=\"Kulturschloss_Timo Viehmann_01\" width=\"2035\" height=\"955\" class=\"rev-slidebg tp-rs-img rs-lazyload\" data-lazyload=\"\/\/kultur-schloss-theuern.de\/wp-content\/uploads\/2023\/07\/Kulturschloss_Timo-Viehmann_01.jpg\" data-no-retina>\n<!---->\t\t\t\t\t<\/rs-slide>\n\t\t\t\t\t<\/rs-slides>\n\t\t\t\t<\/rs-module>\n\t\t\t\t<script>\n\t\t\t\t\tsetREVStartSize({c: 'rev_slider_5_1',rl:[1240,1024,778,480],el:[955,640,640,640],gw:[1300,1100,778,480],gh:[955,640,640,640],type:'standard',justify:'',layout:'fullwidth',mh:\"0\"});if (window.RS_MODULES!==undefined && window.RS_MODULES.modules!==undefined && window.RS_MODULES.modules[\"revslider51\"]!==undefined) {window.RS_MODULES.modules[\"revslider51\"].once = false;window.revapi5 = undefined;if (window.RS_MODULES.checkMinimal!==undefined) window.RS_MODULES.checkMinimal()}\n\t\t\t\t<\/script>\n\t\t\t<\/rs-module-wrap>\n\t\t\t<!-- END REVOLUTION SLIDER -->\n<\/div>\n\n\t\t\t\t\t\t<\/div>\n\t\t\t\t<\/div>\n\t\t\t\t\t<\/div>\n\t\t<\/div>\n\t\t\t\t\t<\/div>\n\t\t<\/section>\n\t\t\t\t<section class=\"elementor-section elementor-inner-section elementor-element elementor-element-c21100c elementor-section-boxed elementor-section-height-default elementor-section-height-default parallax_section_no qode_elementor_container_no\" data-id=\"c21100c\" data-element_type=\"section\" data-e-type=\"section\">\n\t\t\t\t\t\t<div class=\"elementor-container elementor-column-gap-default\">\n\t\t\t\t\t<div class=\"elementor-column elementor-col-100 elementor-inner-column elementor-element elementor-element-7d48a8d\" data-id=\"7d48a8d\" data-element_type=\"column\" data-e-type=\"column\">\n\t\t\t<div class=\"elementor-widget-wrap elementor-element-populated\">\n\t\t\t\t\t\t<div class=\"elementor-element elementor-element-0dd8036 elementor-widget elementor-widget-text-editor\" data-id=\"0dd8036\" data-element_type=\"widget\" data-e-type=\"widget\" data-widget_type=\"text-editor.default\">\n\t\t\t\t<div class=\"elementor-widget-container\">\n\t\t\t\t\t\t\t\t\t<h5>DIE<\/h5><h2>PARKPL\u00c4TZE<\/h2>\t\t\t\t\t\t\t\t<\/div>\n\t\t\t\t<\/div>\n\t\t\t\t\t<\/div>\n\t\t<\/div>\n\t\t\t\t\t<\/div>\n\t\t<\/section>\n\t\t\t\t<section class=\"elementor-section elementor-inner-section elementor-element elementor-element-7bc6e69 elementor-section-boxed elementor-section-height-default elementor-section-height-default parallax_section_no qode_elementor_container_no\" data-id=\"7bc6e69\" data-element_type=\"section\" data-e-type=\"section\">\n\t\t\t\t\t\t<div class=\"elementor-container elementor-column-gap-default\">\n\t\t\t\t\t<div class=\"elementor-column elementor-col-50 elementor-inner-column elementor-element elementor-element-0b2fd2e\" data-id=\"0b2fd2e\" data-element_type=\"column\" data-e-type=\"column\">\n\t\t\t<div class=\"elementor-widget-wrap elementor-element-populated\">\n\t\t\t\t\t\t<div class=\"elementor-element elementor-element-a108ee7 elementor-widget elementor-widget-image\" data-id=\"a108ee7\" data-element_type=\"widget\" data-e-type=\"widget\" data-widget_type=\"image.default\">\n\t\t\t\t<div class=\"elementor-widget-container\">\n\t\t\t\t\t\t\t\t\t\t\t\t\t\t\t<img decoding=\"async\" width=\"248\" height=\"246\" src=\"https:\/\/kultur-schloss-theuern.de\/wp-content\/uploads\/2022\/06\/parkplatz.jpeg\" class=\"attachment-1536x1536 size-1536x1536 wp-image-1026\" alt=\"Karte von Parkpl\u00e4tzen und Schloss\" srcset=\"https:\/\/kultur-schloss-theuern.de\/wp-content\/uploads\/2022\/06\/parkplatz.jpeg 248w, https:\/\/kultur-schloss-theuern.de\/wp-content\/uploads\/2022\/06\/parkplatz-100x100.jpeg 100w, https:\/\/kultur-schloss-theuern.de\/wp-content\/uploads\/2022\/06\/parkplatz-150x150.jpeg 150w\" sizes=\"(max-width: 248px) 100vw, 248px\" \/>\t\t\t\t\t\t\t\t\t\t\t\t\t\t\t<\/div>\n\t\t\t\t<\/div>\n\t\t\t\t\t<\/div>\n\t\t<\/div>\n\t\t\t\t<div class=\"elementor-column elementor-col-50 elementor-inner-column elementor-element elementor-element-289caa3\" data-id=\"289caa3\" data-element_type=\"column\" data-e-type=\"column\">\n\t\t\t<div class=\"elementor-widget-wrap elementor-element-populated\">\n\t\t\t\t\t\t<div class=\"elementor-element elementor-element-2acd2c4 h2_alt elementor-widget elementor-widget-text-editor\" data-id=\"2acd2c4\" data-element_type=\"widget\" data-e-type=\"widget\" data-widget_type=\"text-editor.default\">\n\t\t\t\t<div class=\"elementor-widget-container\">\n\t\t\t\t\t\t\t\t\t<p>In unmittelbarer N\u00e4he stehen insgesamt \u00fcber 500 Parkpl\u00e4tze zur Verf\u00fcgung. Bitte parken Sie nur auf den ausgewiesenen Parkfl\u00e4chen. Weitere Parkpl\u00e4tze finden Sie in der Castnerstra\u00dfe (Richtung Friedhof).<br \/><br \/>Auf den Zufahrtsstra\u00dfen zum Schloss ist das Parken nicht erlaubt. Auch auf den Rasenfl\u00e4chen vor dem Hauptgeb\u00e4ude gilt ein Parkverbot.<\/p>\t\t\t\t\t\t\t\t<\/div>\n\t\t\t\t<\/div>\n\t\t\t\t\t<\/div>\n\t\t<\/div>\n\t\t\t\t\t<\/div>\n\t\t<\/section>\n\t\t\t\t<section class=\"elementor-section elementor-top-section elementor-element elementor-element-76f3ece bottom_spacer elementor-section-boxed elementor-section-height-default elementor-section-height-default parallax_section_no qode_elementor_container_no\" data-id=\"76f3ece\" data-element_type=\"section\" data-e-type=\"section\">\n\t\t\t\t\t\t<div class=\"elementor-container elementor-column-gap-default\">\n\t\t\t\t\t<div class=\"elementor-column elementor-col-100 elementor-top-column elementor-element elementor-element-b73f8b8\" data-id=\"b73f8b8\" data-element_type=\"column\" data-e-type=\"column\">\n\t\t\t<div class=\"elementor-widget-wrap\">\n\t\t\t\t\t\t\t<\/div>\n\t\t<\/div>\n\t\t\t\t\t<\/div>\n\t\t<\/section>\n\t\t\t\t<\/div>\n\t\t","protected":false},"excerpt":{"rendered":"<p>DIE PARKPL\u00c4TZE In unmittelbarer N\u00e4he stehen insgesamt \u00fcber 500 Parkpl\u00e4tze zur Verf\u00fcgung. Bitte parken Sie nur auf den ausgewiesenen Parkfl\u00e4chen. Weitere Parkpl\u00e4tze finden Sie in der Castnerstra\u00dfe (Richtung Friedhof). Auf den Zufahrtsstra\u00dfen zum Schloss ist das Parken nicht erlaubt. Auch auf den Rasenfl\u00e4chen vor dem&#8230;<\/p>","protected":false},"author":1,"featured_media":0,"parent":0,"menu_order":-2,"comment_status":"closed","ping_status":"closed","template":"","meta":{"footnotes":""},"class_list":["post-1247","page","type-page","status-publish","hentry"],"_links":{"self":[{"href":"https:\/\/kultur-schloss-theuern.de\/en\/wp-json\/wp\/v2\/pages\/1247","targetHints":{"allow":["GET"]}}],"collection":[{"href":"https:\/\/kultur-schloss-theuern.de\/en\/wp-json\/wp\/v2\/pages"}],"about":[{"href":"https:\/\/kultur-schloss-theuern.de\/en\/wp-json\/wp\/v2\/types\/page"}],"author":[{"embeddable":true,"href":"https:\/\/kultur-schloss-theuern.de\/en\/wp-json\/wp\/v2\/users\/1"}],"replies":[{"embeddable":true,"href":"https:\/\/kultur-schloss-theuern.de\/en\/wp-json\/wp\/v2\/comments?post=1247"}],"version-history":[{"count":22,"href":"https:\/\/kultur-schloss-theuern.de\/en\/wp-json\/wp\/v2\/pages\/1247\/revisions"}],"predecessor-version":[{"id":2683,"href":"https:\/\/kultur-schloss-theuern.de\/en\/wp-json\/wp\/v2\/pages\/1247\/revisions\/2683"}],"wp:attachment":[{"href":"https:\/\/kultur-schloss-theuern.de\/en\/wp-json\/wp\/v2\/media?parent=1247"}],"curies":[{"name":"wp","href":"https:\/\/api.w.org\/{rel}","templated":true}]}}