{"id":1246,"date":"2022-08-28T14:21:27","date_gmt":"2022-08-28T12:21:27","guid":{"rendered":"https:\/\/kultur-schloss-theuern.de\/?page_id=1246"},"modified":"2025-02-03T16:35:27","modified_gmt":"2025-02-03T15:35:27","slug":"freiflaeche","status":"publish","type":"page","link":"https:\/\/kultur-schloss-theuern.de\/en\/freiflaeche\/","title":{"rendered":"Freifl\u00e4che"},"content":{"rendered":"\t\t<div data-elementor-type=\"wp-page\" data-elementor-id=\"1246\" class=\"elementor elementor-1246\">\n\t\t\t\t\t\t<section class=\"elementor-section elementor-top-section elementor-element elementor-element-fae003e elementor-section-full_width elementor-section-height-default elementor-section-height-default parallax_section_no qode_elementor_container_no\" data-id=\"fae003e\" data-element_type=\"section\" data-e-type=\"section\">\n\t\t\t\t\t\t<div class=\"elementor-container elementor-column-gap-no\">\n\t\t\t\t\t<div class=\"elementor-column elementor-col-100 elementor-top-column elementor-element elementor-element-ed791ae\" data-id=\"ed791ae\" data-element_type=\"column\" data-e-type=\"column\">\n\t\t\t<div class=\"elementor-widget-wrap elementor-element-populated\">\n\t\t\t\t\t\t<div class=\"elementor-element elementor-element-0a4b483 elementor-widget elementor-widget-slider_revolution\" data-id=\"0a4b483\" data-element_type=\"widget\" data-e-type=\"widget\" data-widget_type=\"slider_revolution.default\">\n\t\t\t\t<div class=\"elementor-widget-container\">\n\t\t\t\t\t\n\t\t<div class=\"wp-block-themepunch-revslider\">\n\t\t\t<!-- START Feiern und Tagen REVOLUTION SLIDER 6.7.40 --><p class=\"rs-p-wp-fix\"><\/p>\n\t\t\t<rs-module-wrap id=\"rev_slider_5_1_wrapper\" data-source=\"gallery\" style=\"visibility:hidden;background:#aca49a;padding:0;margin:0px auto;margin-top:0;margin-bottom:0;\">\n\t\t\t\t<rs-module id=\"rev_slider_5_1\" style=\"\" data-version=\"6.7.40\">\n\t\t\t\t\t<rs-slides style=\"overflow: hidden; position: absolute;\">\n\t\t\t\t\t\t<rs-slide style=\"position: absolute;\" data-key=\"rs-11\" data-title=\"Slide\" data-anim=\"adpr:false;\" data-in=\"o:0;\" data-out=\"a:false;\">\n\t\t\t\t\t\t\t<img fetchpriority=\"high\" decoding=\"async\" src=\"\/\/kultur-schloss-theuern.de\/wp-content\/plugins\/revslider\/sr6\/assets\/assets\/dummy.png\" alt=\"Der gro\u00dfe Saal - leer und beleuchtet\" title=\"Kulturschloss_Timo Viehmann_01\" width=\"2035\" height=\"955\" class=\"rev-slidebg tp-rs-img rs-lazyload\" data-lazyload=\"\/\/kultur-schloss-theuern.de\/wp-content\/uploads\/2023\/07\/Kulturschloss_Timo-Viehmann_01.jpg\" data-no-retina>\n<!---->\t\t\t\t\t<\/rs-slide>\n\t\t\t\t\t<\/rs-slides>\n\t\t\t\t<\/rs-module>\n\t\t\t\t<script>\n\t\t\t\t\tsetREVStartSize({c: 'rev_slider_5_1',rl:[1240,1024,778,480],el:[955,640,640,640],gw:[1300,1100,778,480],gh:[955,640,640,640],type:'standard',justify:'',layout:'fullwidth',mh:\"0\"});if (window.RS_MODULES!==undefined && window.RS_MODULES.modules!==undefined && window.RS_MODULES.modules[\"revslider51\"]!==undefined) {window.RS_MODULES.modules[\"revslider51\"].once = false;window.revapi5 = undefined;if (window.RS_MODULES.checkMinimal!==undefined) window.RS_MODULES.checkMinimal()}\n\t\t\t\t<\/script>\n\t\t\t<\/rs-module-wrap>\n\t\t\t<!-- END REVOLUTION SLIDER -->\n<\/div>\n\n\t\t\t\t\t\t<\/div>\n\t\t\t\t<\/div>\n\t\t\t\t\t<\/div>\n\t\t<\/div>\n\t\t\t\t\t<\/div>\n\t\t<\/section>\n\t\t\t\t<section class=\"elementor-section elementor-inner-section elementor-element elementor-element-df72873 elementor-section-boxed elementor-section-height-default elementor-section-height-default parallax_section_no qode_elementor_container_no\" data-id=\"df72873\" data-element_type=\"section\" data-e-type=\"section\">\n\t\t\t\t\t\t<div class=\"elementor-container elementor-column-gap-default\">\n\t\t\t\t\t<div class=\"elementor-column elementor-col-100 elementor-inner-column elementor-element elementor-element-0a03df0\" data-id=\"0a03df0\" data-element_type=\"column\" data-e-type=\"column\">\n\t\t\t<div class=\"elementor-widget-wrap elementor-element-populated\">\n\t\t\t\t\t\t<div class=\"elementor-element elementor-element-0d417db elementor-widget elementor-widget-text-editor\" data-id=\"0d417db\" data-element_type=\"widget\" data-e-type=\"widget\" data-widget_type=\"text-editor.default\">\n\t\t\t\t<div class=\"elementor-widget-container\">\n\t\t\t\t\t\t\t\t\t<h5>DIE<\/h5>\n<h2>FREIFL\u00c4CHE<\/h2>\n<p><br>Die Freifl\u00e4che wird von vier Seiten vom Hauptgeb\u00e4ude des Schlosses und den ehemaligen Wirtschafts- und Nebengeb\u00e4uden umschlossen und schafft so eine gesch\u00fctzte Atmosph\u00e4re f\u00fcr Stehempf\u00e4nge, Feiern und Konzerte. Der Innenhof ist f\u00fcr maximal 1200 Personen geeignet.<br><br><i><u>HINWEIS:<\/u> Wegen Umbauarbeiten kann die Freifl\u00e4che aktuell nicht vermietet werden. Wir bitten um Ihr Verst\u00e4ndnis!<\/i><\/p>\t\t\t\t\t\t\t\t<\/div>\n\t\t\t\t<\/div>\n\t\t\t\t\t<\/div>\n\t\t<\/div>\n\t\t\t\t\t<\/div>\n\t\t<\/section>\n\t\t\t\t<section class=\"elementor-section elementor-inner-section elementor-element elementor-element-2a2ebb2 elementor-section-boxed elementor-section-height-default elementor-section-height-default parallax_section_no qode_elementor_container_no\" data-id=\"2a2ebb2\" data-element_type=\"section\" data-e-type=\"section\">\n\t\t\t\t\t\t<div class=\"elementor-container elementor-column-gap-default\">\n\t\t\t\t\t<div class=\"elementor-column elementor-col-50 elementor-inner-column elementor-element elementor-element-9240b4d\" data-id=\"9240b4d\" data-element_type=\"column\" data-e-type=\"column\">\n\t\t\t<div class=\"elementor-widget-wrap elementor-element-populated\">\n\t\t\t\t\t\t<div class=\"elementor-element elementor-element-33a109a elementor-widget elementor-widget-image\" data-id=\"33a109a\" data-element_type=\"widget\" data-e-type=\"widget\" data-widget_type=\"image.default\">\n\t\t\t\t<div class=\"elementor-widget-container\">\n\t\t\t\t\t\t\t\t\t\t\t\t\t\t\t<img decoding=\"async\" width=\"248\" height=\"205\" src=\"https:\/\/kultur-schloss-theuern.de\/wp-content\/uploads\/2022\/06\/plan_freiflaeche.jpeg\" class=\"attachment-1536x1536 size-1536x1536 wp-image-1004\" alt=\"Grundriss der Freifl\u00e4che\" \/>\t\t\t\t\t\t\t\t\t\t\t\t\t\t\t<\/div>\n\t\t\t\t<\/div>\n\t\t\t\t\t<\/div>\n\t\t<\/div>\n\t\t\t\t<div class=\"elementor-column elementor-col-50 elementor-inner-column elementor-element elementor-element-e13f0d4\" data-id=\"e13f0d4\" data-element_type=\"column\" data-e-type=\"column\">\n\t\t\t<div class=\"elementor-widget-wrap elementor-element-populated\">\n\t\t\t\t\t\t<div class=\"elementor-element elementor-element-4604012 h2_alt elementor-widget elementor-widget-text-editor\" data-id=\"4604012\" data-element_type=\"widget\" data-e-type=\"widget\" data-widget_type=\"text-editor.default\">\n\t\t\t\t<div class=\"elementor-widget-container\">\n\t\t\t\t\t\t\t\t\t<h2>GEEIGNET F\u00dcR:<\/h2><p>Stehempf\u00e4nge, Feiern, Konzerte<\/p>\t\t\t\t\t\t\t\t<\/div>\n\t\t\t\t<\/div>\n\t\t\t\t<div class=\"elementor-element elementor-element-480199d h2_alt elementor-widget elementor-widget-text-editor\" data-id=\"480199d\" data-element_type=\"widget\" data-e-type=\"widget\" data-widget_type=\"text-editor.default\">\n\t\t\t\t<div class=\"elementor-widget-container\">\n\t\t\t\t\t\t\t\t\t<h2>DATEN\/KOSTEN:<\/h2>\t\t\t\t\t\t\t\t<\/div>\n\t\t\t\t<\/div>\n\t\t\t\t<div class=\"elementor-element elementor-element-d0323fb daten_tabelle elementor-widget elementor-widget-html\" data-id=\"d0323fb\" data-element_type=\"widget\" data-e-type=\"widget\" data-widget_type=\"html.default\">\n\t\t\t\t<div class=\"elementor-widget-container\">\n\t\t\t\t\t<div class=\"row\">\r\n  <div class=\"column1\">Platzgr\u00f6\u00dfe:<\/div>\r\n  <div class=\"column2\">2.000 qm<\/div>\r\n<\/div>\r\n\r\n<br\/> \r\n<div class=\"row\">\r\n  <div class=\"column1\">Mietzins:<\/div>\r\n  <div class=\"column2\">je angefangene Stunde<\/div>\r\n<\/div>\r\n\r\n<br\/> \r\n\r\n<div class=\"row\">\r\n  <div class=\"column1\">Normaltarif<\/div>\r\n  <div class=\"column2\">14 EUR<\/div>\r\n<\/div>\r\n<div class=\"row\">\r\n  <div class=\"column1\">Erm\u00e4\u00dfigter Tarif<\/div>\r\n  <div class=\"column2\">7 EUR<\/div>\r\n<\/div>\r\n\r\n <br>\r\nHINWEIS: Die Mietdauer beinhaltet neben der Veranstaltung auch die Zeit f\u00fcr Auf- und Abbau, sowie Reinigung. Die Freifl\u00e4che kann nur  bei gleichzeitiger  \r\nAnmietung des <a href=\"https:\/\/kultur-schloss-theuern.de\/foyer-und-garderobe\/\">Foyer (inklusive WCs)<\/a> vermietet werden.\r\n<br>\r\n<br><i>Notwendige Zusatzkosten durch Drittfirmen (<u>unverbindliche<\/u> Preis\u00fcbersicht ohne Gew\u00e4hr):\r\n<br><br>\r\n\r\n<div class=\"row\">\r\n  <div class=\"column1\">Reinigung (Sommer):<\/div>\r\n  <div class=\"column2\">ca. 120 EUR (Foyer & WCs)<\/div>\r\n<\/div>\r\n\r\n<div class=\"row\">\r\n  <div class=\"column1\">Reinigung (Winter):<\/div>\r\n  <div class=\"column2\">ca. 190 EUR (Foyer & WCs)<\/div>\r\n<\/div>\r\n<div class=\"row\">\r\n  <div class=\"column1\">Hofreinigung:<\/div>\r\n  <div class=\"column2\">Abrechnung nach Aufwand<br>ca. 35 EUR pro Stunde<\/div>\r\n<\/div>\r\n\r\n<div class=\"row\">\r\n  <div class=\"column1\">Auf- und Abstuhlung:<\/div>\r\n  <div class=\"column2\">Abrechnung nach Aufwand<\/div>\r\n<\/div>\r\n\r\n<div class=\"row\">\r\n  <div class=\"column1\">Abfallentsorgung:<\/div>\r\n  <div class=\"column2\">Abrechnung nach Aufwand<\/div>\r\n<\/div>\r\n<br><div class=\"row\">\r\n  <div class=\"column1\">Schlie\u00dfdienst:<\/div>\r\n  <div class=\"column2\">ca. 34 EUR brutto pro Stunde<\/div>\r\n<\/div>\t\t\t\t<\/div>\n\t\t\t\t<\/div>\n\t\t\t\t\t<\/div>\n\t\t<\/div>\n\t\t\t\t\t<\/div>\n\t\t<\/section>\n\t\t\t\t<section class=\"elementor-section elementor-top-section elementor-element elementor-element-a6eb490 elementor-section-full_width volle_breite elementor-section-height-default elementor-section-height-default parallax_section_no qode_elementor_container_no\" data-id=\"a6eb490\" data-element_type=\"section\" data-e-type=\"section\">\n\t\t\t\t\t\t<div class=\"elementor-container elementor-column-gap-default\">\n\t\t\t\t\t<div class=\"elementor-column elementor-col-20 elementor-top-column elementor-element elementor-element-1d6fc0a\" data-id=\"1d6fc0a\" data-element_type=\"column\" data-e-type=\"column\">\n\t\t\t<div class=\"elementor-widget-wrap elementor-element-populated\">\n\t\t\t\t\t\t<div class=\"elementor-element elementor-element-2335010 elementor-widget elementor-widget-image\" data-id=\"2335010\" data-element_type=\"widget\" data-e-type=\"widget\" data-widget_type=\"image.default\">\n\t\t\t\t<div class=\"elementor-widget-container\">\n\t\t\t\t\t\t\t\t\t\t\t\t\t\t\t<img decoding=\"async\" width=\"400\" height=\"267\" src=\"https:\/\/kultur-schloss-theuern.de\/wp-content\/uploads\/2022\/06\/Schloss-Theuern-Innenhof-5_Steinbacher.jpg\" class=\"attachment-large size-large wp-image-1015\" alt=\"Blick in den Hof vom Haupthaus\" srcset=\"https:\/\/kultur-schloss-theuern.de\/wp-content\/uploads\/2022\/06\/Schloss-Theuern-Innenhof-5_Steinbacher.jpg 400w, https:\/\/kultur-schloss-theuern.de\/wp-content\/uploads\/2022\/06\/Schloss-Theuern-Innenhof-5_Steinbacher-300x200.jpg 300w\" sizes=\"(max-width: 400px) 100vw, 400px\" \/>\t\t\t\t\t\t\t\t\t\t\t\t\t\t\t<\/div>\n\t\t\t\t<\/div>\n\t\t\t\t\t<\/div>\n\t\t<\/div>\n\t\t\t\t<div class=\"elementor-column elementor-col-20 elementor-top-column elementor-element elementor-element-c83952e\" data-id=\"c83952e\" data-element_type=\"column\" data-e-type=\"column\">\n\t\t\t<div class=\"elementor-widget-wrap elementor-element-populated\">\n\t\t\t\t\t\t<div class=\"elementor-element elementor-element-e44424d elementor-widget elementor-widget-image\" data-id=\"e44424d\" data-element_type=\"widget\" data-e-type=\"widget\" data-widget_type=\"image.default\">\n\t\t\t\t<div class=\"elementor-widget-container\">\n\t\t\t\t\t\t\t\t\t\t\t\t\t\t\t<img loading=\"lazy\" decoding=\"async\" width=\"400\" height=\"267\" src=\"https:\/\/kultur-schloss-theuern.de\/wp-content\/uploads\/2022\/06\/Schlosshauptgebaeude-15_Steinbacher_geschnitten.jpg\" class=\"attachment-large size-large wp-image-1018\" alt=\"Blick vom Brunnen zum Haupthaus\" srcset=\"https:\/\/kultur-schloss-theuern.de\/wp-content\/uploads\/2022\/06\/Schlosshauptgebaeude-15_Steinbacher_geschnitten.jpg 400w, https:\/\/kultur-schloss-theuern.de\/wp-content\/uploads\/2022\/06\/Schlosshauptgebaeude-15_Steinbacher_geschnitten-300x200.jpg 300w\" sizes=\"(max-width: 400px) 100vw, 400px\" \/>\t\t\t\t\t\t\t\t\t\t\t\t\t\t\t<\/div>\n\t\t\t\t<\/div>\n\t\t\t\t\t<\/div>\n\t\t<\/div>\n\t\t\t\t<div class=\"elementor-column elementor-col-20 elementor-top-column elementor-element elementor-element-b63b86c\" data-id=\"b63b86c\" data-element_type=\"column\" data-e-type=\"column\">\n\t\t\t<div class=\"elementor-widget-wrap elementor-element-populated\">\n\t\t\t\t\t\t<div class=\"elementor-element elementor-element-7025a01 elementor-widget elementor-widget-image\" data-id=\"7025a01\" data-element_type=\"widget\" data-e-type=\"widget\" data-widget_type=\"image.default\">\n\t\t\t\t<div class=\"elementor-widget-container\">\n\t\t\t\t\t\t\t\t\t\t\t\t\t\t\t<img loading=\"lazy\" decoding=\"async\" width=\"400\" height=\"267\" src=\"https:\/\/kultur-schloss-theuern.de\/wp-content\/uploads\/2022\/06\/Schloss-Theuern-Innenhof-2_Steinbacher.jpg\" class=\"attachment-large size-large wp-image-1013\" alt=\"Weitwinkelaufnahme des Hofes\" srcset=\"https:\/\/kultur-schloss-theuern.de\/wp-content\/uploads\/2022\/06\/Schloss-Theuern-Innenhof-2_Steinbacher.jpg 400w, https:\/\/kultur-schloss-theuern.de\/wp-content\/uploads\/2022\/06\/Schloss-Theuern-Innenhof-2_Steinbacher-300x200.jpg 300w\" sizes=\"(max-width: 400px) 100vw, 400px\" \/>\t\t\t\t\t\t\t\t\t\t\t\t\t\t\t<\/div>\n\t\t\t\t<\/div>\n\t\t\t\t\t<\/div>\n\t\t<\/div>\n\t\t\t\t<div class=\"elementor-column elementor-col-20 elementor-top-column elementor-element elementor-element-91b7b6a\" data-id=\"91b7b6a\" data-element_type=\"column\" data-e-type=\"column\">\n\t\t\t<div class=\"elementor-widget-wrap elementor-element-populated\">\n\t\t\t\t\t\t<div class=\"elementor-element elementor-element-8f167c0 elementor-widget elementor-widget-image\" data-id=\"8f167c0\" data-element_type=\"widget\" data-e-type=\"widget\" data-widget_type=\"image.default\">\n\t\t\t\t<div class=\"elementor-widget-container\">\n\t\t\t\t\t\t\t\t\t\t\t\t\t\t\t<img loading=\"lazy\" decoding=\"async\" width=\"400\" height=\"267\" src=\"https:\/\/kultur-schloss-theuern.de\/wp-content\/uploads\/2022\/06\/Schloss-Theuern-Innenhof-3_Steinbacher_geschnitten.jpg\" class=\"attachment-large size-large wp-image-1022\" alt=\"Der Brunnen im Hof\" srcset=\"https:\/\/kultur-schloss-theuern.de\/wp-content\/uploads\/2022\/06\/Schloss-Theuern-Innenhof-3_Steinbacher_geschnitten.jpg 400w, https:\/\/kultur-schloss-theuern.de\/wp-content\/uploads\/2022\/06\/Schloss-Theuern-Innenhof-3_Steinbacher_geschnitten-300x200.jpg 300w\" sizes=\"(max-width: 400px) 100vw, 400px\" \/>\t\t\t\t\t\t\t\t\t\t\t\t\t\t\t<\/div>\n\t\t\t\t<\/div>\n\t\t\t\t\t<\/div>\n\t\t<\/div>\n\t\t\t\t<div class=\"elementor-column elementor-col-20 elementor-top-column elementor-element elementor-element-57ccff6\" data-id=\"57ccff6\" data-element_type=\"column\" data-e-type=\"column\">\n\t\t\t<div class=\"elementor-widget-wrap elementor-element-populated\">\n\t\t\t\t\t\t<div class=\"elementor-element elementor-element-d67a8b1 elementor-widget elementor-widget-image\" data-id=\"d67a8b1\" data-element_type=\"widget\" data-e-type=\"widget\" data-widget_type=\"image.default\">\n\t\t\t\t<div class=\"elementor-widget-container\">\n\t\t\t\t\t\t\t\t\t\t\t\t\t\t\t<img loading=\"lazy\" decoding=\"async\" width=\"400\" height=\"267\" src=\"https:\/\/kultur-schloss-theuern.de\/wp-content\/uploads\/2022\/06\/Schloss-Theuern-Innenhof-1_Steinbacher.jpg\" class=\"attachment-large size-large wp-image-1012\" alt=\"Weitwinkelaufnahme des Hofes\" srcset=\"https:\/\/kultur-schloss-theuern.de\/wp-content\/uploads\/2022\/06\/Schloss-Theuern-Innenhof-1_Steinbacher.jpg 400w, https:\/\/kultur-schloss-theuern.de\/wp-content\/uploads\/2022\/06\/Schloss-Theuern-Innenhof-1_Steinbacher-300x200.jpg 300w\" sizes=\"(max-width: 400px) 100vw, 400px\" \/>\t\t\t\t\t\t\t\t\t\t\t\t\t\t\t<\/div>\n\t\t\t\t<\/div>\n\t\t\t\t\t<\/div>\n\t\t<\/div>\n\t\t\t\t\t<\/div>\n\t\t<\/section>\n\t\t\t\t<section class=\"elementor-section elementor-top-section elementor-element elementor-element-f99808b bottom_spacer elementor-section-boxed elementor-section-height-default elementor-section-height-default parallax_section_no qode_elementor_container_no\" data-id=\"f99808b\" data-element_type=\"section\" data-e-type=\"section\">\n\t\t\t\t\t\t<div class=\"elementor-container elementor-column-gap-default\">\n\t\t\t\t\t<div class=\"elementor-column elementor-col-100 elementor-top-column elementor-element elementor-element-50e6d9a\" data-id=\"50e6d9a\" data-element_type=\"column\" data-e-type=\"column\">\n\t\t\t<div class=\"elementor-widget-wrap\">\n\t\t\t\t\t\t\t<\/div>\n\t\t<\/div>\n\t\t\t\t\t<\/div>\n\t\t<\/section>\n\t\t\t\t<\/div>\n\t\t","protected":false},"excerpt":{"rendered":"<p>DIE FREIFL\u00c4CHE Die Freifl\u00e4che wird von vier Seiten vom Hauptgeb\u00e4ude des Schlosses und den ehemaligen Wirtschafts- und Nebengeb\u00e4uden umschlossen und schafft so eine gesch\u00fctzte Atmosph\u00e4re f\u00fcr Stehempf\u00e4nge, Feiern und Konzerte. Der Innenhof ist f\u00fcr maximal 1200 Personen geeignet. HINWEIS: Wegen Umbauarbeiten kann die Freifl\u00e4che aktuell&#8230;<\/p>","protected":false},"author":1,"featured_media":0,"parent":0,"menu_order":-2,"comment_status":"closed","ping_status":"closed","template":"","meta":{"footnotes":""},"class_list":["post-1246","page","type-page","status-publish","hentry"],"_links":{"self":[{"href":"https:\/\/kultur-schloss-theuern.de\/en\/wp-json\/wp\/v2\/pages\/1246","targetHints":{"allow":["GET"]}}],"collection":[{"href":"https:\/\/kultur-schloss-theuern.de\/en\/wp-json\/wp\/v2\/pages"}],"about":[{"href":"https:\/\/kultur-schloss-theuern.de\/en\/wp-json\/wp\/v2\/types\/page"}],"author":[{"embeddable":true,"href":"https:\/\/kultur-schloss-theuern.de\/en\/wp-json\/wp\/v2\/users\/1"}],"replies":[{"embeddable":true,"href":"https:\/\/kultur-schloss-theuern.de\/en\/wp-json\/wp\/v2\/comments?post=1246"}],"version-history":[{"count":59,"href":"https:\/\/kultur-schloss-theuern.de\/en\/wp-json\/wp\/v2\/pages\/1246\/revisions"}],"predecessor-version":[{"id":3811,"href":"https:\/\/kultur-schloss-theuern.de\/en\/wp-json\/wp\/v2\/pages\/1246\/revisions\/3811"}],"wp:attachment":[{"href":"https:\/\/kultur-schloss-theuern.de\/en\/wp-json\/wp\/v2\/media?parent=1246"}],"curies":[{"name":"wp","href":"https:\/\/api.w.org\/{rel}","templated":true}]}}