{"id":1245,"date":"2022-08-28T14:21:23","date_gmt":"2022-08-28T12:21:23","guid":{"rendered":"https:\/\/kultur-schloss-theuern.de\/?page_id=1245"},"modified":"2025-02-03T16:33:17","modified_gmt":"2025-02-03T15:33:17","slug":"kueche","status":"publish","type":"page","link":"https:\/\/kultur-schloss-theuern.de\/en\/kueche\/","title":{"rendered":"K\u00fcche"},"content":{"rendered":"\t\t<div data-elementor-type=\"wp-page\" data-elementor-id=\"1245\" class=\"elementor elementor-1245\">\n\t\t\t\t\t\t<section class=\"elementor-section elementor-top-section elementor-element elementor-element-fae003e elementor-section-full_width elementor-section-height-default elementor-section-height-default parallax_section_no qode_elementor_container_no\" data-id=\"fae003e\" data-element_type=\"section\" data-e-type=\"section\">\n\t\t\t\t\t\t<div class=\"elementor-container elementor-column-gap-no\">\n\t\t\t\t\t<div class=\"elementor-column elementor-col-100 elementor-top-column elementor-element elementor-element-ed791ae\" data-id=\"ed791ae\" data-element_type=\"column\" data-e-type=\"column\">\n\t\t\t<div class=\"elementor-widget-wrap elementor-element-populated\">\n\t\t\t\t\t\t<div class=\"elementor-element elementor-element-0a4b483 elementor-widget elementor-widget-slider_revolution\" data-id=\"0a4b483\" data-element_type=\"widget\" data-e-type=\"widget\" data-widget_type=\"slider_revolution.default\">\n\t\t\t\t<div class=\"elementor-widget-container\">\n\t\t\t\t\t\n\t\t<div class=\"wp-block-themepunch-revslider\">\n\t\t\t<!-- START Feiern und Tagen REVOLUTION SLIDER 6.7.40 --><p class=\"rs-p-wp-fix\"><\/p>\n\t\t\t<rs-module-wrap id=\"rev_slider_5_1_wrapper\" data-source=\"gallery\" style=\"visibility:hidden;background:#aca49a;padding:0;margin:0px auto;margin-top:0;margin-bottom:0;\">\n\t\t\t\t<rs-module id=\"rev_slider_5_1\" style=\"\" data-version=\"6.7.40\">\n\t\t\t\t\t<rs-slides style=\"overflow: hidden; position: absolute;\">\n\t\t\t\t\t\t<rs-slide style=\"position: absolute;\" data-key=\"rs-11\" data-title=\"Slide\" data-anim=\"adpr:false;\" data-in=\"o:0;\" data-out=\"a:false;\">\n\t\t\t\t\t\t\t<img fetchpriority=\"high\" decoding=\"async\" src=\"\/\/kultur-schloss-theuern.de\/wp-content\/plugins\/revslider\/sr6\/assets\/assets\/dummy.png\" alt=\"Der gro\u00dfe Saal - leer und beleuchtet\" title=\"Kulturschloss_Timo Viehmann_01\" width=\"2035\" height=\"955\" class=\"rev-slidebg tp-rs-img rs-lazyload\" data-lazyload=\"\/\/kultur-schloss-theuern.de\/wp-content\/uploads\/2023\/07\/Kulturschloss_Timo-Viehmann_01.jpg\" data-no-retina>\n<!---->\t\t\t\t\t<\/rs-slide>\n\t\t\t\t\t<\/rs-slides>\n\t\t\t\t<\/rs-module>\n\t\t\t\t<script>\n\t\t\t\t\tsetREVStartSize({c: 'rev_slider_5_1',rl:[1240,1024,778,480],el:[955,640,640,640],gw:[1300,1100,778,480],gh:[955,640,640,640],type:'standard',justify:'',layout:'fullwidth',mh:\"0\"});if (window.RS_MODULES!==undefined && window.RS_MODULES.modules!==undefined && window.RS_MODULES.modules[\"revslider51\"]!==undefined) {window.RS_MODULES.modules[\"revslider51\"].once = false;window.revapi5 = undefined;if (window.RS_MODULES.checkMinimal!==undefined) window.RS_MODULES.checkMinimal()}\n\t\t\t\t<\/script>\n\t\t\t<\/rs-module-wrap>\n\t\t\t<!-- END REVOLUTION SLIDER -->\n<\/div>\n\n\t\t\t\t\t\t<\/div>\n\t\t\t\t<\/div>\n\t\t\t\t\t<\/div>\n\t\t<\/div>\n\t\t\t\t\t<\/div>\n\t\t<\/section>\n\t\t\t\t<section class=\"elementor-section elementor-inner-section elementor-element elementor-element-7c96bee elementor-section-boxed elementor-section-height-default elementor-section-height-default parallax_section_no qode_elementor_container_no\" data-id=\"7c96bee\" data-element_type=\"section\" data-e-type=\"section\">\n\t\t\t\t\t\t<div class=\"elementor-container elementor-column-gap-default\">\n\t\t\t\t\t<div class=\"elementor-column elementor-col-100 elementor-inner-column elementor-element elementor-element-7361c43\" data-id=\"7361c43\" data-element_type=\"column\" data-e-type=\"column\">\n\t\t\t<div class=\"elementor-widget-wrap elementor-element-populated\">\n\t\t\t\t\t\t<div class=\"elementor-element elementor-element-d7b193b elementor-widget elementor-widget-text-editor\" data-id=\"d7b193b\" data-element_type=\"widget\" data-e-type=\"widget\" data-widget_type=\"text-editor.default\">\n\t\t\t\t<div class=\"elementor-widget-container\">\n\t\t\t\t\t\t\t\t\t<h5>DIE<\/h5><h2>K\u00dcCHE<\/h2>\t\t\t\t\t\t\t\t<\/div>\n\t\t\t\t<\/div>\n\t\t\t\t\t<\/div>\n\t\t<\/div>\n\t\t\t\t\t<\/div>\n\t\t<\/section>\n\t\t\t\t<section class=\"elementor-section elementor-inner-section elementor-element elementor-element-ba80b9b elementor-section-boxed elementor-section-height-default elementor-section-height-default parallax_section_no qode_elementor_container_no\" data-id=\"ba80b9b\" data-element_type=\"section\" data-e-type=\"section\">\n\t\t\t\t\t\t<div class=\"elementor-container elementor-column-gap-default\">\n\t\t\t\t\t<div class=\"elementor-column elementor-col-50 elementor-inner-column elementor-element elementor-element-5d2058c\" data-id=\"5d2058c\" data-element_type=\"column\" data-e-type=\"column\">\n\t\t\t<div class=\"elementor-widget-wrap elementor-element-populated\">\n\t\t\t\t\t\t<div class=\"elementor-element elementor-element-1a1051f elementor-widget elementor-widget-text-editor\" data-id=\"1a1051f\" data-element_type=\"widget\" data-e-type=\"widget\" data-widget_type=\"text-editor.default\">\n\t\t\t\t<div class=\"elementor-widget-container\">\n\t\t\t\t\t\t\t\t\t<p>Die K\u00fcche verf\u00fcgt \u00fcber eine Durchreiche zum Gro\u00dfen Saal.<\/p>\t\t\t\t\t\t\t\t<\/div>\n\t\t\t\t<\/div>\n\t\t\t\t<div class=\"elementor-element elementor-element-40d1480 elementor-widget elementor-widget-image\" data-id=\"40d1480\" data-element_type=\"widget\" data-e-type=\"widget\" data-widget_type=\"image.default\">\n\t\t\t\t<div class=\"elementor-widget-container\">\n\t\t\t\t\t\t\t\t\t\t\t\t\t\t\t\t<a href=\"https:\/\/kultur-schloss-theuern.de\/wp-content\/uploads\/2022\/10\/kueche_full.jpg\">\n\t\t\t\t\t\t\t<img decoding=\"async\" width=\"600\" height=\"506\" src=\"https:\/\/kultur-schloss-theuern.de\/wp-content\/uploads\/2022\/10\/kueche.jpg\" class=\"attachment-1536x1536 size-1536x1536 wp-image-2206\" alt=\"\" srcset=\"https:\/\/kultur-schloss-theuern.de\/wp-content\/uploads\/2022\/10\/kueche.jpg 600w, https:\/\/kultur-schloss-theuern.de\/wp-content\/uploads\/2022\/10\/kueche-300x253.jpg 300w, https:\/\/kultur-schloss-theuern.de\/wp-content\/uploads\/2022\/10\/kueche-14x12.jpg 14w\" sizes=\"(max-width: 600px) 100vw, 600px\" \/>\t\t\t\t\t\t\t\t<\/a>\n\t\t\t\t\t\t\t\t\t\t\t\t\t\t\t<\/div>\n\t\t\t\t<\/div>\n\t\t\t\t\t<\/div>\n\t\t<\/div>\n\t\t\t\t<div class=\"elementor-column elementor-col-50 elementor-inner-column elementor-element elementor-element-ee3d9d6\" data-id=\"ee3d9d6\" data-element_type=\"column\" data-e-type=\"column\">\n\t\t\t<div class=\"elementor-widget-wrap elementor-element-populated\">\n\t\t\t\t\t\t<div class=\"elementor-element elementor-element-1b01bb8 h2_alt elementor-widget elementor-widget-text-editor\" data-id=\"1b01bb8\" data-element_type=\"widget\" data-e-type=\"widget\" data-widget_type=\"text-editor.default\">\n\t\t\t\t<div class=\"elementor-widget-container\">\n\t\t\t\t\t\t\t\t\t<h2>TECHNISCHE AUSSTATTUNG<\/h2>\n<p>Kaffeemaschine, Geschirrsp\u00fcler, K\u00fchlf\u00e4cher<\/p>\t\t\t\t\t\t\t\t<\/div>\n\t\t\t\t<\/div>\n\t\t\t\t<div class=\"elementor-element elementor-element-b4a3b03 h2_alt elementor-widget elementor-widget-text-editor\" data-id=\"b4a3b03\" data-element_type=\"widget\" data-e-type=\"widget\" data-widget_type=\"text-editor.default\">\n\t\t\t\t<div class=\"elementor-widget-container\">\n\t\t\t\t\t\t\t\t\t<h2>DATEN\/KOSTEN:<\/h2>\t\t\t\t\t\t\t\t<\/div>\n\t\t\t\t<\/div>\n\t\t\t\t<div class=\"elementor-element elementor-element-56c7621 daten_tabelle elementor-widget__width-initial elementor-widget elementor-widget-html\" data-id=\"56c7621\" data-element_type=\"widget\" data-e-type=\"widget\" data-widget_type=\"html.default\">\n\t\t\t\t<div class=\"elementor-widget-container\">\n\t\t\t\t\t<div class=\"row\">\r\n  <div class=\"column1\">Raumgr\u00f6\u00dfe:<\/div>\r\n  <div class=\"column2\">16 qm<\/div>\r\n<\/div>\r\n<br\/> \r\n<div class=\"row\">\r\n  <div class=\"column1\">Mietzins:<\/div>\r\n  <div class=\"column2\">je angefangene Stunde<\/div>\r\n<\/div>\r\n\r\n<br\/> \r\n<div class=\"row\">\r\n  <div class=\"column1\">\u00a0<\/div>\r\n  <div class=\"column3\"><u>ohne Heizung<\/u><\/div>\r\n  <div class=\"column3\"><u>mit Heizung<\/u><\/div>\r\n<\/div>\r\n<div class=\"row\">\r\n  <div class=\"column1\">Normaltarif<\/div>\r\n  <div class=\"column3\">4 EUR<\/div>\r\n  <div class=\"column3\">4 EUR<\/div>\r\n<\/div>\r\n<div class=\"row\">\r\n  <div class=\"column1\">Erm\u00e4\u00dfigter Tarif 1<\/div>\r\n  <div class=\"column3\">2 EUR<\/div>\r\n  <div class=\"column3\">2 EUR<\/div>\r\n<\/div>\r\n\r\n\r\n <br> HINWEISE: Die Mietdauer beinhaltet neben der Veranstaltung auch die Zeit f\u00fcr Auf- und Abbau, sowie Reinigung. <br>Die Monate mit Heizungsbetrieb sind von Oktober bis einschlie\u00dflich M\u00e4rz.\r\n<br>\r\n<br><i>Notwendige Zusatzkosten durch Drittfirmen (<u>unverbindliche<\/u> Preis\u00fcbersicht ohne Gew\u00e4hr):\r\n<br><br>\r\n<div class=\"row\">\r\n  <div class=\"column1\">Reinigung:<\/div>\r\n  <div class=\"column2\">nach Aufwand<\/div>\r\n<\/div>\r\n\r\n<div class=\"row\">\r\n  <div class=\"column1\">Abfallentsorgung:<\/div>\r\n  <div class=\"column2\">ca. 9 EUR pro Abfallsack<\/div>\r\n<\/div>\r\n<br>\r\n<div class=\"row\">\r\n  <div class=\"column1\">Schlie\u00dfdienst:<\/div>\r\n  <div class=\"column2\">ca. 34 EUR brutto pro Stunde<\/div><\/i>\r\n<\/div>\t\t\t\t<\/div>\n\t\t\t\t<\/div>\n\t\t\t\t\t<\/div>\n\t\t<\/div>\n\t\t\t\t\t<\/div>\n\t\t<\/section>\n\t\t\t\t<section class=\"elementor-section elementor-top-section elementor-element elementor-element-2f11937e elementor-section-full_width volle_breite elementor-section-height-default elementor-section-height-default parallax_section_no qode_elementor_container_no\" data-id=\"2f11937e\" data-element_type=\"section\" data-e-type=\"section\">\n\t\t\t\t\t\t<div class=\"elementor-container elementor-column-gap-default\">\n\t\t\t\t\t<div class=\"elementor-column elementor-col-25 elementor-top-column elementor-element elementor-element-70698263\" data-id=\"70698263\" data-element_type=\"column\" data-e-type=\"column\">\n\t\t\t<div class=\"elementor-widget-wrap\">\n\t\t\t\t\t\t\t<\/div>\n\t\t<\/div>\n\t\t\t\t<div class=\"elementor-column elementor-col-25 elementor-top-column elementor-element elementor-element-63a29f60\" data-id=\"63a29f60\" data-element_type=\"column\" data-e-type=\"column\">\n\t\t\t<div class=\"elementor-widget-wrap elementor-element-populated\">\n\t\t\t\t\t\t<div class=\"elementor-element elementor-element-7e0f58d0 elementor-widget elementor-widget-image\" data-id=\"7e0f58d0\" data-element_type=\"widget\" data-e-type=\"widget\" data-widget_type=\"image.default\">\n\t\t\t\t<div class=\"elementor-widget-container\">\n\t\t\t\t\t\t\t\t\t\t\t\t\t\t\t<img decoding=\"async\" src=\"https:\/\/kultur-schloss-theuern.de\/wp-content\/uploads\/2023\/07\/Kulturschloss-08_TimoViehmann.jpg\" title=\"\" alt=\"\" loading=\"lazy\" \/>\t\t\t\t\t\t\t\t\t\t\t\t\t\t\t<\/div>\n\t\t\t\t<\/div>\n\t\t\t\t\t<\/div>\n\t\t<\/div>\n\t\t\t\t<div class=\"elementor-column elementor-col-25 elementor-top-column elementor-element elementor-element-17880e59\" data-id=\"17880e59\" data-element_type=\"column\" data-e-type=\"column\">\n\t\t\t<div class=\"elementor-widget-wrap elementor-element-populated\">\n\t\t\t\t\t\t<div class=\"elementor-element elementor-element-4d2d2d76 elementor-widget elementor-widget-image\" data-id=\"4d2d2d76\" data-element_type=\"widget\" data-e-type=\"widget\" data-widget_type=\"image.default\">\n\t\t\t\t<div class=\"elementor-widget-container\">\n\t\t\t\t\t\t\t\t\t\t\t\t\t\t\t<img decoding=\"async\" width=\"1024\" height=\"683\" src=\"https:\/\/kultur-schloss-theuern.de\/wp-content\/uploads\/2023\/07\/Kulturschloss-09_TimoViehmann-2-1024x683.jpg\" class=\"attachment-large size-large wp-image-2750\" alt=\"Foto der K\u00fcche\" srcset=\"https:\/\/kultur-schloss-theuern.de\/wp-content\/uploads\/2023\/07\/Kulturschloss-09_TimoViehmann-2-1024x683.jpg 1024w, https:\/\/kultur-schloss-theuern.de\/wp-content\/uploads\/2023\/07\/Kulturschloss-09_TimoViehmann-2-300x200.jpg 300w, https:\/\/kultur-schloss-theuern.de\/wp-content\/uploads\/2023\/07\/Kulturschloss-09_TimoViehmann-2-768x512.jpg 768w, https:\/\/kultur-schloss-theuern.de\/wp-content\/uploads\/2023\/07\/Kulturschloss-09_TimoViehmann-2-1536x1024.jpg 1536w, https:\/\/kultur-schloss-theuern.de\/wp-content\/uploads\/2023\/07\/Kulturschloss-09_TimoViehmann-2-18x12.jpg 18w, https:\/\/kultur-schloss-theuern.de\/wp-content\/uploads\/2023\/07\/Kulturschloss-09_TimoViehmann-2-700x467.jpg 700w, https:\/\/kultur-schloss-theuern.de\/wp-content\/uploads\/2023\/07\/Kulturschloss-09_TimoViehmann-2.jpg 1920w\" sizes=\"(max-width: 1024px) 100vw, 1024px\" \/>\t\t\t\t\t\t\t\t\t\t\t\t\t\t\t<\/div>\n\t\t\t\t<\/div>\n\t\t\t\t\t<\/div>\n\t\t<\/div>\n\t\t\t\t<div class=\"elementor-column elementor-col-25 elementor-top-column elementor-element elementor-element-69c0ffed\" data-id=\"69c0ffed\" data-element_type=\"column\" data-e-type=\"column\">\n\t\t\t<div class=\"elementor-widget-wrap\">\n\t\t\t\t\t\t\t<\/div>\n\t\t<\/div>\n\t\t\t\t\t<\/div>\n\t\t<\/section>\n\t\t\t\t<\/div>\n\t\t","protected":false},"excerpt":{"rendered":"<p>DIE K\u00dcCHE Die K\u00fcche verf\u00fcgt \u00fcber eine Durchreiche zum Gro\u00dfen Saal. TECHNISCHE AUSSTATTUNG Kaffeemaschine, Geschirrsp\u00fcler, K\u00fchlf\u00e4cher DATEN\/KOSTEN: Raumgr\u00f6\u00dfe: 16 qm Mietzins: je angefangene Stunde \u00a0 ohne Heizung mit Heizung Normaltarif 4 EUR 4 EUR Erm\u00e4\u00dfigter Tarif 1 2 EUR 2 EUR HINWEISE: Die Mietdauer beinhaltet&#8230;<\/p>","protected":false},"author":1,"featured_media":0,"parent":0,"menu_order":-2,"comment_status":"closed","ping_status":"closed","template":"","meta":{"footnotes":""},"class_list":["post-1245","page","type-page","status-publish","hentry"],"_links":{"self":[{"href":"https:\/\/kultur-schloss-theuern.de\/en\/wp-json\/wp\/v2\/pages\/1245","targetHints":{"allow":["GET"]}}],"collection":[{"href":"https:\/\/kultur-schloss-theuern.de\/en\/wp-json\/wp\/v2\/pages"}],"about":[{"href":"https:\/\/kultur-schloss-theuern.de\/en\/wp-json\/wp\/v2\/types\/page"}],"author":[{"embeddable":true,"href":"https:\/\/kultur-schloss-theuern.de\/en\/wp-json\/wp\/v2\/users\/1"}],"replies":[{"embeddable":true,"href":"https:\/\/kultur-schloss-theuern.de\/en\/wp-json\/wp\/v2\/comments?post=1245"}],"version-history":[{"count":46,"href":"https:\/\/kultur-schloss-theuern.de\/en\/wp-json\/wp\/v2\/pages\/1245\/revisions"}],"predecessor-version":[{"id":3808,"href":"https:\/\/kultur-schloss-theuern.de\/en\/wp-json\/wp\/v2\/pages\/1245\/revisions\/3808"}],"wp:attachment":[{"href":"https:\/\/kultur-schloss-theuern.de\/en\/wp-json\/wp\/v2\/media?parent=1245"}],"curies":[{"name":"wp","href":"https:\/\/api.w.org\/{rel}","templated":true}]}}