{"id":1244,"date":"2022-08-28T14:21:20","date_gmt":"2022-08-28T12:21:20","guid":{"rendered":"https:\/\/kultur-schloss-theuern.de\/?page_id=1244"},"modified":"2025-02-03T16:30:38","modified_gmt":"2025-02-03T15:30:38","slug":"foyer-und-garderobe","status":"publish","type":"page","link":"https:\/\/kultur-schloss-theuern.de\/en\/foyer-und-garderobe\/","title":{"rendered":"Foyer &#038; Garderobe"},"content":{"rendered":"\t\t<div data-elementor-type=\"wp-page\" data-elementor-id=\"1244\" class=\"elementor elementor-1244\">\n\t\t\t\t\t\t<section class=\"elementor-section elementor-top-section elementor-element elementor-element-fae003e elementor-section-full_width elementor-section-height-default elementor-section-height-default parallax_section_no qode_elementor_container_no\" data-id=\"fae003e\" data-element_type=\"section\" data-e-type=\"section\">\n\t\t\t\t\t\t<div class=\"elementor-container elementor-column-gap-no\">\n\t\t\t\t\t<div class=\"elementor-column elementor-col-100 elementor-top-column elementor-element elementor-element-ed791ae\" data-id=\"ed791ae\" data-element_type=\"column\" data-e-type=\"column\">\n\t\t\t<div class=\"elementor-widget-wrap elementor-element-populated\">\n\t\t\t\t\t\t<div class=\"elementor-element elementor-element-0a4b483 elementor-widget elementor-widget-slider_revolution\" data-id=\"0a4b483\" data-element_type=\"widget\" data-e-type=\"widget\" data-widget_type=\"slider_revolution.default\">\n\t\t\t\t<div class=\"elementor-widget-container\">\n\t\t\t\t\t\n\t\t<div class=\"wp-block-themepunch-revslider\">\n\t\t\t<!-- START Feiern und Tagen Foyer REVOLUTION SLIDER 6.7.40 --><p class=\"rs-p-wp-fix\"><\/p>\n\t\t\t<rs-module-wrap id=\"rev_slider_8_1_wrapper\" data-source=\"gallery\" style=\"visibility:hidden;background:#aca49a;padding:0;margin:0px auto;margin-top:0;margin-bottom:0;\">\n\t\t\t\t<rs-module id=\"rev_slider_8_1\" style=\"\" data-version=\"6.7.40\">\n\t\t\t\t\t<rs-slides style=\"overflow: hidden; position: absolute;\">\n\t\t\t\t\t\t<rs-slide style=\"position: absolute;\" data-key=\"rs-14\" data-title=\"Slide\" data-anim=\"adpr:false;\" data-in=\"o:0;\" data-out=\"a:false;\">\n\t\t\t\t\t\t\t<img fetchpriority=\"high\" decoding=\"async\" src=\"\/\/kultur-schloss-theuern.de\/wp-content\/plugins\/revslider\/sr6\/assets\/assets\/dummy.png\" alt=\"Imposantes Foto vom Foyer\" title=\"Kulturschloss-05\" width=\"2560\" height=\"1707\" class=\"rev-slidebg tp-rs-img rs-lazyload\" data-lazyload=\"\/\/kultur-schloss-theuern.de\/wp-content\/uploads\/2024\/03\/Kulturschloss-05-scaled.jpg\" data-no-retina>\n<!---->\t\t\t\t\t<\/rs-slide>\n\t\t\t\t\t<\/rs-slides>\n\t\t\t\t<\/rs-module>\n\t\t\t\t<script>\n\t\t\t\t\tsetREVStartSize({c: 'rev_slider_8_1',rl:[1240,1024,778,480],el:[955,640,640,640],gw:[1300,1100,778,480],gh:[955,640,640,640],type:'standard',justify:'',layout:'fullwidth',mh:\"0\"});if (window.RS_MODULES!==undefined && window.RS_MODULES.modules!==undefined && window.RS_MODULES.modules[\"revslider81\"]!==undefined) {window.RS_MODULES.modules[\"revslider81\"].once = false;window.revapi8 = undefined;if (window.RS_MODULES.checkMinimal!==undefined) window.RS_MODULES.checkMinimal()}\n\t\t\t\t<\/script>\n\t\t\t<\/rs-module-wrap>\n\t\t\t<!-- END REVOLUTION SLIDER -->\n<\/div>\n\n\t\t\t\t\t\t<\/div>\n\t\t\t\t<\/div>\n\t\t\t\t\t<\/div>\n\t\t<\/div>\n\t\t\t\t\t<\/div>\n\t\t<\/section>\n\t\t\t\t<section class=\"elementor-section elementor-inner-section elementor-element elementor-element-1af5440 elementor-section-boxed elementor-section-height-default elementor-section-height-default parallax_section_no qode_elementor_container_no\" data-id=\"1af5440\" data-element_type=\"section\" data-e-type=\"section\">\n\t\t\t\t\t\t<div class=\"elementor-container elementor-column-gap-default\">\n\t\t\t\t\t<div class=\"elementor-column elementor-col-100 elementor-inner-column elementor-element elementor-element-330f920\" data-id=\"330f920\" data-element_type=\"column\" data-e-type=\"column\">\n\t\t\t<div class=\"elementor-widget-wrap elementor-element-populated\">\n\t\t\t\t\t\t<div class=\"elementor-element elementor-element-73a8f0b elementor-widget elementor-widget-text-editor\" data-id=\"73a8f0b\" data-element_type=\"widget\" data-e-type=\"widget\" data-widget_type=\"text-editor.default\">\n\t\t\t\t<div class=\"elementor-widget-container\">\n\t\t\t\t\t\t\t\t\t<h5>\u00a0<\/h5><h2>FOYER &amp; GARDEROBE<\/h2><p>Garderobe und Foyer befinden sich zwischen dem Gro\u00dfen und dem Kleinen Saal. Die gro\u00dfz\u00fcgige Fl\u00e4che kann zus\u00e4tzlich f\u00fcr Stehempf\u00e4nge usw. genutzt werden. Gem\u00fctliche Sitzm\u00f6bel laden zur Entspannung ein. Das Foyer ist sowohl \u00fcber das Treppenhaus als auch \u00fcber einen Aufzug erreichbar. Moderne Toilettenanlagen befinden sich im Erdgeschoss.<\/p>\t\t\t\t\t\t\t\t<\/div>\n\t\t\t\t<\/div>\n\t\t\t\t\t<\/div>\n\t\t<\/div>\n\t\t\t\t\t<\/div>\n\t\t<\/section>\n\t\t\t\t<section class=\"elementor-section elementor-inner-section elementor-element elementor-element-75578bf elementor-section-boxed elementor-section-height-default elementor-section-height-default parallax_section_no qode_elementor_container_no\" data-id=\"75578bf\" data-element_type=\"section\" data-e-type=\"section\">\n\t\t\t\t\t\t<div class=\"elementor-container elementor-column-gap-default\">\n\t\t\t\t\t<div class=\"elementor-column elementor-col-50 elementor-inner-column elementor-element elementor-element-947de56\" data-id=\"947de56\" data-element_type=\"column\" data-e-type=\"column\">\n\t\t\t<div class=\"elementor-widget-wrap elementor-element-populated\">\n\t\t\t\t\t\t<div class=\"elementor-element elementor-element-59b2021 elementor-widget elementor-widget-image\" data-id=\"59b2021\" data-element_type=\"widget\" data-e-type=\"widget\" data-widget_type=\"image.default\">\n\t\t\t\t<div class=\"elementor-widget-container\">\n\t\t\t\t\t\t\t\t\t\t\t\t\t\t\t\t<a href=\"https:\/\/kultur-schloss-theuern.de\/wp-content\/uploads\/2022\/10\/foyer_und_garderobe_full.jpg\">\n\t\t\t\t\t\t\t<img decoding=\"async\" width=\"600\" height=\"494\" src=\"https:\/\/kultur-schloss-theuern.de\/wp-content\/uploads\/2022\/10\/foyer_und_garderobe.jpg\" class=\"attachment-1536x1536 size-1536x1536 wp-image-2201\" alt=\"\" srcset=\"https:\/\/kultur-schloss-theuern.de\/wp-content\/uploads\/2022\/10\/foyer_und_garderobe.jpg 600w, https:\/\/kultur-schloss-theuern.de\/wp-content\/uploads\/2022\/10\/foyer_und_garderobe-300x247.jpg 300w, https:\/\/kultur-schloss-theuern.de\/wp-content\/uploads\/2022\/10\/foyer_und_garderobe-15x12.jpg 15w\" sizes=\"(max-width: 600px) 100vw, 600px\" \/>\t\t\t\t\t\t\t\t<\/a>\n\t\t\t\t\t\t\t\t\t\t\t\t\t\t\t<\/div>\n\t\t\t\t<\/div>\n\t\t\t\t\t<\/div>\n\t\t<\/div>\n\t\t\t\t<div class=\"elementor-column elementor-col-50 elementor-inner-column elementor-element elementor-element-57b6859\" data-id=\"57b6859\" data-element_type=\"column\" data-e-type=\"column\">\n\t\t\t<div class=\"elementor-widget-wrap elementor-element-populated\">\n\t\t\t\t\t\t<div class=\"elementor-element elementor-element-9c7c239 h2_alt elementor-widget elementor-widget-text-editor\" data-id=\"9c7c239\" data-element_type=\"widget\" data-e-type=\"widget\" data-widget_type=\"text-editor.default\">\n\t\t\t\t<div class=\"elementor-widget-container\">\n\t\t\t\t\t\t\t\t\t<h2>GEEIGNET F\u00dcR:<\/h2><p>Stehempf\u00e4nge, Ausstellungen<\/p>\t\t\t\t\t\t\t\t<\/div>\n\t\t\t\t<\/div>\n\t\t\t\t<div class=\"elementor-element elementor-element-f97d80c h2_alt elementor-widget elementor-widget-text-editor\" data-id=\"f97d80c\" data-element_type=\"widget\" data-e-type=\"widget\" data-widget_type=\"text-editor.default\">\n\t\t\t\t<div class=\"elementor-widget-container\">\n\t\t\t\t\t\t\t\t\t<h2>DATEN\/KOSTEN:<\/h2>\t\t\t\t\t\t\t\t<\/div>\n\t\t\t\t<\/div>\n\t\t\t\t<div class=\"elementor-element elementor-element-b36af9a daten_tabelle elementor-widget elementor-widget-html\" data-id=\"b36af9a\" data-element_type=\"widget\" data-e-type=\"widget\" data-widget_type=\"html.default\">\n\t\t\t\t<div class=\"elementor-widget-container\">\n\t\t\t\t\t<div class=\"row\">\r\n  <div class=\"column1\">Raumgr\u00f6\u00dfe:<\/div>\r\n  <div class=\"column2\">124 qm<\/div>\r\n<\/div>\r\n<br\/> \r\n<div class=\"row\">\r\n  <div class=\"column1\">Mietzins:<\/div>\r\n  <div class=\"column2\">je angefangene Stunde<\/div>\r\n<\/div>\r\n\r\n<br\/> \r\n<div class=\"row\">\r\n  <div class=\"column1\">\u00a0<\/div>\r\n  <div class=\"column3\"><u>ohne Heizung<\/u><\/div>\r\n  <div class=\"column3\"><u>mit Heizung<\/u><\/div>\r\n<\/div>\r\n<div class=\"row\">\r\n  <div class=\"column1\">Normaltarif<\/div>\r\n  <div class=\"column3\">20 EUR<\/div>\r\n  <div class=\"column3\">30 EUR<\/div>\r\n<\/div>\r\n<div class=\"row\">\r\n  <div class=\"column1\">Erm\u00e4\u00dfigter Tarif<\/div>\r\n  <div class=\"column3\">10 EUR<\/div>\r\n  <div class=\"column3\">15 EUR<\/div>\r\n<\/div>\r\n\r\n <br>HINWEISE: Die Mietdauer beinhaltet neben der Veranstaltung auch die Zeit f\u00fcr Auf- und Abbau, sowie Reinigung. Das Foyer kann separat auch ohne die S\u00e4le gebucht werden.<br>Die Monate mit Heizungsbetrieb sind von Oktober bis einschlie\u00dflich M\u00e4rz.\r\n<br>\r\n<br><i>Notwendige Zusatzkosten durch Drittfirmen (<u>unverbindliche<\/u> Preis\u00fcbersicht ohne Gew\u00e4hr):\r\n<br><br>\r\n<div class=\"row\">\r\n  <div class=\"column1\">Reinigung (Sommer):<\/div>\r\n  <div class=\"column2\">ca. 120 EUR (inkl. WCs)<\/div>\r\n<\/div>\r\n\r\n<div class=\"row\">\r\n  <div class=\"column1\">Reinigung (Winter):<\/div>\r\n  <div class=\"column2\">ca. 190 EUR (inkl. WCs)<\/div>\r\n<\/div>\r\n\r\n\r\n<div class=\"row\">\r\n  <div class=\"column1\">Auf- und Abstuhlung:<\/div>\r\n  <div class=\"column2\">nach Aufwand<\/div><\/div>\r\n<\/div>\r\n\r\n<div class=\"row\">\r\n  <div class=\"column1\">Abfallentsorgung:<\/div>\r\n  <div class=\"column2\">ca. 9 EUR pro Abfallsack<\/div>\r\n<\/div><br>\r\n<div class=\"row\">\r\n  <div class=\"column1\">Schlie\u00dfdienst:<\/div>\r\n  <div class=\"column2\">ca. 34 EUR brutto pro Stunde<\/div><\/i>\r\n<\/div>\t\t\t\t<\/div>\n\t\t\t\t<\/div>\n\t\t\t\t\t<\/div>\n\t\t<\/div>\n\t\t\t\t\t<\/div>\n\t\t<\/section>\n\t\t\t\t<section class=\"elementor-section elementor-top-section elementor-element elementor-element-4e1b37a elementor-section-full_width volle_breite elementor-section-height-default elementor-section-height-default parallax_section_no qode_elementor_container_no\" data-id=\"4e1b37a\" data-element_type=\"section\" data-e-type=\"section\">\n\t\t\t\t\t\t<div class=\"elementor-container elementor-column-gap-default\">\n\t\t\t\t\t<div class=\"elementor-column elementor-col-20 elementor-top-column elementor-element elementor-element-6e30347\" data-id=\"6e30347\" data-element_type=\"column\" data-e-type=\"column\">\n\t\t\t<div class=\"elementor-widget-wrap\">\n\t\t\t\t\t\t\t<\/div>\n\t\t<\/div>\n\t\t\t\t<div class=\"elementor-column elementor-col-20 elementor-top-column elementor-element elementor-element-e780218\" data-id=\"e780218\" data-element_type=\"column\" data-e-type=\"column\">\n\t\t\t<div class=\"elementor-widget-wrap elementor-element-populated\">\n\t\t\t\t\t\t<div class=\"elementor-element elementor-element-c5e35ea elementor-widget elementor-widget-image\" data-id=\"c5e35ea\" data-element_type=\"widget\" data-e-type=\"widget\" data-widget_type=\"image.default\">\n\t\t\t\t<div class=\"elementor-widget-container\">\n\t\t\t\t\t\t\t\t\t\t\t\t\t\t\t\t<a href=\"https:\/\/kultur-schloss-theuern.de\/wp-content\/uploads\/2023\/07\/Kulturschloss-10_TimoViehmann.jpg\" data-elementor-open-lightbox=\"yes\" data-elementor-lightbox-title=\"Kulturschloss-10_TimoViehmann\" data-e-action-hash=\"#elementor-action%3Aaction%3Dlightbox%26settings%3DeyJpZCI6Mjc2MiwidXJsIjoiaHR0cHM6XC9cL2t1bHR1ci1zY2hsb3NzLXRoZXVlcm4uZGVcL3dwLWNvbnRlbnRcL3VwbG9hZHNcLzIwMjNcLzA3XC9LdWx0dXJzY2hsb3NzLTEwX1RpbW9WaWVobWFubi5qcGcifQ%3D%3D\">\n\t\t\t\t\t\t\t<img decoding=\"async\" width=\"1024\" height=\"683\" src=\"https:\/\/kultur-schloss-theuern.de\/wp-content\/uploads\/2023\/07\/Kulturschloss-10_TimoViehmann-1024x683.jpg\" class=\"attachment-large size-large wp-image-2762\" alt=\"Treppenaufgang im Foyer mit Garderobe\" srcset=\"https:\/\/kultur-schloss-theuern.de\/wp-content\/uploads\/2023\/07\/Kulturschloss-10_TimoViehmann-1024x683.jpg 1024w, https:\/\/kultur-schloss-theuern.de\/wp-content\/uploads\/2023\/07\/Kulturschloss-10_TimoViehmann-300x200.jpg 300w, https:\/\/kultur-schloss-theuern.de\/wp-content\/uploads\/2023\/07\/Kulturschloss-10_TimoViehmann-768x512.jpg 768w, https:\/\/kultur-schloss-theuern.de\/wp-content\/uploads\/2023\/07\/Kulturschloss-10_TimoViehmann-1536x1024.jpg 1536w, https:\/\/kultur-schloss-theuern.de\/wp-content\/uploads\/2023\/07\/Kulturschloss-10_TimoViehmann-18x12.jpg 18w, https:\/\/kultur-schloss-theuern.de\/wp-content\/uploads\/2023\/07\/Kulturschloss-10_TimoViehmann-700x467.jpg 700w, https:\/\/kultur-schloss-theuern.de\/wp-content\/uploads\/2023\/07\/Kulturschloss-10_TimoViehmann.jpg 1920w\" sizes=\"(max-width: 1024px) 100vw, 1024px\" \/>\t\t\t\t\t\t\t\t<\/a>\n\t\t\t\t\t\t\t\t\t\t\t\t\t\t\t<\/div>\n\t\t\t\t<\/div>\n\t\t\t\t\t<\/div>\n\t\t<\/div>\n\t\t\t\t<div class=\"elementor-column elementor-col-20 elementor-top-column elementor-element elementor-element-053b2cb\" data-id=\"053b2cb\" data-element_type=\"column\" data-e-type=\"column\">\n\t\t\t<div class=\"elementor-widget-wrap elementor-element-populated\">\n\t\t\t\t\t\t<div class=\"elementor-element elementor-element-5e0b07c elementor-widget elementor-widget-image\" data-id=\"5e0b07c\" data-element_type=\"widget\" data-e-type=\"widget\" data-widget_type=\"image.default\">\n\t\t\t\t<div class=\"elementor-widget-container\">\n\t\t\t\t\t\t\t\t\t\t\t\t\t\t\t\t<a href=\"https:\/\/kultur-schloss-theuern.de\/wp-content\/uploads\/2023\/07\/Kulturschloss-04_TimoViehmann-1.jpg\" data-elementor-open-lightbox=\"yes\" data-elementor-lightbox-title=\"Kulturschloss-04_TimoViehmann\" data-e-action-hash=\"#elementor-action%3Aaction%3Dlightbox%26settings%3DeyJpZCI6Mjc1OSwidXJsIjoiaHR0cHM6XC9cL2t1bHR1ci1zY2hsb3NzLXRoZXVlcm4uZGVcL3dwLWNvbnRlbnRcL3VwbG9hZHNcLzIwMjNcLzA3XC9LdWx0dXJzY2hsb3NzLTA0X1RpbW9WaWVobWFubi0xLmpwZyJ9\">\n\t\t\t\t\t\t\t<img loading=\"lazy\" decoding=\"async\" width=\"1024\" height=\"683\" src=\"https:\/\/kultur-schloss-theuern.de\/wp-content\/uploads\/2023\/07\/Kulturschloss-04_TimoViehmann-1-1024x683.jpg\" class=\"attachment-large size-large wp-image-2759\" alt=\"Treppenhaus im Foyer\" srcset=\"https:\/\/kultur-schloss-theuern.de\/wp-content\/uploads\/2023\/07\/Kulturschloss-04_TimoViehmann-1-1024x683.jpg 1024w, https:\/\/kultur-schloss-theuern.de\/wp-content\/uploads\/2023\/07\/Kulturschloss-04_TimoViehmann-1-300x200.jpg 300w, https:\/\/kultur-schloss-theuern.de\/wp-content\/uploads\/2023\/07\/Kulturschloss-04_TimoViehmann-1-768x512.jpg 768w, https:\/\/kultur-schloss-theuern.de\/wp-content\/uploads\/2023\/07\/Kulturschloss-04_TimoViehmann-1-1536x1024.jpg 1536w, https:\/\/kultur-schloss-theuern.de\/wp-content\/uploads\/2023\/07\/Kulturschloss-04_TimoViehmann-1-18x12.jpg 18w, https:\/\/kultur-schloss-theuern.de\/wp-content\/uploads\/2023\/07\/Kulturschloss-04_TimoViehmann-1-700x467.jpg 700w, https:\/\/kultur-schloss-theuern.de\/wp-content\/uploads\/2023\/07\/Kulturschloss-04_TimoViehmann-1.jpg 1920w\" sizes=\"(max-width: 1024px) 100vw, 1024px\" \/>\t\t\t\t\t\t\t\t<\/a>\n\t\t\t\t\t\t\t\t\t\t\t\t\t\t\t<\/div>\n\t\t\t\t<\/div>\n\t\t\t\t\t<\/div>\n\t\t<\/div>\n\t\t\t\t<div class=\"elementor-column elementor-col-20 elementor-top-column elementor-element elementor-element-55078e1\" data-id=\"55078e1\" data-element_type=\"column\" data-e-type=\"column\">\n\t\t\t<div class=\"elementor-widget-wrap elementor-element-populated\">\n\t\t\t\t\t\t<div class=\"elementor-element elementor-element-597540a elementor-widget elementor-widget-image\" data-id=\"597540a\" data-element_type=\"widget\" data-e-type=\"widget\" data-widget_type=\"image.default\">\n\t\t\t\t<div class=\"elementor-widget-container\">\n\t\t\t\t\t\t\t\t\t\t\t\t\t\t\t\t<a href=\"https:\/\/kultur-schloss-theuern.de\/wp-content\/uploads\/2023\/07\/Kulturschloss-05_TimoViehmann-1.jpg\" data-elementor-open-lightbox=\"yes\" data-elementor-lightbox-title=\"Kulturschloss-05_TimoViehmann\" data-e-action-hash=\"#elementor-action%3Aaction%3Dlightbox%26settings%3DeyJpZCI6Mjc2MSwidXJsIjoiaHR0cHM6XC9cL2t1bHR1ci1zY2hsb3NzLXRoZXVlcm4uZGVcL3dwLWNvbnRlbnRcL3VwbG9hZHNcLzIwMjNcLzA3XC9LdWx0dXJzY2hsb3NzLTA1X1RpbW9WaWVobWFubi0xLmpwZyJ9\">\n\t\t\t\t\t\t\t<img loading=\"lazy\" decoding=\"async\" width=\"1024\" height=\"683\" src=\"https:\/\/kultur-schloss-theuern.de\/wp-content\/uploads\/2023\/07\/Kulturschloss-05_TimoViehmann-1-1024x683.jpg\" class=\"attachment-large size-large wp-image-2761\" alt=\"Blick ins Foyer\" srcset=\"https:\/\/kultur-schloss-theuern.de\/wp-content\/uploads\/2023\/07\/Kulturschloss-05_TimoViehmann-1-1024x683.jpg 1024w, https:\/\/kultur-schloss-theuern.de\/wp-content\/uploads\/2023\/07\/Kulturschloss-05_TimoViehmann-1-300x200.jpg 300w, https:\/\/kultur-schloss-theuern.de\/wp-content\/uploads\/2023\/07\/Kulturschloss-05_TimoViehmann-1-768x512.jpg 768w, https:\/\/kultur-schloss-theuern.de\/wp-content\/uploads\/2023\/07\/Kulturschloss-05_TimoViehmann-1-1536x1024.jpg 1536w, https:\/\/kultur-schloss-theuern.de\/wp-content\/uploads\/2023\/07\/Kulturschloss-05_TimoViehmann-1-18x12.jpg 18w, https:\/\/kultur-schloss-theuern.de\/wp-content\/uploads\/2023\/07\/Kulturschloss-05_TimoViehmann-1-700x467.jpg 700w, https:\/\/kultur-schloss-theuern.de\/wp-content\/uploads\/2023\/07\/Kulturschloss-05_TimoViehmann-1.jpg 1920w\" sizes=\"(max-width: 1024px) 100vw, 1024px\" \/>\t\t\t\t\t\t\t\t<\/a>\n\t\t\t\t\t\t\t\t\t\t\t\t\t\t\t<\/div>\n\t\t\t\t<\/div>\n\t\t\t\t\t<\/div>\n\t\t<\/div>\n\t\t\t\t<div class=\"elementor-column elementor-col-20 elementor-top-column elementor-element elementor-element-bcc7816\" data-id=\"bcc7816\" data-element_type=\"column\" data-e-type=\"column\">\n\t\t\t<div class=\"elementor-widget-wrap\">\n\t\t\t\t\t\t\t<\/div>\n\t\t<\/div>\n\t\t\t\t\t<\/div>\n\t\t<\/section>\n\t\t\t\t<section class=\"elementor-section elementor-top-section elementor-element elementor-element-6bb7d35 bottom_spacer elementor-section-boxed elementor-section-height-default elementor-section-height-default parallax_section_no qode_elementor_container_no\" data-id=\"6bb7d35\" data-element_type=\"section\" data-e-type=\"section\">\n\t\t\t\t\t\t<div class=\"elementor-container elementor-column-gap-default\">\n\t\t\t\t\t<div class=\"elementor-column elementor-col-100 elementor-top-column elementor-element elementor-element-749a28e\" data-id=\"749a28e\" data-element_type=\"column\" data-e-type=\"column\">\n\t\t\t<div class=\"elementor-widget-wrap\">\n\t\t\t\t\t\t\t<\/div>\n\t\t<\/div>\n\t\t\t\t\t<\/div>\n\t\t<\/section>\n\t\t\t\t<\/div>\n\t\t","protected":false},"excerpt":{"rendered":"<p>\u00a0 FOYER &amp; GARDEROBE Garderobe und Foyer befinden sich zwischen dem Gro\u00dfen und dem Kleinen Saal. Die gro\u00dfz\u00fcgige Fl\u00e4che kann zus\u00e4tzlich f\u00fcr Stehempf\u00e4nge usw. genutzt werden. Gem\u00fctliche Sitzm\u00f6bel laden zur Entspannung ein. Das Foyer ist sowohl \u00fcber das Treppenhaus als auch \u00fcber einen Aufzug erreichbar&#8230;.<\/p>","protected":false},"author":1,"featured_media":0,"parent":0,"menu_order":-2,"comment_status":"closed","ping_status":"closed","template":"","meta":{"footnotes":""},"class_list":["post-1244","page","type-page","status-publish","hentry"],"_links":{"self":[{"href":"https:\/\/kultur-schloss-theuern.de\/en\/wp-json\/wp\/v2\/pages\/1244","targetHints":{"allow":["GET"]}}],"collection":[{"href":"https:\/\/kultur-schloss-theuern.de\/en\/wp-json\/wp\/v2\/pages"}],"about":[{"href":"https:\/\/kultur-schloss-theuern.de\/en\/wp-json\/wp\/v2\/types\/page"}],"author":[{"embeddable":true,"href":"https:\/\/kultur-schloss-theuern.de\/en\/wp-json\/wp\/v2\/users\/1"}],"replies":[{"embeddable":true,"href":"https:\/\/kultur-schloss-theuern.de\/en\/wp-json\/wp\/v2\/comments?post=1244"}],"version-history":[{"count":73,"href":"https:\/\/kultur-schloss-theuern.de\/en\/wp-json\/wp\/v2\/pages\/1244\/revisions"}],"predecessor-version":[{"id":3805,"href":"https:\/\/kultur-schloss-theuern.de\/en\/wp-json\/wp\/v2\/pages\/1244\/revisions\/3805"}],"wp:attachment":[{"href":"https:\/\/kultur-schloss-theuern.de\/en\/wp-json\/wp\/v2\/media?parent=1244"}],"curies":[{"name":"wp","href":"https:\/\/api.w.org\/{rel}","templated":true}]}}