{"id":1243,"date":"2022-08-28T14:21:15","date_gmt":"2022-08-28T12:21:15","guid":{"rendered":"https:\/\/kultur-schloss-theuern.de\/?page_id=1243"},"modified":"2025-02-03T16:26:46","modified_gmt":"2025-02-03T15:26:46","slug":"kleiner-saal","status":"publish","type":"page","link":"https:\/\/kultur-schloss-theuern.de\/en\/kleiner-saal\/","title":{"rendered":"Small Hall"},"content":{"rendered":"\t\t<div data-elementor-type=\"wp-page\" data-elementor-id=\"1243\" class=\"elementor elementor-1243\">\n\t\t\t\t\t\t<section class=\"elementor-section elementor-top-section elementor-element elementor-element-fae003e elementor-section-full_width elementor-section-height-default elementor-section-height-default parallax_section_no qode_elementor_container_no\" data-id=\"fae003e\" data-element_type=\"section\" data-e-type=\"section\">\n\t\t\t\t\t\t<div class=\"elementor-container elementor-column-gap-no\">\n\t\t\t\t\t<div class=\"elementor-column elementor-col-100 elementor-top-column elementor-element elementor-element-ed791ae\" data-id=\"ed791ae\" data-element_type=\"column\" data-e-type=\"column\">\n\t\t\t<div class=\"elementor-widget-wrap elementor-element-populated\">\n\t\t\t\t\t\t<div class=\"elementor-element elementor-element-0a4b483 elementor-widget elementor-widget-slider_revolution\" data-id=\"0a4b483\" data-element_type=\"widget\" data-e-type=\"widget\" data-widget_type=\"slider_revolution.default\">\n\t\t\t\t<div class=\"elementor-widget-container\">\n\t\t\t\t\t\n\t\t<div class=\"wp-block-themepunch-revslider\">\n\t\t\t<!-- START Feiern und Tagen Kleiner Saal REVOLUTION SLIDER 6.7.40 --><p class=\"rs-p-wp-fix\"><\/p>\n\t\t\t<rs-module-wrap id=\"rev_slider_7_1_wrapper\" data-source=\"gallery\" style=\"visibility:hidden;background:#aca49a;padding:0;margin:0px auto;margin-top:0;margin-bottom:0;\">\n\t\t\t\t<rs-module id=\"rev_slider_7_1\" style=\"\" data-version=\"6.7.40\">\n\t\t\t\t\t<rs-slides style=\"overflow: hidden; position: absolute;\">\n\t\t\t\t\t\t<rs-slide style=\"position: absolute;\" data-key=\"rs-13\" data-title=\"Slide\" data-anim=\"adpr:false;\" data-in=\"o:0;\" data-out=\"a:false;\">\n\t\t\t\t\t\t\t<img fetchpriority=\"high\" decoding=\"async\" src=\"\/\/kultur-schloss-theuern.de\/wp-content\/plugins\/revslider\/sr6\/assets\/assets\/dummy.png\" alt=\"Der kleine Saal im Weitwinkel\" title=\"Kulturschloss-06\" width=\"2560\" height=\"1707\" class=\"rev-slidebg tp-rs-img rs-lazyload\" data-lazyload=\"\/\/kultur-schloss-theuern.de\/wp-content\/uploads\/2024\/03\/Kulturschloss-06-scaled.jpg\" data-no-retina>\n<!---->\t\t\t\t\t<\/rs-slide>\n\t\t\t\t\t<\/rs-slides>\n\t\t\t\t<\/rs-module>\n\t\t\t\t<script>\n\t\t\t\t\tsetREVStartSize({c: 'rev_slider_7_1',rl:[1240,1024,778,480],el:[955,640,640,640],gw:[1300,1100,778,480],gh:[955,640,640,640],type:'standard',justify:'',layout:'fullwidth',mh:\"0\"});if (window.RS_MODULES!==undefined && window.RS_MODULES.modules!==undefined && window.RS_MODULES.modules[\"revslider71\"]!==undefined) {window.RS_MODULES.modules[\"revslider71\"].once = false;window.revapi7 = undefined;if (window.RS_MODULES.checkMinimal!==undefined) window.RS_MODULES.checkMinimal()}\n\t\t\t\t<\/script>\n\t\t\t<\/rs-module-wrap>\n\t\t\t<!-- END REVOLUTION SLIDER -->\n<\/div>\n\n\t\t\t\t\t\t<\/div>\n\t\t\t\t<\/div>\n\t\t\t\t\t<\/div>\n\t\t<\/div>\n\t\t\t\t\t<\/div>\n\t\t<\/section>\n\t\t\t\t<section class=\"elementor-section elementor-inner-section elementor-element elementor-element-e99575e elementor-section-boxed elementor-section-height-default elementor-section-height-default parallax_section_no qode_elementor_container_no\" data-id=\"e99575e\" data-element_type=\"section\" data-e-type=\"section\">\n\t\t\t\t\t\t<div class=\"elementor-container elementor-column-gap-default\">\n\t\t\t\t\t<div class=\"elementor-column elementor-col-100 elementor-inner-column elementor-element elementor-element-440256d\" data-id=\"440256d\" data-element_type=\"column\" data-e-type=\"column\">\n\t\t\t<div class=\"elementor-widget-wrap elementor-element-populated\">\n\t\t\t\t\t\t<div class=\"elementor-element elementor-element-88181c4 elementor-widget elementor-widget-text-editor\" data-id=\"88181c4\" data-element_type=\"widget\" data-e-type=\"widget\" data-widget_type=\"text-editor.default\">\n\t\t\t\t<div class=\"elementor-widget-container\">\n\t\t\t\t\t\t\t\t\t<h5>DER<\/h5><h2>KLEINE SAAL<\/h2><p>Der kleine Saal fasst je nach Bestuhlung bis zu 150 Personen. Er eignet sich besonders f\u00fcr Seminare, kleine Tagungen, Stehempf\u00e4nge und kleinere Feiern. Er kann durch eine mobile B\u00fchne erg\u00e4nzt werden. Tageslichtfenster, Sichtbalken, Fachwerk sowie eine Bruchsteinwand verleihen dem kleinen Saal eine besondere und gem\u00fctliche Atmosph\u00e4re. <\/p>\t\t\t\t\t\t\t\t<\/div>\n\t\t\t\t<\/div>\n\t\t\t\t\t<\/div>\n\t\t<\/div>\n\t\t\t\t\t<\/div>\n\t\t<\/section>\n\t\t\t\t<section class=\"elementor-section elementor-inner-section elementor-element elementor-element-e511195 elementor-section-boxed elementor-section-height-default elementor-section-height-default parallax_section_no qode_elementor_container_no\" data-id=\"e511195\" data-element_type=\"section\" data-e-type=\"section\">\n\t\t\t\t\t\t<div class=\"elementor-container elementor-column-gap-default\">\n\t\t\t\t\t<div class=\"elementor-column elementor-col-50 elementor-inner-column elementor-element elementor-element-87a1786\" data-id=\"87a1786\" data-element_type=\"column\" data-e-type=\"column\">\n\t\t\t<div class=\"elementor-widget-wrap elementor-element-populated\">\n\t\t\t\t\t\t<div class=\"elementor-element elementor-element-3296822 elementor-widget elementor-widget-image\" data-id=\"3296822\" data-element_type=\"widget\" data-e-type=\"widget\" data-widget_type=\"image.default\">\n\t\t\t\t<div class=\"elementor-widget-container\">\n\t\t\t\t\t\t\t\t\t\t\t\t\t\t\t\t<a href=\"https:\/\/kultur-schloss-theuern.de\/wp-content\/uploads\/2022\/10\/kleiner_saal_full-scaled.jpg\">\n\t\t\t\t\t\t\t<img decoding=\"async\" width=\"600\" height=\"622\" src=\"https:\/\/kultur-schloss-theuern.de\/wp-content\/uploads\/2022\/10\/kleiner_saal.jpg\" class=\"attachment-1536x1536 size-1536x1536 wp-image-2196\" alt=\"\" srcset=\"https:\/\/kultur-schloss-theuern.de\/wp-content\/uploads\/2022\/10\/kleiner_saal.jpg 600w, https:\/\/kultur-schloss-theuern.de\/wp-content\/uploads\/2022\/10\/kleiner_saal-289x300.jpg 289w, https:\/\/kultur-schloss-theuern.de\/wp-content\/uploads\/2022\/10\/kleiner_saal-12x12.jpg 12w, https:\/\/kultur-schloss-theuern.de\/wp-content\/uploads\/2022\/10\/kleiner_saal-300x311.jpg 300w\" sizes=\"(max-width: 600px) 100vw, 600px\" \/>\t\t\t\t\t\t\t\t<\/a>\n\t\t\t\t\t\t\t\t\t\t\t\t\t\t\t<\/div>\n\t\t\t\t<\/div>\n\t\t\t\t\t<\/div>\n\t\t<\/div>\n\t\t\t\t<div class=\"elementor-column elementor-col-50 elementor-inner-column elementor-element elementor-element-c8cbe6b\" data-id=\"c8cbe6b\" data-element_type=\"column\" data-e-type=\"column\">\n\t\t\t<div class=\"elementor-widget-wrap elementor-element-populated\">\n\t\t\t\t\t\t<div class=\"elementor-element elementor-element-29ba81a h2_alt elementor-widget elementor-widget-text-editor\" data-id=\"29ba81a\" data-element_type=\"widget\" data-e-type=\"widget\" data-widget_type=\"text-editor.default\">\n\t\t\t\t<div class=\"elementor-widget-container\">\n\t\t\t\t\t\t\t\t\t<h2>TECHNISCHE AUSSTATTUNG<\/h2>\n<p>Beamer, Leinwand und Lautsprecheranlage&nbsp;<\/p><p><br><\/p><p>Ton- und Bild\u00fcbertragung in den gro\u00dfen Saal m\u00f6glich<\/p><p><br><\/p>\n<p><\/p>\n<p>(Abrechnung je nach Zubuchung)<\/p>\t\t\t\t\t\t\t\t<\/div>\n\t\t\t\t<\/div>\n\t\t\t\t<div class=\"elementor-element elementor-element-252e998 h2_alt elementor-widget elementor-widget-text-editor\" data-id=\"252e998\" data-element_type=\"widget\" data-e-type=\"widget\" data-widget_type=\"text-editor.default\">\n\t\t\t\t<div class=\"elementor-widget-container\">\n\t\t\t\t\t\t\t\t\t<h2>GEEIGNET F\u00dcR:<\/h2><p>gesetzte Essen, Stehempf\u00e4nge, Ausstellungen, Konzerte, Seminare, Tagungen<\/p>\t\t\t\t\t\t\t\t<\/div>\n\t\t\t\t<\/div>\n\t\t\t\t<div class=\"elementor-element elementor-element-2539005 h2_alt elementor-widget elementor-widget-text-editor\" data-id=\"2539005\" data-element_type=\"widget\" data-e-type=\"widget\" data-widget_type=\"text-editor.default\">\n\t\t\t\t<div class=\"elementor-widget-container\">\n\t\t\t\t\t\t\t\t\t<h2>DATEN\/KOSTEN:<\/h2>\t\t\t\t\t\t\t\t<\/div>\n\t\t\t\t<\/div>\n\t\t\t\t<div class=\"elementor-element elementor-element-c9ae5f9 daten_tabelle elementor-widget elementor-widget-html\" data-id=\"c9ae5f9\" data-element_type=\"widget\" data-e-type=\"widget\" data-widget_type=\"html.default\">\n\t\t\t\t<div class=\"elementor-widget-container\">\n\t\t\t\t\t<div class=\"row\">\r\n  <div class=\"column1\">Raumgr\u00f6\u00dfe:<\/div>\r\n  <div class=\"column2\">184 qm<\/div>\r\n<\/div>\r\n<div class=\"row\">\r\n  <div class=\"column1\">Tische & St\u00fchle:<br>(Bestand f\u00fcr beide S\u00e4le)<\/div>\r\n  <div class=\"column2\">345x Bankettst\u00fchle<br>85x Tische (70x130cm)<br>10x Stehtische<br>je 3x gro\u00dfe und kleine Loungetische<br>10x Loungest\u00fchle<\/div>\r\n<\/div>\r\n<br>\r\n<div class=\"row\">\r\n  <div class=\"column1\">Mietzins:<\/div>\r\n  <div class=\"column2\">je angefangene Stunde<\/div>\r\n<\/div>\r\n\r\n<br\/> \r\n<div class=\"row\">\r\n  <div class=\"column1\">\u00a0<\/div>\r\n  <div class=\"column3\"><u>ohne Heizung<\/u><\/div>\r\n  <div class=\"column3\"><u>mit Heizung<\/u><\/div>\r\n<\/div>\r\n<div class=\"row\">\r\n  <div class=\"column1\">Normaltarif<\/div>\r\n  <div class=\"column3\">70 EUR<\/div>\r\n  <div class=\"column3\">90 EUR<\/div>\r\n<\/div>\r\n<div class=\"row\">\r\n  <div class=\"column1\">Erm\u00e4\u00dfigter Tarif<\/div>\r\n  <div class=\"column3\">35 EUR<\/div>\r\n  <div class=\"column3\">45 EUR<\/div>\r\n<\/div>\r\n <br>\r\nHINWEISE: Die Mietdauer beinhaltet neben der Veranstaltung auch die Zeit f\u00fcr Auf- und Abbau, sowie Reinigung. Bitte beachten Sie auch, dass das <a href=\"https:\/\/kultur-schloss-theuern.de\/foyer-und-garderobe\/\">Foyer<\/a> als Durchgangsraum immer mit gemietet werden muss.<br>Die Monate mit Heizungsbetrieb sind von Oktober bis einschlie\u00dflich M\u00e4rz.\r\n<\/div>\r\n\r\n<br><i>Notwendige Zusatzkosten durch Drittfirmen (<u>unverbindliche<\/u> Preis\u00fcbersicht ohne Gew\u00e4hr):\r\n<br><br>\r\n<div class=\"row\">\r\n  <div class=\"column1\">Reinigung (Sommer):<\/div>\r\n  <div class=\"column2\">ca. 130 EUR (Kleiner Saal)<\/div>\r\n<\/div>\r\n\r\n<div class=\"row\">\r\n  <div class=\"column1\">\u00a0<\/div>\r\n  <div class=\"column2\">ca. 360 EUR (Beide S\u00e4le)<\/div>\r\n<\/div>\r\n<div class=\"row\">\r\n  <div class=\"column1\">\u00a0<\/div>\r\n  <div class=\"column2\">ca. 120 EUR (Foyer, WC, etc.)<\/div>\r\n<\/div>\r\n\r\n<div class=\"row\">\r\n  <div class=\"column1\">Reinigung (Winter):<\/div>\r\n  <div class=\"column2\">ca. 175 EUR (Kleiner Saal)<\/div>\r\n<\/div>\r\n\r\n<div class=\"row\">\r\n  <div class=\"column1\">\u00a0<\/div>\r\n  <div class=\"column2\">ca. 470 EUR (Beide S\u00e4le)<\/div>\r\n<\/div>\r\n<div class=\"row\">\r\n  <div class=\"column1\">\u00a0<\/div>\r\n  <div class=\"column2\">ca. 190 EUR (Foyer, WC, etc.)<\/div>\r\n<\/div>\r\n<div class=\"row\">\r\n  <div class=\"column1\">Aufstuhlung:<\/div>\r\n  <div class=\"column2\">ca. 110 EUR<\/div>\r\n<\/div>\r\n\r\n<div class=\"row\">\r\n  <div class=\"column1\">Abstuhlung:<\/div>\r\n  <div class=\"column2\">ca. 80 EUR<\/div>\r\n<\/div>\r\n\r\n<div class=\"row\">\r\n  <div class=\"column1\">Abfallentsorgung:<\/div>\r\n  <div class=\"column2\">ca. 9 EUR pro Abfallsack<\/div>\r\n<\/div><br>\r\n<div class=\"row\">\r\n  <div class=\"column1\">Schlie\u00dfdienst:<\/div>\r\n  <div class=\"column2\">ca. 34 EUR brutto pro Stunde<\/div>\r\n<\/div>\r\n<\/i>\t\t\t\t<\/div>\n\t\t\t\t<\/div>\n\t\t\t\t\t<\/div>\n\t\t<\/div>\n\t\t\t\t\t<\/div>\n\t\t<\/section>\n\t\t\t\t<section class=\"elementor-section elementor-top-section elementor-element elementor-element-db5eb97 elementor-section-full_width volle_breite elementor-section-height-default elementor-section-height-default parallax_section_no qode_elementor_container_no\" data-id=\"db5eb97\" data-element_type=\"section\" data-e-type=\"section\">\n\t\t\t\t\t\t<div class=\"elementor-container elementor-column-gap-default\">\n\t\t\t\t\t<div class=\"elementor-column elementor-col-20 elementor-top-column elementor-element elementor-element-375e892\" data-id=\"375e892\" data-element_type=\"column\" data-e-type=\"column\">\n\t\t\t<div class=\"elementor-widget-wrap\">\n\t\t\t\t\t\t\t<\/div>\n\t\t<\/div>\n\t\t\t\t<div class=\"elementor-column elementor-col-20 elementor-top-column elementor-element elementor-element-f2088b4\" data-id=\"f2088b4\" data-element_type=\"column\" data-e-type=\"column\">\n\t\t\t<div class=\"elementor-widget-wrap elementor-element-populated\">\n\t\t\t\t\t\t<div class=\"elementor-element elementor-element-83fa8e3 elementor-widget elementor-widget-image\" data-id=\"83fa8e3\" data-element_type=\"widget\" data-e-type=\"widget\" data-widget_type=\"image.default\">\n\t\t\t\t<div class=\"elementor-widget-container\">\n\t\t\t\t\t\t\t\t\t\t\t\t\t\t\t\t<a href=\"https:\/\/kultur-schloss-theuern.de\/wp-content\/uploads\/2023\/07\/Kulturschloss-06_TimoViehmann-scaled.jpg\" data-elementor-open-lightbox=\"yes\" data-elementor-lightbox-title=\"Kulturschloss-06_TimoViehmann\" data-e-action-hash=\"#elementor-action%3Aaction%3Dlightbox%26settings%3DeyJpZCI6Mjc3MiwidXJsIjoiaHR0cHM6XC9cL2t1bHR1ci1zY2hsb3NzLXRoZXVlcm4uZGVcL3dwLWNvbnRlbnRcL3VwbG9hZHNcLzIwMjNcLzA3XC9LdWx0dXJzY2hsb3NzLTA2X1RpbW9WaWVobWFubi1zY2FsZWQuanBnIn0%3D\">\n\t\t\t\t\t\t\t<img decoding=\"async\" width=\"1024\" height=\"683\" src=\"https:\/\/kultur-schloss-theuern.de\/wp-content\/uploads\/2023\/07\/Kulturschloss-06_TimoViehmann-1024x683.jpg\" class=\"attachment-large size-large wp-image-2772\" alt=\"Kleiner Saal ohne Bestuhlung\" srcset=\"https:\/\/kultur-schloss-theuern.de\/wp-content\/uploads\/2023\/07\/Kulturschloss-06_TimoViehmann-1024x683.jpg 1024w, https:\/\/kultur-schloss-theuern.de\/wp-content\/uploads\/2023\/07\/Kulturschloss-06_TimoViehmann-300x200.jpg 300w, https:\/\/kultur-schloss-theuern.de\/wp-content\/uploads\/2023\/07\/Kulturschloss-06_TimoViehmann-768x512.jpg 768w, https:\/\/kultur-schloss-theuern.de\/wp-content\/uploads\/2023\/07\/Kulturschloss-06_TimoViehmann-1536x1024.jpg 1536w, https:\/\/kultur-schloss-theuern.de\/wp-content\/uploads\/2023\/07\/Kulturschloss-06_TimoViehmann-2048x1365.jpg 2048w, https:\/\/kultur-schloss-theuern.de\/wp-content\/uploads\/2023\/07\/Kulturschloss-06_TimoViehmann-18x12.jpg 18w, https:\/\/kultur-schloss-theuern.de\/wp-content\/uploads\/2023\/07\/Kulturschloss-06_TimoViehmann-700x467.jpg 700w\" sizes=\"(max-width: 1024px) 100vw, 1024px\" \/>\t\t\t\t\t\t\t\t<\/a>\n\t\t\t\t\t\t\t\t\t\t\t\t\t\t\t<\/div>\n\t\t\t\t<\/div>\n\t\t\t\t\t<\/div>\n\t\t<\/div>\n\t\t\t\t<div class=\"elementor-column elementor-col-20 elementor-top-column elementor-element elementor-element-630b7c2\" data-id=\"630b7c2\" data-element_type=\"column\" data-e-type=\"column\">\n\t\t\t<div class=\"elementor-widget-wrap elementor-element-populated\">\n\t\t\t\t\t\t<div class=\"elementor-element elementor-element-94dd98e elementor-widget elementor-widget-image\" data-id=\"94dd98e\" data-element_type=\"widget\" data-e-type=\"widget\" data-widget_type=\"image.default\">\n\t\t\t\t<div class=\"elementor-widget-container\">\n\t\t\t\t\t\t\t\t\t\t\t\t\t\t\t\t<a href=\"https:\/\/kultur-schloss-theuern.de\/wp-content\/uploads\/2023\/07\/Kulturschloss-18_TimoViehmann-scaled.jpg\" data-elementor-open-lightbox=\"yes\" data-elementor-lightbox-title=\"Kleiner Saal\" data-e-action-hash=\"#elementor-action%3Aaction%3Dlightbox%26settings%3DeyJpZCI6Mjc3MywidXJsIjoiaHR0cHM6XC9cL2t1bHR1ci1zY2hsb3NzLXRoZXVlcm4uZGVcL3dwLWNvbnRlbnRcL3VwbG9hZHNcLzIwMjNcLzA3XC9LdWx0dXJzY2hsb3NzLTE4X1RpbW9WaWVobWFubi1zY2FsZWQuanBnIn0%3D\">\n\t\t\t\t\t\t\t<img loading=\"lazy\" decoding=\"async\" width=\"1024\" height=\"683\" src=\"https:\/\/kultur-schloss-theuern.de\/wp-content\/uploads\/2023\/07\/Kulturschloss-18_TimoViehmann-1024x683.jpg\" class=\"attachment-large size-large wp-image-2773\" alt=\"Kleiner Saal mit Bestuhlung\" srcset=\"https:\/\/kultur-schloss-theuern.de\/wp-content\/uploads\/2023\/07\/Kulturschloss-18_TimoViehmann-1024x683.jpg 1024w, https:\/\/kultur-schloss-theuern.de\/wp-content\/uploads\/2023\/07\/Kulturschloss-18_TimoViehmann-300x200.jpg 300w, https:\/\/kultur-schloss-theuern.de\/wp-content\/uploads\/2023\/07\/Kulturschloss-18_TimoViehmann-768x512.jpg 768w, https:\/\/kultur-schloss-theuern.de\/wp-content\/uploads\/2023\/07\/Kulturschloss-18_TimoViehmann-1536x1024.jpg 1536w, https:\/\/kultur-schloss-theuern.de\/wp-content\/uploads\/2023\/07\/Kulturschloss-18_TimoViehmann-2048x1365.jpg 2048w, https:\/\/kultur-schloss-theuern.de\/wp-content\/uploads\/2023\/07\/Kulturschloss-18_TimoViehmann-18x12.jpg 18w, https:\/\/kultur-schloss-theuern.de\/wp-content\/uploads\/2023\/07\/Kulturschloss-18_TimoViehmann-700x467.jpg 700w\" sizes=\"(max-width: 1024px) 100vw, 1024px\" \/>\t\t\t\t\t\t\t\t<\/a>\n\t\t\t\t\t\t\t\t\t\t\t\t\t\t\t<\/div>\n\t\t\t\t<\/div>\n\t\t\t\t\t<\/div>\n\t\t<\/div>\n\t\t\t\t<div class=\"elementor-column elementor-col-20 elementor-top-column elementor-element elementor-element-089f37f\" data-id=\"089f37f\" data-element_type=\"column\" data-e-type=\"column\">\n\t\t\t<div class=\"elementor-widget-wrap elementor-element-populated\">\n\t\t\t\t\t\t<div class=\"elementor-element elementor-element-f8d9f8c elementor-widget elementor-widget-image\" data-id=\"f8d9f8c\" data-element_type=\"widget\" data-e-type=\"widget\" data-widget_type=\"image.default\">\n\t\t\t\t<div class=\"elementor-widget-container\">\n\t\t\t\t\t\t\t\t\t\t\t\t\t\t\t\t<a href=\"https:\/\/kultur-schloss-theuern.de\/wp-content\/uploads\/2023\/07\/Kulturschloss-19_TimoViehmann-scaled.jpg\" data-elementor-open-lightbox=\"yes\" data-elementor-lightbox-title=\"Kleiner Saal\" data-e-action-hash=\"#elementor-action%3Aaction%3Dlightbox%26settings%3DeyJpZCI6Mjc3NCwidXJsIjoiaHR0cHM6XC9cL2t1bHR1ci1zY2hsb3NzLXRoZXVlcm4uZGVcL3dwLWNvbnRlbnRcL3VwbG9hZHNcLzIwMjNcLzA3XC9LdWx0dXJzY2hsb3NzLTE5X1RpbW9WaWVobWFubi1zY2FsZWQuanBnIn0%3D\">\n\t\t\t\t\t\t\t<img loading=\"lazy\" decoding=\"async\" width=\"1024\" height=\"683\" src=\"https:\/\/kultur-schloss-theuern.de\/wp-content\/uploads\/2023\/07\/Kulturschloss-19_TimoViehmann-1024x683.jpg\" class=\"attachment-large size-large wp-image-2774\" alt=\"Kleiner Saal mit Bestuhlung\" srcset=\"https:\/\/kultur-schloss-theuern.de\/wp-content\/uploads\/2023\/07\/Kulturschloss-19_TimoViehmann-1024x683.jpg 1024w, https:\/\/kultur-schloss-theuern.de\/wp-content\/uploads\/2023\/07\/Kulturschloss-19_TimoViehmann-300x200.jpg 300w, https:\/\/kultur-schloss-theuern.de\/wp-content\/uploads\/2023\/07\/Kulturschloss-19_TimoViehmann-768x512.jpg 768w, https:\/\/kultur-schloss-theuern.de\/wp-content\/uploads\/2023\/07\/Kulturschloss-19_TimoViehmann-1536x1024.jpg 1536w, https:\/\/kultur-schloss-theuern.de\/wp-content\/uploads\/2023\/07\/Kulturschloss-19_TimoViehmann-2048x1365.jpg 2048w, https:\/\/kultur-schloss-theuern.de\/wp-content\/uploads\/2023\/07\/Kulturschloss-19_TimoViehmann-18x12.jpg 18w, https:\/\/kultur-schloss-theuern.de\/wp-content\/uploads\/2023\/07\/Kulturschloss-19_TimoViehmann-700x467.jpg 700w\" sizes=\"(max-width: 1024px) 100vw, 1024px\" \/>\t\t\t\t\t\t\t\t<\/a>\n\t\t\t\t\t\t\t\t\t\t\t\t\t\t\t<\/div>\n\t\t\t\t<\/div>\n\t\t\t\t\t<\/div>\n\t\t<\/div>\n\t\t\t\t<div class=\"elementor-column elementor-col-20 elementor-top-column elementor-element elementor-element-3055338\" data-id=\"3055338\" data-element_type=\"column\" data-e-type=\"column\">\n\t\t\t<div class=\"elementor-widget-wrap\">\n\t\t\t\t\t\t\t<\/div>\n\t\t<\/div>\n\t\t\t\t\t<\/div>\n\t\t<\/section>\n\t\t\t\t<section class=\"elementor-section elementor-top-section elementor-element elementor-element-11ea898 bottom_spacer elementor-section-boxed elementor-section-height-default elementor-section-height-default parallax_section_no qode_elementor_container_no\" data-id=\"11ea898\" data-element_type=\"section\" data-e-type=\"section\">\n\t\t\t\t\t\t<div class=\"elementor-container elementor-column-gap-default\">\n\t\t\t\t\t<div class=\"elementor-column elementor-col-100 elementor-top-column elementor-element elementor-element-9cdef0e\" data-id=\"9cdef0e\" data-element_type=\"column\" data-e-type=\"column\">\n\t\t\t<div class=\"elementor-widget-wrap\">\n\t\t\t\t\t\t\t<\/div>\n\t\t<\/div>\n\t\t\t\t\t<\/div>\n\t\t<\/section>\n\t\t\t\t<\/div>\n\t\t","protected":false},"excerpt":{"rendered":"<p>DER KLEINE SAAL Der kleine Saal fasst je nach Bestuhlung bis zu 150 Personen. Er eignet sich besonders f\u00fcr Seminare, kleine Tagungen, Stehempf\u00e4nge und kleinere Feiern. Er kann durch eine mobile B\u00fchne erg\u00e4nzt werden. Tageslichtfenster, Sichtbalken, Fachwerk sowie eine Bruchsteinwand verleihen dem kleinen Saal eine&#8230;<\/p>","protected":false},"author":1,"featured_media":0,"parent":0,"menu_order":-2,"comment_status":"closed","ping_status":"closed","template":"","meta":{"footnotes":""},"class_list":["post-1243","page","type-page","status-publish","hentry"],"_links":{"self":[{"href":"https:\/\/kultur-schloss-theuern.de\/en\/wp-json\/wp\/v2\/pages\/1243","targetHints":{"allow":["GET"]}}],"collection":[{"href":"https:\/\/kultur-schloss-theuern.de\/en\/wp-json\/wp\/v2\/pages"}],"about":[{"href":"https:\/\/kultur-schloss-theuern.de\/en\/wp-json\/wp\/v2\/types\/page"}],"author":[{"embeddable":true,"href":"https:\/\/kultur-schloss-theuern.de\/en\/wp-json\/wp\/v2\/users\/1"}],"replies":[{"embeddable":true,"href":"https:\/\/kultur-schloss-theuern.de\/en\/wp-json\/wp\/v2\/comments?post=1243"}],"version-history":[{"count":73,"href":"https:\/\/kultur-schloss-theuern.de\/en\/wp-json\/wp\/v2\/pages\/1243\/revisions"}],"predecessor-version":[{"id":3801,"href":"https:\/\/kultur-schloss-theuern.de\/en\/wp-json\/wp\/v2\/pages\/1243\/revisions\/3801"}],"wp:attachment":[{"href":"https:\/\/kultur-schloss-theuern.de\/en\/wp-json\/wp\/v2\/media?parent=1243"}],"curies":[{"name":"wp","href":"https:\/\/api.w.org\/{rel}","templated":true}]}}