{"id":1221,"date":"2022-08-28T14:13:05","date_gmt":"2022-08-28T12:13:05","guid":{"rendered":"https:\/\/kultur-schloss-theuern.de\/?page_id=1221"},"modified":"2022-11-24T16:45:37","modified_gmt":"2022-11-24T15:45:37","slug":"advent","status":"publish","type":"page","link":"https:\/\/kultur-schloss-theuern.de\/en\/advent\/","title":{"rendered":"Advent"},"content":{"rendered":"\t\t<div data-elementor-type=\"wp-page\" data-elementor-id=\"1221\" class=\"elementor elementor-1221\">\n\t\t\t\t\t\t<section class=\"elementor-section elementor-top-section elementor-element elementor-element-fae003e elementor-section-full_width elementor-section-height-default elementor-section-height-default parallax_section_no qode_elementor_container_no\" data-id=\"fae003e\" data-element_type=\"section\" data-e-type=\"section\">\n\t\t\t\t\t\t<div class=\"elementor-container elementor-column-gap-no\">\n\t\t\t\t\t<div class=\"elementor-column elementor-col-100 elementor-top-column elementor-element elementor-element-ed791ae\" data-id=\"ed791ae\" data-element_type=\"column\" data-e-type=\"column\">\n\t\t\t<div class=\"elementor-widget-wrap elementor-element-populated\">\n\t\t\t\t\t\t<div class=\"elementor-element elementor-element-0a4b483 elementor-widget elementor-widget-slider_revolution\" data-id=\"0a4b483\" data-element_type=\"widget\" data-e-type=\"widget\" data-widget_type=\"slider_revolution.default\">\n\t\t\t\t<div class=\"elementor-widget-container\">\n\t\t\t\t\t\n\t\t<div class=\"wp-block-themepunch-revslider\">\n\t\t\t<!-- START Veranstaltungen REVOLUTION SLIDER 6.7.40 --><p class=\"rs-p-wp-fix\"><\/p>\n\t\t\t<rs-module-wrap id=\"rev_slider_4_1_wrapper\" data-source=\"gallery\" style=\"visibility:hidden;background:#aca49a;padding:0;margin:0px auto;margin-top:0;margin-bottom:0;\">\n\t\t\t\t<rs-module id=\"rev_slider_4_1\" style=\"\" data-version=\"6.7.40\">\n\t\t\t\t\t<rs-slides style=\"overflow: hidden; position: absolute;\">\n\t\t\t\t\t\t<rs-slide style=\"position: absolute;\" data-key=\"rs-10\" data-title=\"Slide\" data-thumb=\"\/\/kultur-schloss-theuern.de\/wp-content\/uploads\/2025\/02\/TMV-024-3-50x100.jpg\" data-anim=\"adpr:false;\" data-in=\"o:0;\" data-out=\"a:false;\">\n\t\t\t\t\t\t\t<img fetchpriority=\"high\" decoding=\"async\" src=\"\/\/kultur-schloss-theuern.de\/wp-content\/plugins\/revslider\/sr6\/assets\/assets\/dummy.png\" alt=\"Blaskapelle im vollen gro\u00dfen Saal\" title=\"TMV-024\" width=\"1697\" height=\"955\" class=\"rev-slidebg tp-rs-img rs-lazyload\" data-lazyload=\"\/\/kultur-schloss-theuern.de\/wp-content\/uploads\/2025\/02\/TMV-024-3.jpg\" data-no-retina>\n<!---->\t\t\t\t\t<\/rs-slide>\n\t\t\t\t\t\t<rs-slide style=\"position: absolute;\" data-key=\"rs-16\" data-title=\"Slide\" data-thumb=\"\/\/kultur-schloss-theuern.de\/wp-content\/uploads\/2023\/07\/Mittelalterspektakel-2023_Martin-Schreiner-50x100.jpg\" data-anim=\"adpr:false;\" data-in=\"o:0;\" data-out=\"a:false;\">\n\t\t\t\t\t\t\t<img decoding=\"async\" src=\"\/\/kultur-schloss-theuern.de\/wp-content\/plugins\/revslider\/sr6\/assets\/assets\/dummy.png\" alt=\"\" title=\"Mittelalterspektakel 2023_Martin Schreiner\" width=\"1697\" height=\"955\" class=\"rev-slidebg tp-rs-img rs-lazyload\" data-lazyload=\"\/\/kultur-schloss-theuern.de\/wp-content\/uploads\/2023\/07\/Mittelalterspektakel-2023_Martin-Schreiner.jpg\" data-no-retina>\n<!---->\t\t\t\t\t<\/rs-slide>\n\t\t\t\t\t\t<rs-slide style=\"position: absolute;\" data-key=\"rs-17\" data-title=\"Slide\" data-thumb=\"\/\/kultur-schloss-theuern.de\/wp-content\/uploads\/2025\/02\/IMG_0505-1-50x100.jpg\" data-in=\"o:0;\" data-out=\"a:false;\">\n\t\t\t\t\t\t\t<img decoding=\"async\" src=\"\/\/kultur-schloss-theuern.de\/wp-content\/plugins\/revslider\/sr6\/assets\/assets\/dummy.png\" alt=\"\" title=\"IMG_0505\" width=\"1697\" height=\"955\" class=\"rev-slidebg tp-rs-img rs-lazyload\" data-lazyload=\"\/\/kultur-schloss-theuern.de\/wp-content\/uploads\/2025\/02\/IMG_0505-1.jpg\" data-no-retina>\n<!---->\t\t\t\t\t<\/rs-slide>\n\t\t\t\t\t\t<rs-slide style=\"position: absolute;\" data-key=\"rs-18\" data-title=\"Slide\" data-thumb=\"\/\/kultur-schloss-theuern.de\/wp-content\/uploads\/2025\/02\/DSCF5404-50x100.jpg\" data-in=\"o:0;\" data-out=\"a:false;\">\n\t\t\t\t\t\t\t<img loading=\"lazy\" decoding=\"async\" src=\"\/\/kultur-schloss-theuern.de\/wp-content\/plugins\/revslider\/sr6\/assets\/assets\/dummy.png\" alt=\"Brennende Kohlen an einem Schmiedetisch mit Werkzeug\" title=\"DSCF5404\" width=\"1697\" height=\"955\" class=\"rev-slidebg tp-rs-img rs-lazyload\" data-lazyload=\"\/\/kultur-schloss-theuern.de\/wp-content\/uploads\/2025\/02\/DSCF5404.jpg\" data-no-retina>\n<!---->\t\t\t\t\t<\/rs-slide>\n\t\t\t\t\t<\/rs-slides>\n\t\t\t\t<\/rs-module>\n\t\t\t\t<script>\n\t\t\t\t\tsetREVStartSize({c: 'rev_slider_4_1',rl:[1240,1024,778,480],el:[955,640,640,640],gw:[1300,1100,778,480],gh:[955,640,640,640],type:'standard',justify:'',layout:'fullwidth',mh:\"0\"});if (window.RS_MODULES!==undefined && window.RS_MODULES.modules!==undefined && window.RS_MODULES.modules[\"revslider41\"]!==undefined) {window.RS_MODULES.modules[\"revslider41\"].once = false;window.revapi4 = undefined;if (window.RS_MODULES.checkMinimal!==undefined) window.RS_MODULES.checkMinimal()}\n\t\t\t\t<\/script>\n\t\t\t<\/rs-module-wrap>\n\t\t\t<!-- END REVOLUTION SLIDER -->\n<\/div>\n\n\t\t\t\t\t\t<\/div>\n\t\t\t\t<\/div>\n\t\t\t\t\t<\/div>\n\t\t<\/div>\n\t\t\t\t\t<\/div>\n\t\t<\/section>\n\t\t\t\t<section class=\"elementor-section elementor-inner-section elementor-element elementor-element-aac8355 elementor-section-boxed elementor-section-height-default elementor-section-height-default parallax_section_no qode_elementor_container_no\" data-id=\"aac8355\" data-element_type=\"section\" data-e-type=\"section\">\n\t\t\t\t\t\t<div class=\"elementor-container elementor-column-gap-default\">\n\t\t\t\t\t<div class=\"elementor-column elementor-col-100 elementor-inner-column elementor-element elementor-element-a5e065b\" data-id=\"a5e065b\" data-element_type=\"column\" data-e-type=\"column\">\n\t\t\t<div class=\"elementor-widget-wrap elementor-element-populated\">\n\t\t\t\t\t\t<div class=\"elementor-element elementor-element-1985422 elementor-widget elementor-widget-text-editor\" data-id=\"1985422\" data-element_type=\"widget\" data-e-type=\"widget\" data-widget_type=\"text-editor.default\">\n\t\t\t\t<div class=\"elementor-widget-container\">\n\t\t\t\t\t\t\t\t\t<h5>SCHLOSS THEUERN<\/h5><h2>ADVENT<\/h2>\t\t\t\t\t\t\t\t<\/div>\n\t\t\t\t<\/div>\n\t\t\t\t<div class=\"elementor-element elementor-element-a7a6c06 elementor-widget elementor-widget-text-editor\" data-id=\"a7a6c06\" data-element_type=\"widget\" data-e-type=\"widget\" data-widget_type=\"text-editor.default\">\n\t\t\t\t<div class=\"elementor-widget-container\">\n\t\t\t\t\t\t\t\t\t<p><strong>Hinweis: Wegen der Umbau- und Sanierungsarbeiten findet der Adventsmarkt bis auf Weiteres nicht statt.<\/strong><\/p>\t\t\t\t\t\t\t\t<\/div>\n\t\t\t\t<\/div>\n\t\t\t\t\t<\/div>\n\t\t<\/div>\n\t\t\t\t\t<\/div>\n\t\t<\/section>\n\t\t\t\t<section class=\"elementor-section elementor-inner-section elementor-element elementor-element-4abd41a elementor-reverse-mobile elementor-section-boxed elementor-section-height-default elementor-section-height-default parallax_section_no qode_elementor_container_no\" data-id=\"4abd41a\" data-element_type=\"section\" data-e-type=\"section\">\n\t\t\t\t\t\t<div class=\"elementor-container elementor-column-gap-default\">\n\t\t\t\t\t<div class=\"elementor-column elementor-col-50 elementor-inner-column elementor-element elementor-element-e8cc092\" data-id=\"e8cc092\" data-element_type=\"column\" data-e-type=\"column\">\n\t\t\t<div class=\"elementor-widget-wrap elementor-element-populated\">\n\t\t\t\t\t\t<div class=\"elementor-element elementor-element-f2a5dea elementor-widget elementor-widget-image\" data-id=\"f2a5dea\" data-element_type=\"widget\" data-e-type=\"widget\" data-widget_type=\"image.default\">\n\t\t\t\t<div class=\"elementor-widget-container\">\n\t\t\t\t\t\t\t\t\t\t\t\t\t\t\t<img decoding=\"async\" src=\"https:\/\/kultur-schloss-theuern.de\/wp-content\/uploads\/elementor\/thumbs\/Advent-Schloss-Theuern-1-pqp46f3bvrf8i58h3i6n6l41jlw73drakkfqsbcpp0.jpg\" title=\"Advent Schloss Theuern\" alt=\"Weihnachtliche Beleuchtung des Haupthauses\" loading=\"lazy\" \/>\t\t\t\t\t\t\t\t\t\t\t\t\t\t\t<\/div>\n\t\t\t\t<\/div>\n\t\t\t\t\t<\/div>\n\t\t<\/div>\n\t\t\t\t<div class=\"elementor-column elementor-col-50 elementor-inner-column elementor-element elementor-element-270efa7\" data-id=\"270efa7\" data-element_type=\"column\" data-e-type=\"column\">\n\t\t\t<div class=\"elementor-widget-wrap elementor-element-populated\">\n\t\t\t\t\t\t<div class=\"elementor-element elementor-element-795ff75 elementor-widget elementor-widget-text-editor\" data-id=\"795ff75\" data-element_type=\"widget\" data-e-type=\"widget\" data-widget_type=\"text-editor.default\">\n\t\t\t\t<div class=\"elementor-widget-container\">\n\t\t\t\t\t\t\t\t\t<p>Seit 1984 finden an drei Sonntagen im Dezember Veranstaltungen in Schloss Theuern unter dem Titel: \u201eAdvent Schloss Theuern. Kultur rund um den Weihnachtsmarkt\u201c statt. Neben Konzerten, Theaterauff\u00fchrungen, auch speziell f\u00fcr Kinder, werden kunstgewerbliche Gegenst\u00e4nde an rund 30 St\u00e4nden im Hof und den Innenr\u00e4umen des Schlosses angeboten.<\/p><p><br><\/p><p>Vorf\u00fchrungen zum Kunsthandwerk wie Glasblasen, Gravieren, Zinngie\u00dfen, Kl\u00f6ppeln, Schnitzen usw. stehen auf dem Programm. Au\u00dferdem wird jeweils eine Sonderausstellung gezeigt.<\/p><p><br><\/p><p>Die Hauptattraktion f\u00fcr Kinder ist eine Grubenbahn im Schlosshof, bestehend aus einer Lokomotive und Mannschaftswagen aus den Sulzbacher Erzgruben, die zum kostenlosen Mitfahren einl\u00e4dt.<\/p><p><br><\/p><p>&nbsp;Der Eintritt an allen Adventssonntagen ist frei.<\/p>\t\t\t\t\t\t\t\t<\/div>\n\t\t\t\t<\/div>\n\t\t\t\t\t<\/div>\n\t\t<\/div>\n\t\t\t\t\t<\/div>\n\t\t<\/section>\n\t\t\t\t<section class=\"elementor-section elementor-top-section elementor-element elementor-element-0546934 bottom_spacer elementor-section-boxed elementor-section-height-default elementor-section-height-default parallax_section_no qode_elementor_container_no\" data-id=\"0546934\" data-element_type=\"section\" data-e-type=\"section\">\n\t\t\t\t\t\t<div class=\"elementor-container elementor-column-gap-default\">\n\t\t\t\t\t<div class=\"elementor-column elementor-col-100 elementor-top-column elementor-element elementor-element-d7a44b7\" data-id=\"d7a44b7\" data-element_type=\"column\" data-e-type=\"column\">\n\t\t\t<div class=\"elementor-widget-wrap\">\n\t\t\t\t\t\t\t<\/div>\n\t\t<\/div>\n\t\t\t\t\t<\/div>\n\t\t<\/section>\n\t\t\t\t<\/div>\n\t\t","protected":false},"excerpt":{"rendered":"<p>SCHLOSS THEUERN ADVENT Hinweis: Wegen der Umbau- und Sanierungsarbeiten findet der Adventsmarkt bis auf Weiteres nicht statt. Seit 1984 finden an drei Sonntagen im Dezember Veranstaltungen in Schloss Theuern unter dem Titel: \u201eAdvent Schloss Theuern. Kultur rund um den Weihnachtsmarkt\u201c statt. Neben Konzerten, Theaterauff\u00fchrungen, auch&#8230;<\/p>","protected":false},"author":1,"featured_media":0,"parent":0,"menu_order":-3,"comment_status":"closed","ping_status":"closed","template":"","meta":{"footnotes":""},"class_list":["post-1221","page","type-page","status-publish","hentry"],"_links":{"self":[{"href":"https:\/\/kultur-schloss-theuern.de\/en\/wp-json\/wp\/v2\/pages\/1221","targetHints":{"allow":["GET"]}}],"collection":[{"href":"https:\/\/kultur-schloss-theuern.de\/en\/wp-json\/wp\/v2\/pages"}],"about":[{"href":"https:\/\/kultur-schloss-theuern.de\/en\/wp-json\/wp\/v2\/types\/page"}],"author":[{"embeddable":true,"href":"https:\/\/kultur-schloss-theuern.de\/en\/wp-json\/wp\/v2\/users\/1"}],"replies":[{"embeddable":true,"href":"https:\/\/kultur-schloss-theuern.de\/en\/wp-json\/wp\/v2\/comments?post=1221"}],"version-history":[{"count":16,"href":"https:\/\/kultur-schloss-theuern.de\/en\/wp-json\/wp\/v2\/pages\/1221\/revisions"}],"predecessor-version":[{"id":2271,"href":"https:\/\/kultur-schloss-theuern.de\/en\/wp-json\/wp\/v2\/pages\/1221\/revisions\/2271"}],"wp:attachment":[{"href":"https:\/\/kultur-schloss-theuern.de\/en\/wp-json\/wp\/v2\/media?parent=1221"}],"curies":[{"name":"wp","href":"https:\/\/api.w.org\/{rel}","templated":true}]}}