{"id":1137,"date":"2022-07-10T11:57:12","date_gmt":"2022-07-10T09:57:12","guid":{"rendered":"https:\/\/kultur-schloss-theuern.de\/?page_id=1137"},"modified":"2025-09-12T12:52:37","modified_gmt":"2025-09-12T10:52:37","slug":"geschichte-des-schlosses","status":"publish","type":"page","link":"https:\/\/kultur-schloss-theuern.de\/en\/geschichte-des-schlosses\/","title":{"rendered":"History of the Schloss"},"content":{"rendered":"\t\t<div data-elementor-type=\"wp-page\" data-elementor-id=\"1137\" class=\"elementor elementor-1137\">\n\t\t\t\t\t\t<section class=\"elementor-section elementor-top-section elementor-element elementor-element-fae003e elementor-section-full_width elementor-section-height-default elementor-section-height-default parallax_section_no qode_elementor_container_no\" data-id=\"fae003e\" data-element_type=\"section\" data-e-type=\"section\">\n\t\t\t\t\t\t<div class=\"elementor-container elementor-column-gap-no\">\n\t\t\t\t\t<div class=\"elementor-column elementor-col-100 elementor-top-column elementor-element elementor-element-ed791ae\" data-id=\"ed791ae\" data-element_type=\"column\" data-e-type=\"column\">\n\t\t\t<div class=\"elementor-widget-wrap elementor-element-populated\">\n\t\t\t\t\t\t<div class=\"elementor-element elementor-element-0a4b483 elementor-widget elementor-widget-slider_revolution\" data-id=\"0a4b483\" data-element_type=\"widget\" data-e-type=\"widget\" data-widget_type=\"slider_revolution.default\">\n\t\t\t\t<div class=\"elementor-widget-container\">\n\t\t\t\t\t\n\t\t<div class=\"wp-block-themepunch-revslider\">\n\t\t\t<!-- START DasSchloss REVOLUTION SLIDER 6.7.40 --><p class=\"rs-p-wp-fix\"><\/p>\n\t\t\t<rs-module-wrap id=\"rev_slider_2_1_wrapper\" data-source=\"gallery\" style=\"visibility:hidden;background:#aca49a;padding:0;margin:0px auto;margin-top:0;margin-bottom:0;\">\n\t\t\t\t<rs-module id=\"rev_slider_2_1\" style=\"\" data-version=\"6.7.40\">\n\t\t\t\t\t<rs-slides style=\"overflow: hidden; position: absolute;\">\n\t\t\t\t\t\t<rs-slide style=\"position: absolute;\" data-key=\"rs-6\" data-title=\"Slide\" data-anim=\"adpr:false;\" data-in=\"o:0;\" data-out=\"a:false;\">\n\t\t\t\t\t\t\t<img fetchpriority=\"high\" decoding=\"async\" src=\"\/\/kultur-schloss-theuern.de\/wp-content\/plugins\/revslider\/sr6\/assets\/assets\/dummy.png\" alt=\"Toller Blick auf das Kultur-Schloss Theuern\" title=\"TMVphotoworks-4009\" width=\"1697\" height=\"957\" class=\"rev-slidebg tp-rs-img rs-lazyload\" data-lazyload=\"\/\/kultur-schloss-theuern.de\/wp-content\/uploads\/2025\/02\/TMVphotoworks-4009.jpg\" data-no-retina>\n<!---->\t\t\t\t\t<\/rs-slide>\n\t\t\t\t\t<\/rs-slides>\n\t\t\t\t<\/rs-module>\n\t\t\t\t<script>\n\t\t\t\t\tsetREVStartSize({c: 'rev_slider_2_1',rl:[1240,1024,778,480],el:[955,640,640,640],gw:[1300,1100,778,480],gh:[955,640,640,640],type:'standard',justify:'',layout:'fullwidth',mh:\"0\"});if (window.RS_MODULES!==undefined && window.RS_MODULES.modules!==undefined && window.RS_MODULES.modules[\"revslider21\"]!==undefined) {window.RS_MODULES.modules[\"revslider21\"].once = false;window.revapi2 = undefined;if (window.RS_MODULES.checkMinimal!==undefined) window.RS_MODULES.checkMinimal()}\n\t\t\t\t<\/script>\n\t\t\t<\/rs-module-wrap>\n\t\t\t<!-- END REVOLUTION SLIDER -->\n<\/div>\n\n\t\t\t\t\t\t<\/div>\n\t\t\t\t<\/div>\n\t\t\t\t\t<\/div>\n\t\t<\/div>\n\t\t\t\t\t<\/div>\n\t\t<\/section>\n\t\t\t\t<section class=\"elementor-section elementor-inner-section elementor-element elementor-element-621c06d8 elementor-section-boxed elementor-section-height-default elementor-section-height-default parallax_section_no qode_elementor_container_no\" data-id=\"621c06d8\" data-element_type=\"section\" data-e-type=\"section\">\n\t\t\t\t\t\t<div class=\"elementor-container elementor-column-gap-default\">\n\t\t\t\t\t<div class=\"elementor-column elementor-col-100 elementor-inner-column elementor-element elementor-element-ee5de73\" data-id=\"ee5de73\" data-element_type=\"column\" data-e-type=\"column\">\n\t\t\t<div class=\"elementor-widget-wrap elementor-element-populated\">\n\t\t\t\t\t\t<div class=\"elementor-element elementor-element-ceb1994 elementor-widget elementor-widget-text-editor\" data-id=\"ceb1994\" data-element_type=\"widget\" data-e-type=\"widget\" data-widget_type=\"text-editor.default\">\n\t\t\t\t<div class=\"elementor-widget-container\">\n\t\t\t\t\t\t\t\t\t<h5>GESCHICHTE DES<\/h5><h2>SCHLOSSES<\/h2>\t\t\t\t\t\t\t\t<\/div>\n\t\t\t\t<\/div>\n\t\t\t\t\t<\/div>\n\t\t<\/div>\n\t\t\t\t\t<\/div>\n\t\t<\/section>\n\t\t\t\t<section class=\"elementor-section elementor-inner-section elementor-element elementor-element-3203765 elementor-section-boxed elementor-section-height-default elementor-section-height-default parallax_section_no qode_elementor_container_no\" data-id=\"3203765\" data-element_type=\"section\" data-e-type=\"section\">\n\t\t\t\t\t\t<div class=\"elementor-container elementor-column-gap-default\">\n\t\t\t\t\t<div class=\"elementor-column elementor-col-50 elementor-inner-column elementor-element elementor-element-035ad19\" data-id=\"035ad19\" data-element_type=\"column\" data-e-type=\"column\">\n\t\t\t<div class=\"elementor-widget-wrap elementor-element-populated\">\n\t\t\t\t\t\t<div class=\"elementor-element elementor-element-0628ba4 elementor-widget elementor-widget-text-editor\" data-id=\"0628ba4\" data-element_type=\"widget\" data-e-type=\"widget\" data-widget_type=\"text-editor.default\">\n\t\t\t\t<div class=\"elementor-widget-container\">\n\t\t\t\t\t\t\t\t\t<h5>SCHLOSSGESCHICHTE<\/h5><p>Am 25. August 1780 wurde der Grundstein zum Hammerschloss gelegt. Das bereits 1682 von Johann Georg Portner errichtete \u201eJ\u00e4gerhaus\u201c wurde in den Neubau integriert. Als Baumeister gewann man Wolfgang Diller aus Amberg. Bereits in den 70er Jahren des 18. Jahrhunderts hatte man \u00d6konomiegeb\u00e4ude (Viehstallungen und Schuppen) errichtet und schuf so eine Vierfl\u00fcgelanlage um einen geschlossenen Innenhof.<br \/><br \/>Im Inneren hat sich von der einstigen Raumdekoration neben der Treppe mit reich geschnitztem Gel\u00e4nder ein \u201eSalon\u201c im ersten Obergescho\u00df mit geschnitzten Rokoko-T\u00fcren erhalten. Der sp\u00e4tbarocke Bau und die Rokoko-Dekors zeigen eine Stilversp\u00e4tung. 1780 wurde anderenorts die griechische Antike st\u00e4rker zum Vorbild genommen: mit dem um 1760 entstandenen \u201eZopfstil\u201c &#8211; wie etwa in den Raumfolgen in der W\u00fcrzburger Residenz, die der Bauherr als w\u00fcrzburgischer Geheimer Rat sicherlich kannte.<\/p>\t\t\t\t\t\t\t\t<\/div>\n\t\t\t\t<\/div>\n\t\t\t\t\t<\/div>\n\t\t<\/div>\n\t\t\t\t<div class=\"elementor-column elementor-col-50 elementor-inner-column elementor-element elementor-element-a07982d\" data-id=\"a07982d\" data-element_type=\"column\" data-e-type=\"column\">\n\t\t\t<div class=\"elementor-widget-wrap elementor-element-populated\">\n\t\t\t\t\t\t<div class=\"elementor-element elementor-element-c9a98ff elementor-widget elementor-widget-image\" data-id=\"c9a98ff\" data-element_type=\"widget\" data-e-type=\"widget\" data-widget_type=\"image.default\">\n\t\t\t\t<div class=\"elementor-widget-container\">\n\t\t\t\t\t\t\t\t\t\t\t\t\t\t\t<img decoding=\"async\" width=\"650\" height=\"461\" src=\"https:\/\/kultur-schloss-theuern.de\/wp-content\/uploads\/2022\/06\/Plansammlung-228_0004.jpg\" class=\"attachment-large size-large wp-image-448\" alt=\"Antike Karte von Theuern\" srcset=\"https:\/\/kultur-schloss-theuern.de\/wp-content\/uploads\/2022\/06\/Plansammlung-228_0004.jpg 650w, https:\/\/kultur-schloss-theuern.de\/wp-content\/uploads\/2022\/06\/Plansammlung-228_0004-300x213.jpg 300w, https:\/\/kultur-schloss-theuern.de\/wp-content\/uploads\/2022\/06\/Plansammlung-228_0004-600x426.jpg 600w\" sizes=\"(max-width: 650px) 100vw, 650px\" \/>\t\t\t\t\t\t\t\t\t\t\t\t\t\t\t<\/div>\n\t\t\t\t<\/div>\n\t\t\t\t\t<\/div>\n\t\t<\/div>\n\t\t\t\t\t<\/div>\n\t\t<\/section>\n\t\t\t\t<section class=\"elementor-section elementor-inner-section elementor-element elementor-element-be1c6fd elementor-reverse-mobile elementor-section-boxed elementor-section-height-default elementor-section-height-default parallax_section_no qode_elementor_container_no\" data-id=\"be1c6fd\" data-element_type=\"section\" data-e-type=\"section\">\n\t\t\t\t\t\t<div class=\"elementor-container elementor-column-gap-default\">\n\t\t\t\t\t<div class=\"elementor-column elementor-col-50 elementor-inner-column elementor-element elementor-element-fe853e3\" data-id=\"fe853e3\" data-element_type=\"column\" data-e-type=\"column\">\n\t\t\t<div class=\"elementor-widget-wrap elementor-element-populated\">\n\t\t\t\t\t\t<div class=\"elementor-element elementor-element-06e10a8 elementor-widget elementor-widget-image\" data-id=\"06e10a8\" data-element_type=\"widget\" data-e-type=\"widget\" data-widget_type=\"image.default\">\n\t\t\t\t<div class=\"elementor-widget-container\">\n\t\t\t\t\t\t\t\t\t\t\t\t\t\t\t<img decoding=\"async\" width=\"1024\" height=\"863\" src=\"https:\/\/kultur-schloss-theuern.de\/wp-content\/uploads\/2023\/01\/SchlossTheuern_JanaMueller-1024x863.jpg\" class=\"attachment-large size-large wp-image-2417\" alt=\"\" srcset=\"https:\/\/kultur-schloss-theuern.de\/wp-content\/uploads\/2023\/01\/SchlossTheuern_JanaMueller-1024x863.jpg 1024w, https:\/\/kultur-schloss-theuern.de\/wp-content\/uploads\/2023\/01\/SchlossTheuern_JanaMueller-300x253.jpg 300w, https:\/\/kultur-schloss-theuern.de\/wp-content\/uploads\/2023\/01\/SchlossTheuern_JanaMueller-768x647.jpg 768w, https:\/\/kultur-schloss-theuern.de\/wp-content\/uploads\/2023\/01\/SchlossTheuern_JanaMueller-1536x1295.jpg 1536w, https:\/\/kultur-schloss-theuern.de\/wp-content\/uploads\/2023\/01\/SchlossTheuern_JanaMueller-2048x1726.jpg 2048w, https:\/\/kultur-schloss-theuern.de\/wp-content\/uploads\/2023\/01\/SchlossTheuern_JanaMueller-14x12.jpg 14w, https:\/\/kultur-schloss-theuern.de\/wp-content\/uploads\/2023\/01\/SchlossTheuern_JanaMueller-700x590.jpg 700w\" sizes=\"(max-width: 1024px) 100vw, 1024px\" \/>\t\t\t\t\t\t\t\t\t\t\t\t\t\t\t<\/div>\n\t\t\t\t<\/div>\n\t\t\t\t\t<\/div>\n\t\t<\/div>\n\t\t\t\t<div class=\"elementor-column elementor-col-50 elementor-inner-column elementor-element elementor-element-1fc8fbc\" data-id=\"1fc8fbc\" data-element_type=\"column\" data-e-type=\"column\">\n\t\t\t<div class=\"elementor-widget-wrap elementor-element-populated\">\n\t\t\t\t\t\t<div class=\"elementor-element elementor-element-74c49ed elementor-widget elementor-widget-text-editor\" data-id=\"74c49ed\" data-element_type=\"widget\" data-e-type=\"widget\" data-widget_type=\"text-editor.default\">\n\t\t\t\t<div class=\"elementor-widget-container\">\n\t\t\t\t\t\t\t\t\t<h5>MUSEUM THEUERN<\/h5>\n<p>1972 gr\u00fcndete der Landkreis Amberg-Sulzbach das \u00fcberregionale Bergbau- und Industriemuseum in Theuern. Es wurde 1978 er\u00f6ffnet.<\/p>\n<p>Seine wichtigste Aufgabe besteht darin, den Bergbau und die Industrie des gesamten ostbayerischen Raumes zu erforschen, zu dokumentieren und darzustellen.<\/p>\n<p>Sitz des Bergbau- und Industriemuseums ist das imposante&nbsp; Hammerschloss in Theuern. Zus\u00e4tzlich wurden regionaltypische Industriedenkm\u00e4ler nach Theuern \u00fcbertragen: ein Eisenhammerwerk, eine Getreidem\u00fchle, ein Glasschleif- und Polierwerk, das seit 1996 auch das Strommuseum Ostbayern beherbergt, sowie einen F\u00f6rderturm mit Maschinenhaus.<\/p>\t\t\t\t\t\t\t\t<\/div>\n\t\t\t\t<\/div>\n\t\t\t\t\t<\/div>\n\t\t<\/div>\n\t\t\t\t\t<\/div>\n\t\t<\/section>\n\t\t\t\t<section class=\"elementor-section elementor-top-section elementor-element elementor-element-b89f967 bottom_spacer elementor-section-boxed elementor-section-height-default elementor-section-height-default parallax_section_no qode_elementor_container_no\" data-id=\"b89f967\" data-element_type=\"section\" data-e-type=\"section\">\n\t\t\t\t\t\t<div class=\"elementor-container elementor-column-gap-default\">\n\t\t\t\t\t<div class=\"elementor-column elementor-col-100 elementor-top-column elementor-element elementor-element-0bc3712\" data-id=\"0bc3712\" data-element_type=\"column\" data-e-type=\"column\">\n\t\t\t<div class=\"elementor-widget-wrap\">\n\t\t\t\t\t\t\t<\/div>\n\t\t<\/div>\n\t\t\t\t\t<\/div>\n\t\t<\/section>\n\t\t\t\t<\/div>\n\t\t","protected":false},"excerpt":{"rendered":"<p>GESCHICHTE DES SCHLOSSES SCHLOSSGESCHICHTE Am 25. August 1780 wurde der Grundstein zum Hammerschloss gelegt. Das bereits 1682 von Johann Georg Portner errichtete \u201eJ\u00e4gerhaus\u201c wurde in den Neubau integriert. Als Baumeister gewann man Wolfgang Diller aus Amberg. Bereits in den 70er Jahren des 18. Jahrhunderts hatte&#8230;<\/p>","protected":false},"author":1,"featured_media":0,"parent":0,"menu_order":-5,"comment_status":"closed","ping_status":"closed","template":"","meta":{"footnotes":""},"class_list":["post-1137","page","type-page","status-publish","hentry"],"_links":{"self":[{"href":"https:\/\/kultur-schloss-theuern.de\/en\/wp-json\/wp\/v2\/pages\/1137","targetHints":{"allow":["GET"]}}],"collection":[{"href":"https:\/\/kultur-schloss-theuern.de\/en\/wp-json\/wp\/v2\/pages"}],"about":[{"href":"https:\/\/kultur-schloss-theuern.de\/en\/wp-json\/wp\/v2\/types\/page"}],"author":[{"embeddable":true,"href":"https:\/\/kultur-schloss-theuern.de\/en\/wp-json\/wp\/v2\/users\/1"}],"replies":[{"embeddable":true,"href":"https:\/\/kultur-schloss-theuern.de\/en\/wp-json\/wp\/v2\/comments?post=1137"}],"version-history":[{"count":52,"href":"https:\/\/kultur-schloss-theuern.de\/en\/wp-json\/wp\/v2\/pages\/1137\/revisions"}],"predecessor-version":[{"id":4332,"href":"https:\/\/kultur-schloss-theuern.de\/en\/wp-json\/wp\/v2\/pages\/1137\/revisions\/4332"}],"wp:attachment":[{"href":"https:\/\/kultur-schloss-theuern.de\/en\/wp-json\/wp\/v2\/media?parent=1137"}],"curies":[{"name":"wp","href":"https:\/\/api.w.org\/{rel}","templated":true}]}}