{"id":1114,"date":"2022-06-25T09:50:18","date_gmt":"2022-06-25T07:50:18","guid":{"rendered":"https:\/\/kultur-schloss-theuern.de\/?page_id=1114"},"modified":"2022-08-28T18:47:12","modified_gmt":"2022-08-28T16:47:12","slug":"datenschutz","status":"publish","type":"page","link":"https:\/\/kultur-schloss-theuern.de\/en\/datenschutz\/","title":{"rendered":"Privacy"},"content":{"rendered":"\t\t<div data-elementor-type=\"wp-page\" data-elementor-id=\"1114\" class=\"elementor elementor-1114\">\n\t\t\t\t\t\t<section class=\"elementor-section elementor-top-section elementor-element elementor-element-fae003e elementor-section-full_width elementor-section-height-default elementor-section-height-default parallax_section_no qode_elementor_container_no\" data-id=\"fae003e\" data-element_type=\"section\" data-e-type=\"section\">\n\t\t\t\t\t\t<div class=\"elementor-container elementor-column-gap-no\">\n\t\t\t\t\t<div class=\"elementor-column elementor-col-100 elementor-top-column elementor-element elementor-element-ed791ae\" data-id=\"ed791ae\" data-element_type=\"column\" data-e-type=\"column\">\n\t\t\t<div class=\"elementor-widget-wrap elementor-element-populated\">\n\t\t\t\t\t\t<div class=\"elementor-element elementor-element-0a4b483 elementor-widget elementor-widget-slider_revolution\" data-id=\"0a4b483\" data-element_type=\"widget\" data-e-type=\"widget\" data-widget_type=\"slider_revolution.default\">\n\t\t\t\t<div class=\"elementor-widget-container\">\n\t\t\t\t\t\n\t\t<div class=\"wp-block-themepunch-revslider\">\n\t\t\t<!-- START Ihr Besuch REVOLUTION SLIDER 6.7.40 --><p class=\"rs-p-wp-fix\"><\/p>\n\t\t\t<rs-module-wrap id=\"rev_slider_6_1_wrapper\" data-source=\"gallery\" style=\"visibility:hidden;background:#aca49a;padding:0;margin:0px auto;margin-top:0;margin-bottom:0;\">\n\t\t\t\t<rs-module id=\"rev_slider_6_1\" style=\"\" data-version=\"6.7.40\">\n\t\t\t\t\t<rs-slides style=\"overflow: hidden; position: absolute;\">\n\t\t\t\t\t\t<rs-slide style=\"position: absolute;\" data-key=\"rs-12\" data-title=\"Slide\" data-anim=\"adpr:false;\" data-in=\"o:0;\" data-out=\"a:false;\">\n\t\t\t\t\t\t\t<img fetchpriority=\"high\" decoding=\"async\" src=\"\/\/kultur-schloss-theuern.de\/wp-content\/plugins\/revslider\/sr6\/assets\/assets\/dummy.png\" alt=\"\" title=\"TMVphotoworks-4008\" width=\"1300\" height=\"955\" class=\"rev-slidebg tp-rs-img rs-lazyload\" data-lazyload=\"\/\/kultur-schloss-theuern.de\/wp-content\/uploads\/2023\/01\/TMVphotoworks-4008.jpg\" data-bg=\"p:0% 17%;\" data-no-retina>\n<!---->\t\t\t\t\t<\/rs-slide>\n\t\t\t\t\t<\/rs-slides>\n\t\t\t\t<\/rs-module>\n\t\t\t\t<script>\n\t\t\t\t\tsetREVStartSize({c: 'rev_slider_6_1',rl:[1240,1024,778,480],el:[955,640,640,640],gw:[1300,1100,778,480],gh:[955,640,640,640],type:'standard',justify:'',layout:'fullwidth',mh:\"0\"});if (window.RS_MODULES!==undefined && window.RS_MODULES.modules!==undefined && window.RS_MODULES.modules[\"revslider61\"]!==undefined) {window.RS_MODULES.modules[\"revslider61\"].once = false;window.revapi6 = undefined;if (window.RS_MODULES.checkMinimal!==undefined) window.RS_MODULES.checkMinimal()}\n\t\t\t\t<\/script>\n\t\t\t<\/rs-module-wrap>\n\t\t\t<!-- END REVOLUTION SLIDER -->\n<\/div>\n\n\t\t\t\t\t\t<\/div>\n\t\t\t\t<\/div>\n\t\t\t\t\t<\/div>\n\t\t<\/div>\n\t\t\t\t\t<\/div>\n\t\t<\/section>\n\t\t\t\t<section class=\"elementor-section elementor-inner-section elementor-element elementor-element-bc43826 elementor-section-boxed elementor-section-height-default elementor-section-height-default parallax_section_no qode_elementor_container_no\" data-id=\"bc43826\" data-element_type=\"section\" data-e-type=\"section\">\n\t\t\t\t\t\t<div class=\"elementor-container elementor-column-gap-default\">\n\t\t\t\t\t<div class=\"elementor-column elementor-col-100 elementor-inner-column elementor-element elementor-element-c402109\" data-id=\"c402109\" data-element_type=\"column\" data-e-type=\"column\">\n\t\t\t<div class=\"elementor-widget-wrap elementor-element-populated\">\n\t\t\t\t\t\t<div class=\"elementor-element elementor-element-e859bb2 elementor-widget elementor-widget-text-editor\" data-id=\"e859bb2\" data-element_type=\"widget\" data-e-type=\"widget\" data-widget_type=\"text-editor.default\">\n\t\t\t\t<div class=\"elementor-widget-container\">\n\t\t\t\t\t\t\t\t\t<h2>DATENSCHUTZ<\/h2>\t\t\t\t\t\t\t\t<\/div>\n\t\t\t\t<\/div>\n\t\t\t\t\t<\/div>\n\t\t<\/div>\n\t\t\t\t\t<\/div>\n\t\t<\/section>\n\t\t\t\t<section class=\"elementor-section elementor-inner-section elementor-element elementor-element-621c06d8 elementor-section-boxed elementor-section-height-default elementor-section-height-default parallax_section_no qode_elementor_container_no\" data-id=\"621c06d8\" data-element_type=\"section\" data-e-type=\"section\">\n\t\t\t\t\t\t<div class=\"elementor-container elementor-column-gap-default\">\n\t\t\t\t\t<div class=\"elementor-column elementor-col-100 elementor-inner-column elementor-element elementor-element-3d11a740\" data-id=\"3d11a740\" data-element_type=\"column\" data-e-type=\"column\">\n\t\t\t<div class=\"elementor-widget-wrap elementor-element-populated\">\n\t\t\t\t\t\t<div class=\"elementor-element elementor-element-54f60648 elementor-widget elementor-widget-text-editor\" data-id=\"54f60648\" data-element_type=\"widget\" data-e-type=\"widget\" data-widget_type=\"text-editor.default\">\n\t\t\t\t<div class=\"elementor-widget-container\">\n\t\t\t\t\t\t\t\t\t<p><strong>A) Allgemeine Informationen<\/strong><\/p>\n<p><br><\/p><p>Name und Kontaktdaten des Verantwortlichen<\/p>\n<p>Landratsamt Amberg-Sulzbach<\/p>\n<p>Landrat Richard Reisinger<\/p><p><br><\/p>\n<p>Schlo\u00dfgraben 3<\/p>\n<p>92224 Amberg<\/p><p><br><\/p>\n<p>Telefon: 09621\/39-102<\/p>\n<p>Fax: 09621\/37605-100<\/p><p><br><\/p>\n<p>E-Mail: landrat@amberg-sulzbach.de<\/p>\n<p>Kontaktdaten des Datenschutzbeauftragten<\/p><p><br><\/p>\n<p>Herr Jochen Lautenschlager<\/p>\n<p>Landratsamt Amberg-Sulzbach<\/p>\n<p>Datenschutzbeauftragter<\/p>\n<p>Schlossgraben 3<\/p>\n<p>92224 Amberg<\/p><p><br><\/p>\n<p>E-Mail: datenschutzbeauftragter@amberg-sulzbach.de<\/p><p><br><\/p>\n<p>Telefon: 09621\/39-205<\/p>\n<p>Fax: 09621\/37605-319<\/p><p><br><\/p>\n<p>Zwecke und Rechtsgrundlagen f\u00fcr die Verarbeitung personenbezogener Daten<\/p>\n<p>Zweck der Verarbeitung ist die Erf\u00fcllung der uns vom Gesetzgeber zugewiesenen \u00f6ffentlichen Aufgaben, insbesondere der Information der \u00d6ffentlichkeit.<\/p><p><br><\/p>\n<p>Die Rechtsgrundlage f\u00fcr die Verarbeitung Ihrer Daten ergibt sich, soweit nichts anderes angegeben ist, aus Art. 4 Abs. 1 des Bayerischen Datenschutzgesetzes (BayDSG) in Verbindung mit Art. 6 Abs. 1 UAbs. 1 Buchst. e der Datenschutzgrundverordnung (DSGVO). Demnach ist es uns erlaubt, die zur Erf\u00fcllung einer uns obliegenden Aufgabe erforderlichen Daten zu verarbeiten.<\/p>\n<p>Empf\u00e4nger von personenbezogenen Daten<\/p>\n<p>Gegebenenfalls werden Ihre Daten an die zust\u00e4ndigen Aufsichts- und Rechnungspr\u00fcfungsbeh\u00f6rden zur Wahrnehmung der jeweiligen Kontrollrechte \u00fcbermittelt.<\/p><p><br><\/p>\n<p>Zur Abwehr von Gefahren f\u00fcr die Sicherheit in der Informationstechnik k\u00f6nnen bei elektronischer \u00dcbermittlung Daten an das Landesamt f\u00fcr Sicherheit in der Informationstechnik weitergeleitet werden und dort auf Grundlage der Art. 12 ff. des Bayerischen E-Government-Gesetzes verarbeitet werden.<\/p><p><br><\/p>\n<p><b>Dauer der Speicherung der personenbezogenen Daten<\/b><\/p>\n<p>Ihre Daten werden nur so lange gespeichert, wie dies unter Beachtung gesetzlicher Aufbewahrungsfristen zur Aufgabenerf\u00fcllung erforderlich ist.<\/p><p><br><\/p>\n<p><b>Ihre Rechte<\/b><\/p>\n<p>Soweit wir von Ihnen personenbezogene Daten verarbeiten, stehen Ihnen als Betroffener nachfolgende Rechte zu:<\/p>\n<p>Sie haben das Recht auf Auskunft \u00fcber die zu Ihrer Person gespeicherten Daten (Art. 15 DSGVO).<\/p>\n<p>Sollten unrichtige personenbezogene Daten verarbeitet werden, steht Ihnen ein Recht auf Berichtigung zu (Art. 16 DSGVO).<\/p>\n<p>Liegen die gesetzlichen Voraussetzungen vor, so k\u00f6nnen Sie die L\u00f6schung oder Einschr\u00e4nkung der Verarbeitung verlangen (Art. 17 und 18 DSGVO).<\/p><p><br><\/p>\n<p>Wenn Sie in die Verarbeitung eingewilligt haben oder ein Vertrag zur Datenverarbeitung besteht und die Datenverarbeitung mithilfe automatisierter Verfahren durchgef\u00fchrt wird, steht Ihnen gegebenenfalls ein Recht auf Daten\u00fcbertragbarkeit zu (Art. 20 DSGVO).<\/p>\n<p>Falls Sie in die Verarbeitung eingewilligt haben und die Verarbeitung auf dieser Einwilligung beruht, k\u00f6nnen Sie die Einwilligung jederzeit f\u00fcr die Zukunft widerrufen. Die Rechtm\u00e4\u00dfigkeit der aufgrund der Einwilligung bis zum Widerruf erfolgten Datenverarbeitung wird durch diesen nicht ber\u00fchrt.<\/p>\n<p>Sie haben das Recht, aus Gr\u00fcnden, die sich aus Ihrer besonderen Situation ergeben, jederzeit gegen die Verarbeitung Ihrer Daten Widerspruch einzulegen, wenn die Verarbeitung ausschlie\u00dflich auf Grundlage des Art. 6 Abs. 1 Buchst. e oder f DSGVO erfolgt (Art. 21 Abs. 1 Satz 1 DSGVO).<\/p><p><br><\/p>\n<p><b>Beschwerderecht bei der Aufsichtsbeh\u00f6rde<\/b><\/p>\n<p>Weiterhin besteht ein Beschwerderecht beim Bayerischen Landesbeauftragten f\u00fcr den Datenschutz. Diesen k\u00f6nnen Sie unter folgenden Kontaktdaten erreichen:<\/p><p><br><\/p>\n<p>Bayerischen Landesbeauftragten f\u00fcr den Datenschutz<\/p>\n<p>Postfach 22 12 19<\/p>\n<p>80502 M\u00fcnchen<\/p><p><br><\/p>\n<p>Bayerischen Landesbeauftragten f\u00fcr den Datenschutz<\/p>\n<p>Wagm\u00fcllerstra\u00dfe 18<\/p>\n<p>80538 M\u00fcnchen<\/p>\n<p>Telefon:089\/212672-0<\/p>\n<p>Fax:089\/212672-50<\/p><p><br><\/p>\n<p>E-Mail: poststelle@datenschutz-bayern.de<\/p>\n<p>Internet: https:\/\/www.datenschutz-bayern.de\/<\/p><p><br><\/p>\n<p><b>Weitere Informationen<\/b><\/p>\n<p>F\u00fcr n\u00e4here Informationen zur Verarbeitung Ihrer Daten und zu Ihren Rechten k\u00f6nnen Sie uns unter den oben (zu Beginn von A) genannten Kontaktdaten erreichen.<\/p><p><br><\/p>\n<p><b>B) Informationen zum Internetauftritt<\/b><\/p>\n<p>Technische Umsetzung<\/p>\n<p>Unsere Webserver werden durch nachfolgende Anbieter betrieben. Die von Ihnen im Rahmen des Besuchs unseres Webauftritts \u00fcbermittelten personenbezogenen Daten werden daher in unserem Auftrag durch<\/p>\n<p>Domain:<\/p>\n<p>Domain:<\/p>\n<p>Domain:<\/p><p><br><\/p>\n<p><b>Protokollierung<\/b><\/p>\n<p>Wenn Sie diese oder andere Internetseiten aufrufen, \u00fcbermitteln Sie \u00fcber Ihren Internetbrowser Daten an unseren Webserver. Die folgenden Daten werden w\u00e4hrend einer laufenden Verbindung zur Kommunikation zwischen Ihrem Internetbrowser und unserem Webserver aufgezeichnet:<\/p><p><br><\/p>\n<p>Datum und Uhrzeit der Anforderung<\/p>\n<p>Name der angeforderten Datei<\/p>\n<p>Benutzernamen (nur bei passwortgesch\u00fctzten Bereichen)<\/p>\n<p>Zugriffsstatus (Datei \u00fcbertragen, Datei nicht gefunden, etc.)<\/p>\n<p>Name der angeforderten Datei<\/p>\n<p>Seite, von der aus die Datei angefordert wurde<\/p>\n<p>Zugriffsstatus (Datei \u00fcbertragen, Datei nicht gefunden, etc.)<\/p>\n<p>verwendete Webbrowser und verwendetes Betriebssystem<\/p>\n<p>vollst\u00e4ndige IP-Adresse des anfordernden Rechners<\/p>\n<p>\u00fcbertragene Datenmenge.<\/p><p><br><\/p>\n<p>Aus Gr\u00fcnden der technischen Sicherheit, insbesondere zur Abwehr von Angriffsversuchen, werden diese Daten vom Provider (Anbieter siehe Technische Umsetzung) gespeichert. Nach sp\u00e4testens sieben Tagen werden die Daten durch Verk\u00fcrzung der IP-Adresse auf Domain-Ebene anonymisiert, so dass es nicht mehr m\u00f6glich ist, einen Bezug auf einzelne Nutzer herzustellen.<\/p>\n<p><br><\/p><p><b>Aktive Komponenten<\/b><\/p>\n<p>Wir verwenden aktive Komponenten wie Javascript, Java-Applets oder Active-X-Controls. Diese Funktion kann durch die Einstellung Ihres Internetbrowsers von Ihnen abgeschaltet werden.<\/p><p><br><\/p>\n<p><b>Cookies<\/b><\/p>\n<p>Beim Zugriff auf dieses Internetangebot werden von uns Cookies (kleine Dateien) auf Ihrem Ger\u00e4t gespeichert, die f\u00fcr die Dauer Ihres Besuches auf der Internetseite g\u00fcltig sind (\u201esession-cookies\u201c). Wir verwenden diese ausschlie\u00dflich w\u00e4hrend Ihres Besuchs unserer Internetseite. Die meisten Browser sind so eingestellt, dass sie die Verwendung von Cookies akzeptieren. Diese Funktion kann aber durch die Einstellung des Internetbrowsers von Ihnen f\u00fcr die laufende Sitzung oder dauerhaft abgeschaltet werden. Nach Ende Ihres Besuches wird Ihr Browser diese Cookies automatisch l\u00f6schen.<\/p><p><br><\/p>\n<p><b>C) Informationen zu einzelnen Verarbeitungen<\/b><\/p><p><b><br><\/b><\/p>\n<p><b>Film- und Fotoaufnahmen<\/b><\/p>\n<p>Im Rahmen unserer Presse- und \u00d6ffentlichkeitsarbeit werden bei Veranstaltungen und Terminen Filme und Fotos aufgenommen, auf denen Sie gegebenenfalls erkennbar zu sehen sind. Der Aufnahme und\/oder einer Ver\u00f6ffentlichung k\u00f6nnen Sie widersprechen.<\/p>\n<p>Bitte nutzten Sie f\u00fcr Ihren Widerspruch die oben (am Anfang von A) genannten Kontaktdaten.<\/p><p><br><\/p>\n<p><b>Elektronische Post (E-Mail)<\/b><\/p>\n<p>Informationen, die Sie unverschl\u00fcsselt per Elektronische Post (E-Mail) an uns senden, k\u00f6nnen m\u00f6glicherweise auf dem \u00dcbertragungsweg von Dritten gelesen werden. Wir k\u00f6nnen in der Regel auch Ihre Identit\u00e4t nicht \u00fcberpr\u00fcfen und wissen nicht, wer sich hinter einer E-Mail-Adresse verbirgt. Eine rechtssichere Kommunikation durch einfache E-Mail ist daher nicht gew\u00e4hrleistet. Wir setzen &#8211; wie viele E-Mail-Anbieter &#8211; Filter gegen unerw\u00fcnschte Werbung (\u201eSPAM-Filter\u201c) ein, die in seltenen F\u00e4llen auch normale E-Mails f\u00e4lschlicherweise automatisch als unerw\u00fcnschte Werbung einordnen und l\u00f6schen. E-Mails, die sch\u00e4digende Programme (\u201eViren\u201c) enthalten, werden von uns in jedem Fall automatisch gel\u00f6scht.<\/p><p><br><\/p>\n<p>Wenn Sie schutzw\u00fcrdige Nachrichten an uns senden wollen, empfehlen wir, diese zu verschl\u00fcsseln und zu signieren, um eine unbefugte Kenntnisnahme und Verf\u00e4lschung auf dem \u00dcbertragungsweg zu verhindern oder die Nachricht auf konventionellem Postwege an uns zu senden. Verschl\u00fcsselte E-Mails k\u00f6nnen Sie an unsere De-Mail-Adresse poststelle@amberg-sulzbach.de-mail.de verschicken. Weitere M\u00f6glichkeiten bietet das Bayernportal unter https:\/\/www.freistaat.bayern.de an.<\/p>\n<p>Weitere Informationen zur \u201eElektronischen Kommunikation\u201c sowie zur Zugangser\u00f6ffnung nach Art. 3a BayVwVfG erhalten sie hier.<\/p>\n<p>Datenschutzhinweise<\/p><p><br><\/p>\n<p>Allgemeine Informationen bei Erhebung von personenbezogenen Daten nach Art. 13 und 14<\/p>\t\t\t\t\t\t\t\t<\/div>\n\t\t\t\t<\/div>\n\t\t\t\t\t<\/div>\n\t\t<\/div>\n\t\t\t\t\t<\/div>\n\t\t<\/section>\n\t\t\t\t<section class=\"elementor-section elementor-top-section elementor-element elementor-element-503928b bottom_spacer elementor-section-boxed elementor-section-height-default elementor-section-height-default parallax_section_no qode_elementor_container_no\" data-id=\"503928b\" data-element_type=\"section\" data-e-type=\"section\">\n\t\t\t\t\t\t<div class=\"elementor-container elementor-column-gap-default\">\n\t\t\t\t\t<div class=\"elementor-column elementor-col-100 elementor-top-column elementor-element elementor-element-50aa597\" data-id=\"50aa597\" data-element_type=\"column\" data-e-type=\"column\">\n\t\t\t<div class=\"elementor-widget-wrap\">\n\t\t\t\t\t\t\t<\/div>\n\t\t<\/div>\n\t\t\t\t\t<\/div>\n\t\t<\/section>\n\t\t\t\t<\/div>\n\t\t","protected":false},"excerpt":{"rendered":"<p>DATENSCHUTZ A) Allgemeine Informationen Name und Kontaktdaten des Verantwortlichen Landratsamt Amberg-Sulzbach Landrat Richard Reisinger Schlo\u00dfgraben 3 92224 Amberg Telefon: 09621\/39-102 Fax: 09621\/37605-100 E-Mail: landrat@amberg-sulzbach.de Kontaktdaten des Datenschutzbeauftragten Herr Jochen Lautenschlager Landratsamt Amberg-Sulzbach Datenschutzbeauftragter Schlossgraben 3 92224 Amberg E-Mail: datenschutzbeauftragter@amberg-sulzbach.de Telefon: 09621\/39-205 Fax: 09621\/37605-319 Zwecke und&#8230;<\/p>","protected":false},"author":1,"featured_media":0,"parent":0,"menu_order":-1,"comment_status":"closed","ping_status":"closed","template":"","meta":{"footnotes":""},"class_list":["post-1114","page","type-page","status-publish","hentry"],"_links":{"self":[{"href":"https:\/\/kultur-schloss-theuern.de\/en\/wp-json\/wp\/v2\/pages\/1114","targetHints":{"allow":["GET"]}}],"collection":[{"href":"https:\/\/kultur-schloss-theuern.de\/en\/wp-json\/wp\/v2\/pages"}],"about":[{"href":"https:\/\/kultur-schloss-theuern.de\/en\/wp-json\/wp\/v2\/types\/page"}],"author":[{"embeddable":true,"href":"https:\/\/kultur-schloss-theuern.de\/en\/wp-json\/wp\/v2\/users\/1"}],"replies":[{"embeddable":true,"href":"https:\/\/kultur-schloss-theuern.de\/en\/wp-json\/wp\/v2\/comments?post=1114"}],"version-history":[{"count":10,"href":"https:\/\/kultur-schloss-theuern.de\/en\/wp-json\/wp\/v2\/pages\/1114\/revisions"}],"predecessor-version":[{"id":1531,"href":"https:\/\/kultur-schloss-theuern.de\/en\/wp-json\/wp\/v2\/pages\/1114\/revisions\/1531"}],"wp:attachment":[{"href":"https:\/\/kultur-schloss-theuern.de\/en\/wp-json\/wp\/v2\/media?parent=1114"}],"curies":[{"name":"wp","href":"https:\/\/api.w.org\/{rel}","templated":true}]}}