{"id":1038,"date":"2022-06-25T09:08:07","date_gmt":"2022-06-25T07:08:07","guid":{"rendered":"https:\/\/kultur-schloss-theuern.de\/?page_id=1038"},"modified":"2024-08-23T15:00:14","modified_gmt":"2024-08-23T13:00:14","slug":"museumspaedagogik","status":"publish","type":"page","link":"https:\/\/kultur-schloss-theuern.de\/en\/museumspaedagogik\/","title":{"rendered":"Museum Education"},"content":{"rendered":"\t\t<div data-elementor-type=\"wp-page\" data-elementor-id=\"1038\" class=\"elementor elementor-1038\">\n\t\t\t\t\t\t<section class=\"elementor-section elementor-top-section elementor-element elementor-element-fae003e elementor-section-full_width elementor-section-height-default elementor-section-height-default parallax_section_no qode_elementor_container_no\" data-id=\"fae003e\" data-element_type=\"section\" data-e-type=\"section\">\n\t\t\t\t\t\t<div class=\"elementor-container elementor-column-gap-no\">\n\t\t\t\t\t<div class=\"elementor-column elementor-col-100 elementor-top-column elementor-element elementor-element-ed791ae\" data-id=\"ed791ae\" data-element_type=\"column\" data-e-type=\"column\">\n\t\t\t<div class=\"elementor-widget-wrap elementor-element-populated\">\n\t\t\t\t\t\t<div class=\"elementor-element elementor-element-0a4b483 elementor-widget elementor-widget-slider_revolution\" data-id=\"0a4b483\" data-element_type=\"widget\" data-e-type=\"widget\" data-widget_type=\"slider_revolution.default\">\n\t\t\t\t<div class=\"elementor-widget-container\">\n\t\t\t\t\t\n\t\t<div class=\"wp-block-themepunch-revslider\">\n\t\t\t<!-- START Ihr Besuch REVOLUTION SLIDER 6.7.40 --><p class=\"rs-p-wp-fix\"><\/p>\n\t\t\t<rs-module-wrap id=\"rev_slider_6_1_wrapper\" data-source=\"gallery\" style=\"visibility:hidden;background:#aca49a;padding:0;margin:0px auto;margin-top:0;margin-bottom:0;\">\n\t\t\t\t<rs-module id=\"rev_slider_6_1\" style=\"\" data-version=\"6.7.40\">\n\t\t\t\t\t<rs-slides style=\"overflow: hidden; position: absolute;\">\n\t\t\t\t\t\t<rs-slide style=\"position: absolute;\" data-key=\"rs-12\" data-title=\"Slide\" data-anim=\"adpr:false;\" data-in=\"o:0;\" data-out=\"a:false;\">\n\t\t\t\t\t\t\t<img fetchpriority=\"high\" decoding=\"async\" src=\"\/\/kultur-schloss-theuern.de\/wp-content\/plugins\/revslider\/sr6\/assets\/assets\/dummy.png\" alt=\"\" title=\"TMVphotoworks-4008\" width=\"1300\" height=\"955\" class=\"rev-slidebg tp-rs-img rs-lazyload\" data-lazyload=\"\/\/kultur-schloss-theuern.de\/wp-content\/uploads\/2023\/01\/TMVphotoworks-4008.jpg\" data-bg=\"p:0% 17%;\" data-no-retina>\n<!---->\t\t\t\t\t<\/rs-slide>\n\t\t\t\t\t<\/rs-slides>\n\t\t\t\t<\/rs-module>\n\t\t\t\t<script>\n\t\t\t\t\tsetREVStartSize({c: 'rev_slider_6_1',rl:[1240,1024,778,480],el:[955,640,640,640],gw:[1300,1100,778,480],gh:[955,640,640,640],type:'standard',justify:'',layout:'fullwidth',mh:\"0\"});if (window.RS_MODULES!==undefined && window.RS_MODULES.modules!==undefined && window.RS_MODULES.modules[\"revslider61\"]!==undefined) {window.RS_MODULES.modules[\"revslider61\"].once = false;window.revapi6 = undefined;if (window.RS_MODULES.checkMinimal!==undefined) window.RS_MODULES.checkMinimal()}\n\t\t\t\t<\/script>\n\t\t\t<\/rs-module-wrap>\n\t\t\t<!-- END REVOLUTION SLIDER -->\n<\/div>\n\n\t\t\t\t\t\t<\/div>\n\t\t\t\t<\/div>\n\t\t\t\t\t<\/div>\n\t\t<\/div>\n\t\t\t\t\t<\/div>\n\t\t<\/section>\n\t\t\t\t<section class=\"elementor-section elementor-inner-section elementor-element elementor-element-24f36c5 elementor-section-boxed elementor-section-height-default elementor-section-height-default parallax_section_no qode_elementor_container_no\" data-id=\"24f36c5\" data-element_type=\"section\" data-e-type=\"section\">\n\t\t\t\t\t\t<div class=\"elementor-container elementor-column-gap-default\">\n\t\t\t\t\t<div class=\"elementor-column elementor-col-100 elementor-inner-column elementor-element elementor-element-28a396a\" data-id=\"28a396a\" data-element_type=\"column\" data-e-type=\"column\">\n\t\t\t<div class=\"elementor-widget-wrap elementor-element-populated\">\n\t\t\t\t\t\t<div class=\"elementor-element elementor-element-d1b6a7b elementor-widget elementor-widget-text-editor\" data-id=\"d1b6a7b\" data-element_type=\"widget\" data-e-type=\"widget\" data-widget_type=\"text-editor.default\">\n\t\t\t\t<div class=\"elementor-widget-container\">\n\t\t\t\t\t\t\t\t\t<h5>UNSERE<\/h5><h2>MUSEUMSP\u00c4DAGOGIK<\/h2>\t\t\t\t\t\t\t\t<\/div>\n\t\t\t\t<\/div>\n\t\t\t\t\t<\/div>\n\t\t<\/div>\n\t\t\t\t\t<\/div>\n\t\t<\/section>\n\t\t\t\t<section class=\"elementor-section elementor-inner-section elementor-element elementor-element-3cee9dd elementor-section-boxed elementor-section-height-default elementor-section-height-default parallax_section_no qode_elementor_container_no\" data-id=\"3cee9dd\" data-element_type=\"section\" data-e-type=\"section\">\n\t\t\t\t\t\t<div class=\"elementor-container elementor-column-gap-default\">\n\t\t\t\t\t<div class=\"elementor-column elementor-col-100 elementor-inner-column elementor-element elementor-element-6f0257d grau\" data-id=\"6f0257d\" data-element_type=\"column\" data-e-type=\"column\">\n\t\t\t<div class=\"elementor-widget-wrap elementor-element-populated\">\n\t\t\t\t\t\t<div class=\"elementor-element elementor-element-f90ea95 elementor-widget elementor-widget-text-editor\" data-id=\"f90ea95\" data-element_type=\"widget\" data-e-type=\"widget\" data-widget_type=\"text-editor.default\">\n\t\t\t\t<div class=\"elementor-widget-container\">\n\t\t\t\t\t\t\t\t\t<p>Das Bergbau- und Industriemuseum Ostbayern bietet seinen Besucherinnen und Besuchern vielf\u00e4ltige M\u00f6glichkeiten Neues zu entdecken, sich als Forscher zu versuchen sowie selbst auszuprobieren und zu gestalten.<\/p><p>Das Angebot richtet sich hierbei mit zielgruppenorientierten Aktionen an unterschiedliche Altersgruppen und l\u00e4sst Jung und Alt eintauchen in die Welt des Bergbaus und der Industrie, wobei auch Themen wie Nachhaltigkeit, Natur und Umwelt eine gro\u00dfe Rolle spielen.<\/p><p>\u00a0<\/p><p>Insbesondere Kinder k\u00f6nnen im Rahmen unseres museumsp\u00e4dagogischen Programms ihren Forscherdrang und ihre Neugierde ausleben und lernen so spielerisch. Spa\u00df, Spannung und viel Wissenswertes erwartet Sie beim Schmieden, Kr\u00e4uter sammeln oder beim Eintauchen in eine l\u00e4ngst vergangene Zeit bei einer Fossiliensuche.<\/p>\t\t\t\t\t\t\t\t<\/div>\n\t\t\t\t<\/div>\n\t\t\t\t\t<\/div>\n\t\t<\/div>\n\t\t\t\t\t<\/div>\n\t\t<\/section>\n\t\t\t\t<section class=\"elementor-section elementor-top-section elementor-element elementor-element-649ac3cf elementor-section-full_width volle_breite elementor-section-height-default elementor-section-height-default parallax_section_no qode_elementor_container_no\" data-id=\"649ac3cf\" data-element_type=\"section\" data-e-type=\"section\">\n\t\t\t\t\t\t<div class=\"elementor-container elementor-column-gap-default\">\n\t\t\t\t\t<div class=\"elementor-column elementor-col-20 elementor-top-column elementor-element elementor-element-713b57bd\" data-id=\"713b57bd\" data-element_type=\"column\" data-e-type=\"column\">\n\t\t\t<div class=\"elementor-widget-wrap elementor-element-populated\">\n\t\t\t\t\t\t<div class=\"elementor-element elementor-element-6e2617be elementor-widget elementor-widget-image\" data-id=\"6e2617be\" data-element_type=\"widget\" data-e-type=\"widget\" data-widget_type=\"image.default\">\n\t\t\t\t<div class=\"elementor-widget-container\">\n\t\t\t\t\t\t\t\t\t\t\t\t\t\t\t<img decoding=\"async\" width=\"400\" height=\"300\" src=\"https:\/\/kultur-schloss-theuern.de\/wp-content\/uploads\/2022\/06\/Aktionstag-Schloss-mal-anders_-2.jpg\" class=\"attachment-large size-large wp-image-1076\" alt=\"Gemalter Frosch mit Schloss Theuern\" srcset=\"https:\/\/kultur-schloss-theuern.de\/wp-content\/uploads\/2022\/06\/Aktionstag-Schloss-mal-anders_-2.jpg 400w, https:\/\/kultur-schloss-theuern.de\/wp-content\/uploads\/2022\/06\/Aktionstag-Schloss-mal-anders_-2-300x225.jpg 300w\" sizes=\"(max-width: 400px) 100vw, 400px\" \/>\t\t\t\t\t\t\t\t\t\t\t\t\t\t\t<\/div>\n\t\t\t\t<\/div>\n\t\t\t\t\t<\/div>\n\t\t<\/div>\n\t\t\t\t<div class=\"elementor-column elementor-col-20 elementor-top-column elementor-element elementor-element-2465ed23\" data-id=\"2465ed23\" data-element_type=\"column\" data-e-type=\"column\">\n\t\t\t<div class=\"elementor-widget-wrap elementor-element-populated\">\n\t\t\t\t\t\t<div class=\"elementor-element elementor-element-192b949f elementor-widget elementor-widget-image\" data-id=\"192b949f\" data-element_type=\"widget\" data-e-type=\"widget\" data-widget_type=\"image.default\">\n\t\t\t\t<div class=\"elementor-widget-container\">\n\t\t\t\t\t\t\t\t\t\t\t\t\t\t\t<img decoding=\"async\" width=\"400\" height=\"300\" src=\"https:\/\/kultur-schloss-theuern.de\/wp-content\/uploads\/2022\/06\/fossiliensuche_.jpg\" class=\"attachment-large size-large wp-image-1078\" alt=\"Menschen bei der &quot;Fossiliensuche&quot;\" srcset=\"https:\/\/kultur-schloss-theuern.de\/wp-content\/uploads\/2022\/06\/fossiliensuche_.jpg 400w, https:\/\/kultur-schloss-theuern.de\/wp-content\/uploads\/2022\/06\/fossiliensuche_-300x225.jpg 300w\" sizes=\"(max-width: 400px) 100vw, 400px\" \/>\t\t\t\t\t\t\t\t\t\t\t\t\t\t\t<\/div>\n\t\t\t\t<\/div>\n\t\t\t\t\t<\/div>\n\t\t<\/div>\n\t\t\t\t<div class=\"elementor-column elementor-col-20 elementor-top-column elementor-element elementor-element-b6d1278\" data-id=\"b6d1278\" data-element_type=\"column\" data-e-type=\"column\">\n\t\t\t<div class=\"elementor-widget-wrap elementor-element-populated\">\n\t\t\t\t\t\t<div class=\"elementor-element elementor-element-363979bf elementor-widget elementor-widget-image\" data-id=\"363979bf\" data-element_type=\"widget\" data-e-type=\"widget\" data-widget_type=\"image.default\">\n\t\t\t\t<div class=\"elementor-widget-container\">\n\t\t\t\t\t\t\t\t\t\t\t\t\t\t\t<img loading=\"lazy\" decoding=\"async\" width=\"400\" height=\"300\" src=\"https:\/\/kultur-schloss-theuern.de\/wp-content\/uploads\/2022\/06\/Projekt-Schlaugaertner_neu.jpeg\" class=\"attachment-large size-large wp-image-1085\" alt=\"Gemaltes Bild\" srcset=\"https:\/\/kultur-schloss-theuern.de\/wp-content\/uploads\/2022\/06\/Projekt-Schlaugaertner_neu.jpeg 400w, https:\/\/kultur-schloss-theuern.de\/wp-content\/uploads\/2022\/06\/Projekt-Schlaugaertner_neu-300x225.jpeg 300w\" sizes=\"(max-width: 400px) 100vw, 400px\" \/>\t\t\t\t\t\t\t\t\t\t\t\t\t\t\t<\/div>\n\t\t\t\t<\/div>\n\t\t\t\t\t<\/div>\n\t\t<\/div>\n\t\t\t\t<div class=\"elementor-column elementor-col-20 elementor-top-column elementor-element elementor-element-4a42c3b\" data-id=\"4a42c3b\" data-element_type=\"column\" data-e-type=\"column\">\n\t\t\t<div class=\"elementor-widget-wrap elementor-element-populated\">\n\t\t\t\t\t\t<div class=\"elementor-element elementor-element-80fd0c4 elementor-widget elementor-widget-image\" data-id=\"80fd0c4\" data-element_type=\"widget\" data-e-type=\"widget\" data-widget_type=\"image.default\">\n\t\t\t\t<div class=\"elementor-widget-container\">\n\t\t\t\t\t\t\t\t\t\t\t\t\t\t\t<img loading=\"lazy\" decoding=\"async\" width=\"400\" height=\"300\" src=\"https:\/\/kultur-schloss-theuern.de\/wp-content\/uploads\/2022\/06\/Projekt-Erde-Feuer-Wasser-Luft_neu.jpeg\" class=\"attachment-large size-large wp-image-1084\" alt=\"Gemaltes Bild\" srcset=\"https:\/\/kultur-schloss-theuern.de\/wp-content\/uploads\/2022\/06\/Projekt-Erde-Feuer-Wasser-Luft_neu.jpeg 400w, https:\/\/kultur-schloss-theuern.de\/wp-content\/uploads\/2022\/06\/Projekt-Erde-Feuer-Wasser-Luft_neu-300x225.jpeg 300w\" sizes=\"(max-width: 400px) 100vw, 400px\" \/>\t\t\t\t\t\t\t\t\t\t\t\t\t\t\t<\/div>\n\t\t\t\t<\/div>\n\t\t\t\t\t<\/div>\n\t\t<\/div>\n\t\t\t\t<div class=\"elementor-column elementor-col-20 elementor-top-column elementor-element elementor-element-32af0069\" data-id=\"32af0069\" data-element_type=\"column\" data-e-type=\"column\">\n\t\t\t<div class=\"elementor-widget-wrap elementor-element-populated\">\n\t\t\t\t\t\t<div class=\"elementor-element elementor-element-7132c1fd elementor-widget elementor-widget-image\" data-id=\"7132c1fd\" data-element_type=\"widget\" data-e-type=\"widget\" data-widget_type=\"image.default\">\n\t\t\t\t<div class=\"elementor-widget-container\">\n\t\t\t\t\t\t\t\t\t\t\t\t\t\t\t<img loading=\"lazy\" decoding=\"async\" width=\"400\" height=\"300\" src=\"https:\/\/kultur-schloss-theuern.de\/wp-content\/uploads\/2022\/06\/Familiennachmittag_neu.jpeg\" class=\"attachment-large size-large wp-image-1083\" alt=\"Kinderzeichnung\" srcset=\"https:\/\/kultur-schloss-theuern.de\/wp-content\/uploads\/2022\/06\/Familiennachmittag_neu.jpeg 400w, https:\/\/kultur-schloss-theuern.de\/wp-content\/uploads\/2022\/06\/Familiennachmittag_neu-300x225.jpeg 300w\" sizes=\"(max-width: 400px) 100vw, 400px\" \/>\t\t\t\t\t\t\t\t\t\t\t\t\t\t\t<\/div>\n\t\t\t\t<\/div>\n\t\t\t\t\t<\/div>\n\t\t<\/div>\n\t\t\t\t\t<\/div>\n\t\t<\/section>\n\t\t\t\t<section class=\"elementor-section elementor-inner-section elementor-element elementor-element-5cd9f5d elementor-section-boxed elementor-section-height-default elementor-section-height-default parallax_section_no qode_elementor_container_no\" data-id=\"5cd9f5d\" data-element_type=\"section\" data-e-type=\"section\">\n\t\t\t\t\t\t<div class=\"elementor-container elementor-column-gap-default\">\n\t\t\t\t\t<div class=\"elementor-column elementor-col-100 elementor-inner-column elementor-element elementor-element-86e619f\" data-id=\"86e619f\" data-element_type=\"column\" data-e-type=\"column\">\n\t\t\t<div class=\"elementor-widget-wrap elementor-element-populated\">\n\t\t\t\t\t\t<div class=\"elementor-element elementor-element-db93c40 elementor-widget elementor-widget-text-editor\" data-id=\"db93c40\" data-element_type=\"widget\" data-e-type=\"widget\" data-widget_type=\"text-editor.default\">\n\t\t\t\t<div class=\"elementor-widget-container\">\n\t\t\t\t\t\t\t\t\t<h5>UNSERE<\/h5>\n<h2>Montankiste<\/h2>\t\t\t\t\t\t\t\t<\/div>\n\t\t\t\t<\/div>\n\t\t\t\t\t<\/div>\n\t\t<\/div>\n\t\t\t\t\t<\/div>\n\t\t<\/section>\n\t\t\t\t<section class=\"elementor-section elementor-inner-section elementor-element elementor-element-833f5a7 elementor-section-boxed elementor-section-height-default elementor-section-height-default parallax_section_no qode_elementor_container_no\" data-id=\"833f5a7\" data-element_type=\"section\" data-e-type=\"section\">\n\t\t\t\t\t\t<div class=\"elementor-container elementor-column-gap-default\">\n\t\t\t\t\t<div class=\"elementor-column elementor-col-33 elementor-inner-column elementor-element elementor-element-e8c6d71\" data-id=\"e8c6d71\" data-element_type=\"column\" data-e-type=\"column\">\n\t\t\t<div class=\"elementor-widget-wrap elementor-element-populated\">\n\t\t\t\t\t\t<div class=\"elementor-element elementor-element-68e14dc elementor-widget elementor-widget-video\" data-id=\"68e14dc\" data-element_type=\"widget\" data-e-type=\"widget\" data-settings=\"{&quot;video_type&quot;:&quot;hosted&quot;,&quot;autoplay&quot;:&quot;yes&quot;,&quot;play_on_mobile&quot;:&quot;yes&quot;,&quot;mute&quot;:&quot;yes&quot;,&quot;loop&quot;:&quot;yes&quot;,&quot;controls&quot;:&quot;yes&quot;}\" data-widget_type=\"video.default\">\n\t\t\t\t<div class=\"elementor-widget-container\">\n\t\t\t\t\t\t\t<div class=\"e-hosted-video elementor-wrapper elementor-open-inline\">\n\t\t\t\t\t<video class=\"elementor-video\" src=\"https:\/\/kultur-schloss-theuern.de\/wp-content\/uploads\/2024\/08\/Montankiste.mp4\" autoplay=\"\" loop=\"\" controls=\"\" muted=\"muted\" playsinline=\"\" controlsList=\"nodownload\"><\/video>\n\t\t\t\t<\/div>\n\t\t\t\t\t\t<\/div>\n\t\t\t\t<\/div>\n\t\t\t\t\t<\/div>\n\t\t<\/div>\n\t\t\t\t<div class=\"elementor-column elementor-col-33 elementor-inner-column elementor-element elementor-element-57dc6f0\" data-id=\"57dc6f0\" data-element_type=\"column\" data-e-type=\"column\">\n\t\t\t<div class=\"elementor-widget-wrap elementor-element-populated\">\n\t\t\t\t\t\t<div class=\"elementor-element elementor-element-3326b3c elementor-widget__width-initial elementor-widget elementor-widget-text-editor\" data-id=\"3326b3c\" data-element_type=\"widget\" data-e-type=\"widget\" data-widget_type=\"text-editor.default\">\n\t\t\t\t<div class=\"elementor-widget-container\">\n\t\t\t\t\t\t\t\t\t<p><span style=\"font-size: 14pt;\">Die Montankiste (siehe Video links) ist eine&nbsp;<\/span><span style=\"font-size: 14pt;\">Nachempfindung einer fr\u00fcher genutzten Bergmannskiste. Sie enth\u00e4lt viele Objekte&nbsp;<\/span><span style=\"font-size: 14pt;\">zum Anfassen und Anziehen, wie eine Bergmannstracht mit Schachthut und&nbsp;<\/span><span style=\"font-size: 14pt;\">Federbuschen, die Arbeitsjacke eines Bergmannes oder die Schutzausr\u00fcstung eines S<\/span><span style=\"font-size: 14pt;\">chmelzers. Aber es soll auch mit allen Sinnen gelernt werden: Zum F\u00fchlen und&nbsp;<\/span><span style=\"font-size: 14pt;\">Riechen k\u00f6nnen wir Erzbrocken, Schlacke, Eisen und Karbid aus der Kiste holen.<\/span><\/p>\n<p><span style=\"font-size:14.0pt\"><br>Und mit Hilfe von Tablets (siehe Video rechts) wird in Gruppenarbeiten recherchiert: Durch Scannen des QR-Codes auf den Gegenst\u00e4nden k\u00f6nnen die Sch\u00fclerinnen und Sch\u00fcler interaktiv mehr \u00fcber die gezeigten Dinge erfahren: Filmbeitr\u00e4ge erkl\u00e4ren die Traditionen<br>im Bergbau und warum er so wichtig f\u00fcr unsere Region ist. Mithilfe von augmented Reality k\u00f6nnen die Lernenden Gegenst\u00e4nde und Personen sogar in das Klassenzimmer transferieren.&nbsp;<\/span><\/p>\n<p><span style=\"font-size:14.0pt\"><br><\/span><\/p>\n<p><span style=\"font-size:14.0pt\">Wir kommen gerne auch in Ihre Schule und zeigen in Abstimmung mit den Lehrenden unsere Montankiste.<o:p><\/o:p><\/span><\/p>\n<p><span style=\"font-size:14.0pt\">&nbsp;<\/span><\/p>\n<p><\/p>\n<p><span style=\"font-size:14.0pt\">Preis pro Sch\u00fcler 5,00 Euro<o:p><\/o:p><\/span><\/p>\n<p><\/p>\t\t\t\t\t\t\t\t<\/div>\n\t\t\t\t<\/div>\n\t\t\t\t\t<\/div>\n\t\t<\/div>\n\t\t\t\t<div class=\"elementor-column elementor-col-33 elementor-inner-column elementor-element elementor-element-f8d548e\" data-id=\"f8d548e\" data-element_type=\"column\" data-e-type=\"column\">\n\t\t\t<div class=\"elementor-widget-wrap elementor-element-populated\">\n\t\t\t\t\t\t<div class=\"elementor-element elementor-element-0db6452 elementor-widget elementor-widget-video\" data-id=\"0db6452\" data-element_type=\"widget\" data-e-type=\"widget\" data-settings=\"{&quot;video_type&quot;:&quot;hosted&quot;,&quot;autoplay&quot;:&quot;yes&quot;,&quot;play_on_mobile&quot;:&quot;yes&quot;,&quot;mute&quot;:&quot;yes&quot;,&quot;loop&quot;:&quot;yes&quot;,&quot;controls&quot;:&quot;yes&quot;}\" data-widget_type=\"video.default\">\n\t\t\t\t<div class=\"elementor-widget-container\">\n\t\t\t\t\t\t\t<div class=\"e-hosted-video elementor-wrapper elementor-open-inline\">\n\t\t\t\t\t<video class=\"elementor-video\" src=\"https:\/\/kultur-schloss-theuern.de\/wp-content\/uploads\/2024\/08\/Trailer.mp4\" autoplay=\"\" loop=\"\" controls=\"\" muted=\"muted\" playsinline=\"\" controlsList=\"nodownload\"><\/video>\n\t\t\t\t<\/div>\n\t\t\t\t\t\t<\/div>\n\t\t\t\t<\/div>\n\t\t\t\t\t<\/div>\n\t\t<\/div>\n\t\t\t\t\t<\/div>\n\t\t<\/section>\n\t\t\t\t<\/div>\n\t\t","protected":false},"excerpt":{"rendered":"<p>UNSERE MUSEUMSP\u00c4DAGOGIK Das Bergbau- und Industriemuseum Ostbayern bietet seinen Besucherinnen und Besuchern vielf\u00e4ltige M\u00f6glichkeiten Neues zu entdecken, sich als Forscher zu versuchen sowie selbst auszuprobieren und zu gestalten. Das Angebot richtet sich hierbei mit zielgruppenorientierten Aktionen an unterschiedliche Altersgruppen und l\u00e4sst Jung und Alt eintauchen&#8230;<\/p>","protected":false},"author":1,"featured_media":0,"parent":0,"menu_order":-1,"comment_status":"closed","ping_status":"closed","template":"","meta":{"footnotes":""},"class_list":["post-1038","page","type-page","status-publish","hentry"],"_links":{"self":[{"href":"https:\/\/kultur-schloss-theuern.de\/en\/wp-json\/wp\/v2\/pages\/1038","targetHints":{"allow":["GET"]}}],"collection":[{"href":"https:\/\/kultur-schloss-theuern.de\/en\/wp-json\/wp\/v2\/pages"}],"about":[{"href":"https:\/\/kultur-schloss-theuern.de\/en\/wp-json\/wp\/v2\/types\/page"}],"author":[{"embeddable":true,"href":"https:\/\/kultur-schloss-theuern.de\/en\/wp-json\/wp\/v2\/users\/1"}],"replies":[{"embeddable":true,"href":"https:\/\/kultur-schloss-theuern.de\/en\/wp-json\/wp\/v2\/comments?post=1038"}],"version-history":[{"count":161,"href":"https:\/\/kultur-schloss-theuern.de\/en\/wp-json\/wp\/v2\/pages\/1038\/revisions"}],"predecessor-version":[{"id":3570,"href":"https:\/\/kultur-schloss-theuern.de\/en\/wp-json\/wp\/v2\/pages\/1038\/revisions\/3570"}],"wp:attachment":[{"href":"https:\/\/kultur-schloss-theuern.de\/en\/wp-json\/wp\/v2\/media?parent=1038"}],"curies":[{"name":"wp","href":"https:\/\/api.w.org\/{rel}","templated":true}]}}